{"id":23307,"date":"2021-02-21T14:50:10","date_gmt":"2021-02-21T14:50:10","guid":{"rendered":"https:\/\/www.autonvaraosahaku.fi\/?product=hella-6pp-009-409-171-anturit-sensorit"},"modified":"2021-02-21T14:50:12","modified_gmt":"2021-02-21T14:50:12","slug":"hella-6pp-009-409-171-anturit-sensorit","status":"publish","type":"product","link":"https:\/\/www.autonvaraosahaku.fi\/?product=hella-6pp-009-409-171-anturit-sensorit","title":{"rendered":"HELLA 6PP 009 409-171 Anturit (sensorit)"},"content":{"rendered":"<p>Asennusmalli: Poltti\/ruuvi; Napojen m\u00e4\u00e4r\u00e4: 3; Valmistusvuoteen: 12\/2017; JEEP: GRAND CHEROKEE III WH, WK,COMPASS MK49,GRAND CHEROKEE IV WK, WK2,WRANGLER III JK,COMMANDER XK,PATRIOT MK74,CHEROKEE KK; MERCEDES-BENZ: C-CLASS W203,E-CLASS W211,C-CLASS W204,A-CLASS W169,B-CLASS W245,C-CLASS T-Model S204,C-CLASS T-Model S203,E-CLASS T-Model S211,E-CLASS W212,VIANO W639,M-CLASS W164,C-CLASS Coupe CL203,E-CLASS T-Model S212,GLK-CLASS X204,VITO Bus W639,CLK C209,S-CLASS W220,VITO \/ MIXTO Kasten W639,SPRINTER 3,5-t Kasten 906,S-CLASS W221,CLS C219,R-CLASS W251, V251,M-CLASS W166,E-CLASS Coupe C207,CLK Cabriolet A209,C-CLASS Coupe C204,SPRINTER 3,5-t Bus 906,SPRINTER 3-t Kasten 906,SLK R172,E-CLASS Cabriolet A207,CLC-CLASS CL203,GL-CLASS X164,CLS C218,SPRINTER 3,5-t Pritsche\/Fahrgestell 906,SPRINTER 3-t Bus 906,CLS Shooting Brake X218,SPRINTER 5-t Kasten 906,SPRINTER 5-t Pritsche\/Fahrgestell 906,SPRINTER 3-t Pritsche\/Fahrgestell 906,SPRINTER 4,6-t Pritsche\/Fahrgestell 906,SPRINTER 4,6-t Kasten 906,SLC R172; CHRYSLER: 300 C Touring LX,GRAND VOYAGER V RT,300 C LX; LANCIA: VOYAGER Gro\u00dfraumlimousine RT; SMART: FORTWO Coupe 451,FORFOUR 454,FORTWO Cabrio 451; DODGE: CALIBER,NITRO; 05149278AB, 56044587AA, 56044587AB, K05146187AD, K05149278AB, K05146187AD, K05149278AB, K05149235AB, K05149277AB, K05149278AB, K56044587AA, K56044587AB, K68078181AA, K05146187AD, K05149278AB, 0041539528, 0051537428, 0051537728, 0061534928, 0061539528, 0071536128, 6429050100, A0041539528, A0051537428, A0051537728, A0061534928, A0061539528, A0071536128, A6429050100, A0041539528, A0051537428, A0051537728, A0061534928, A0061539528, A0071536128, A6429050100; Sensori Pakokaasupaine<\/p>\n","protected":false},"excerpt":{"rendered":"<p>HELLA DPF Paine-Eroanturi 6PP 009 409-171 Sensori Pakokaasupaine JEEP,MERCEDES-BENZ,CHRYSLER,GRAND CHEROKEE III WH, WK,COMPASS MK49<\/p>\n","protected":false},"featured_media":0,"template":"","meta":{"site-sidebar-layout":"default","site-content-layout":"default","ast-global-header-display":"","ast-main-header-display":"","ast-hfb-above-header-display":"","ast-hfb-below-header-display":"","ast-hfb-mobile-header-display":"","site-post-title":"","ast-breadcrumbs-content":"","ast-featured-img":"","footer-sml-layout":"","theme-transparent-header-meta":"","adv-header-id-meta":"","stick-header-meta":"","header-above-stick-meta":"","header-main-stick-meta":"","header-below-stick-meta":""},"pwb-brand":[24],"product_cat":[98],"product_tag":[],"class_list":{"0":"post-23307","1":"product","2":"type-product","3":"status-publish","5":"pwb-brand-hella","6":"product_cat-anturit-sensorit","7":"desktop-align-left","8":"tablet-align-left","9":"mobile-align-left","11":"first","12":"instock","13":"product-type-external"},"brands":[{"id":24,"name":"HELLA","slug":"hella"}],"_links":{"self":[{"href":"https:\/\/www.autonvaraosahaku.fi\/index.php?rest_route=\/wp\/v2\/product\/23307","targetHints":{"allow":["GET"]}}],"collection":[{"href":"https:\/\/www.autonvaraosahaku.fi\/index.php?rest_route=\/wp\/v2\/product"}],"about":[{"href":"https:\/\/www.autonvaraosahaku.fi\/index.php?rest_route=\/wp\/v2\/types\/product"}],"wp:attachment":[{"href":"https:\/\/www.autonvaraosahaku.fi\/index.php?rest_route=%2Fwp%2Fv2%2Fmedia&parent=23307"}],"wp:term":[{"taxonomy":"pwb-brand","embeddable":true,"href":"https:\/\/www.autonvaraosahaku.fi\/index.php?rest_route=%2Fwp%2Fv2%2Fpwb-brand&post=23307"},{"taxonomy":"product_cat","embeddable":true,"href":"https:\/\/www.autonvaraosahaku.fi\/index.php?rest_route=%2Fwp%2Fv2%2Fproduct_cat&post=23307"},{"taxonomy":"product_tag","embeddable":true,"href":"https:\/\/www.autonvaraosahaku.fi\/index.php?rest_route=%2Fwp%2Fv2%2Fproduct_tag&post=23307"}],"curies":[{"name":"wp","href":"https:\/\/api.w.org\/{rel}","templated":true}]}}