{"id":23325,"date":"2021-02-21T14:50:14","date_gmt":"2021-02-21T14:50:14","guid":{"rendered":"https:\/\/www.autonvaraosahaku.fi\/?product=ridex-514g0111-konepellin-kaasujousi"},"modified":"2021-02-21T14:50:15","modified_gmt":"2021-02-21T14:50:15","slug":"ridex-514g0111-konepellin-kaasujousi","status":"publish","type":"product","link":"https:\/\/www.autonvaraosahaku.fi\/?product=ridex-514g0111-konepellin-kaasujousi","title":{"rendered":"RIDEX 514G0111 Konepellin kaasujousi"},"content":{"rendered":"<p>M\u00e4\u00e4r\u00e4: 2; Pituus (mm): 442,5; Kotelon pituus [mm]: 265,5; Kiinnityspisteiden l\u00e4pimitta [mm]: 8; Kopan l\u00e4pimitta (mm): 15; M\u00e4nn\u00e4nvarren l\u00e4pimitta [mm]: 6; Ty\u00f6nt\u00f6voima [N]: 380; Asennuspuoli: Molemminpuolin; Isku (mm): 150; Paino [kg]: 0,17; Moottorinumero: M10; BMW: 5 E28; 51231868555, 51231907962, 51231927129; Kaasujousi, Konepelti<\/p>\n","protected":false},"excerpt":{"rendered":"<p>RIDEX Konepellin Kaasujousi 514G0111 Kaasujousi, Konepelti BMW,5 E28<\/p>\n","protected":false},"featured_media":0,"template":"","meta":{"site-sidebar-layout":"default","site-content-layout":"default","ast-global-header-display":"","ast-main-header-display":"","ast-hfb-above-header-display":"","ast-hfb-below-header-display":"","ast-hfb-mobile-header-display":"","site-post-title":"","ast-breadcrumbs-content":"","ast-featured-img":"","footer-sml-layout":"","theme-transparent-header-meta":"","adv-header-id-meta":"","stick-header-meta":"","header-above-stick-meta":"","header-main-stick-meta":"","header-below-stick-meta":""},"pwb-brand":[157],"product_cat":[194],"product_tag":[],"class_list":{"0":"post-23325","1":"product","2":"type-product","3":"status-publish","5":"pwb-brand-ridex","6":"product_cat-konepellin-kaasujousi","7":"desktop-align-left","8":"tablet-align-left","9":"mobile-align-left","11":"first","12":"instock","13":"product-type-external"},"brands":[{"id":157,"name":"RIDEX","slug":"ridex"}],"_links":{"self":[{"href":"https:\/\/www.autonvaraosahaku.fi\/index.php?rest_route=\/wp\/v2\/product\/23325","targetHints":{"allow":["GET"]}}],"collection":[{"href":"https:\/\/www.autonvaraosahaku.fi\/index.php?rest_route=\/wp\/v2\/product"}],"about":[{"href":"https:\/\/www.autonvaraosahaku.fi\/index.php?rest_route=\/wp\/v2\/types\/product"}],"wp:attachment":[{"href":"https:\/\/www.autonvaraosahaku.fi\/index.php?rest_route=%2Fwp%2Fv2%2Fmedia&parent=23325"}],"wp:term":[{"taxonomy":"pwb-brand","embeddable":true,"href":"https:\/\/www.autonvaraosahaku.fi\/index.php?rest_route=%2Fwp%2Fv2%2Fpwb-brand&post=23325"},{"taxonomy":"product_cat","embeddable":true,"href":"https:\/\/www.autonvaraosahaku.fi\/index.php?rest_route=%2Fwp%2Fv2%2Fproduct_cat&post=23325"},{"taxonomy":"product_tag","embeddable":true,"href":"https:\/\/www.autonvaraosahaku.fi\/index.php?rest_route=%2Fwp%2Fv2%2Fproduct_tag&post=23325"}],"curies":[{"name":"wp","href":"https:\/\/api.w.org\/{rel}","templated":true}]}}