{"id":23335,"date":"2021-02-21T14:50:14","date_gmt":"2021-02-21T14:50:14","guid":{"rendered":"https:\/\/www.autonvaraosahaku.fi\/?product=kavo-parts-bd-8863-jarrurumpu"},"modified":"2021-02-21T14:50:16","modified_gmt":"2021-02-21T14:50:16","slug":"kavo-parts-bd-8863-jarrurumpu","status":"publish","type":"product","link":"https:\/\/www.autonvaraosahaku.fi\/?product=kavo-parts-bd-8863-jarrurumpu","title":{"rendered":"KAVO PARTS BD-8863 Jarrurumpu"},"content":{"rendered":"<p>L\u00e4pimitta [mm]: 220; Korkeus (mm): 59; Rumpul\u00e4pimitta: 40,5; J-rumpu sis\u00e4leveys [mm]: 40,5; Reikien m\u00e4\u00e4r\u00e4: 5; Reik\u00e4ympyr\u00e4-\u00d8 [mm]: 114,3; Navan l\u00e4pimitta 1 [mm]: 62; Asennuspuoli: Hinterachse; SUZUKI: SX4 EY, GY,SX4 Stufenheck GY; 71742701, 4351179J00, 71742701<\/p>\n","protected":false},"excerpt":{"rendered":"<p>KAVO PARTS Jarrurumpu BD-8863  SUZUKI,SX4 EY, GY,SX4 Stufenheck GY<\/p>\n","protected":false},"featured_media":0,"template":"","meta":{"site-sidebar-layout":"default","site-content-layout":"default","ast-global-header-display":"","ast-main-header-display":"","ast-hfb-above-header-display":"","ast-hfb-below-header-display":"","ast-hfb-mobile-header-display":"","site-post-title":"","ast-breadcrumbs-content":"","ast-featured-img":"","footer-sml-layout":"","theme-transparent-header-meta":"","adv-header-id-meta":"","stick-header-meta":"","header-above-stick-meta":"","header-main-stick-meta":"","header-below-stick-meta":""},"pwb-brand":[419],"product_cat":[304],"product_tag":[],"class_list":{"0":"post-23335","1":"product","2":"type-product","3":"status-publish","5":"pwb-brand-kavo-parts","6":"product_cat-jarrurumpu","7":"desktop-align-left","8":"tablet-align-left","9":"mobile-align-left","11":"first","12":"instock","13":"product-type-external"},"brands":[{"id":419,"name":"KAVO PARTS","slug":"kavo-parts"}],"_links":{"self":[{"href":"https:\/\/www.autonvaraosahaku.fi\/index.php?rest_route=\/wp\/v2\/product\/23335","targetHints":{"allow":["GET"]}}],"collection":[{"href":"https:\/\/www.autonvaraosahaku.fi\/index.php?rest_route=\/wp\/v2\/product"}],"about":[{"href":"https:\/\/www.autonvaraosahaku.fi\/index.php?rest_route=\/wp\/v2\/types\/product"}],"wp:attachment":[{"href":"https:\/\/www.autonvaraosahaku.fi\/index.php?rest_route=%2Fwp%2Fv2%2Fmedia&parent=23335"}],"wp:term":[{"taxonomy":"pwb-brand","embeddable":true,"href":"https:\/\/www.autonvaraosahaku.fi\/index.php?rest_route=%2Fwp%2Fv2%2Fpwb-brand&post=23335"},{"taxonomy":"product_cat","embeddable":true,"href":"https:\/\/www.autonvaraosahaku.fi\/index.php?rest_route=%2Fwp%2Fv2%2Fproduct_cat&post=23335"},{"taxonomy":"product_tag","embeddable":true,"href":"https:\/\/www.autonvaraosahaku.fi\/index.php?rest_route=%2Fwp%2Fv2%2Fproduct_tag&post=23335"}],"curies":[{"name":"wp","href":"https:\/\/api.w.org\/{rel}","templated":true}]}}