{"id":23380,"date":"2021-02-21T14:50:26","date_gmt":"2021-02-21T14:50:26","guid":{"rendered":"https:\/\/www.autonvaraosahaku.fi\/?product=dakatec-290006-kardaanin-kuminivel"},"modified":"2021-02-21T14:50:27","modified_gmt":"2021-02-21T14:50:27","slug":"dakatec-290006-kardaanin-kuminivel","status":"publish","type":"product","link":"https:\/\/www.autonvaraosahaku.fi\/?product=dakatec-290006-kardaanin-kuminivel","title":{"rendered":"DAKAtec 290006 Kardaanin kuminivel"},"content":{"rendered":"<p>Asennuspuoli: Edess\u00e4; Reikien m\u00e4\u00e4r\u00e4: 6; Reik\u00e4ympyr\u00e4-\u00d8 [mm]: 90,0; Nivelmalli: Kumi-\/Hardynivel; Korvaava tuote\/korvaava tiedote 2: Ruuveilla; Paino [g]: 1500; Moottorinumero: M 102.961; MERCEDES-BENZ: 190 W201,Stufenheck W124,Stufenheck W123,S-CLASS W126,KOMBI Kombi S124,E-CLASS W124,COUPE C124,E-CLASS Kombi S124,E-CLASS Cabriolet A124,E-CLASS Coupe C124; 1244100115, 1244100615, 1244100715, 1264100515, 2014101815, A1244100115, A1244100615, A1244100715, A1264100515; R\u00e4ttinivel,Nivel, Pitkitt\u00e4isakseli<\/p>\n","protected":false},"excerpt":{"rendered":"<p>DAKAtec Kardaanin Kuminivel 290006 R\u00e4ttinivel,Nivel, Pitkitt\u00e4isakseli MERCEDES-BENZ,190 W201,Stufenheck W124,Stufenheck W123,S-CLASS W126<\/p>\n","protected":false},"featured_media":0,"template":"","meta":{"site-sidebar-layout":"default","site-content-layout":"default","ast-global-header-display":"","ast-main-header-display":"","ast-hfb-above-header-display":"","ast-hfb-below-header-display":"","ast-hfb-mobile-header-display":"","site-post-title":"","ast-breadcrumbs-content":"","ast-featured-img":"","footer-sml-layout":"","theme-transparent-header-meta":"","adv-header-id-meta":"","stick-header-meta":"","header-above-stick-meta":"","header-main-stick-meta":"","header-below-stick-meta":""},"pwb-brand":[283],"product_cat":[56],"product_tag":[],"class_list":{"0":"post-23380","1":"product","2":"type-product","3":"status-publish","5":"pwb-brand-dakatec","6":"product_cat-kardaanin-kuminivel","7":"desktop-align-left","8":"tablet-align-left","9":"mobile-align-left","11":"first","12":"instock","13":"product-type-external"},"brands":[{"id":283,"name":"DAKAtec","slug":"dakatec"}],"_links":{"self":[{"href":"https:\/\/www.autonvaraosahaku.fi\/index.php?rest_route=\/wp\/v2\/product\/23380","targetHints":{"allow":["GET"]}}],"collection":[{"href":"https:\/\/www.autonvaraosahaku.fi\/index.php?rest_route=\/wp\/v2\/product"}],"about":[{"href":"https:\/\/www.autonvaraosahaku.fi\/index.php?rest_route=\/wp\/v2\/types\/product"}],"wp:attachment":[{"href":"https:\/\/www.autonvaraosahaku.fi\/index.php?rest_route=%2Fwp%2Fv2%2Fmedia&parent=23380"}],"wp:term":[{"taxonomy":"pwb-brand","embeddable":true,"href":"https:\/\/www.autonvaraosahaku.fi\/index.php?rest_route=%2Fwp%2Fv2%2Fpwb-brand&post=23380"},{"taxonomy":"product_cat","embeddable":true,"href":"https:\/\/www.autonvaraosahaku.fi\/index.php?rest_route=%2Fwp%2Fv2%2Fproduct_cat&post=23380"},{"taxonomy":"product_tag","embeddable":true,"href":"https:\/\/www.autonvaraosahaku.fi\/index.php?rest_route=%2Fwp%2Fv2%2Fproduct_tag&post=23380"}],"curies":[{"name":"wp","href":"https:\/\/api.w.org\/{rel}","templated":true}]}}