{"id":23440,"date":"2021-02-21T14:50:38","date_gmt":"2021-02-21T14:50:38","guid":{"rendered":"https:\/\/www.autonvaraosahaku.fi\/?product=tedgum-ted96589-kallistuksenvakaajan-puslat"},"modified":"2021-02-21T14:50:38","modified_gmt":"2021-02-21T14:50:38","slug":"tedgum-ted96589-kallistuksenvakaajan-puslat","status":"publish","type":"product","link":"https:\/\/www.autonvaraosahaku.fi\/?product=tedgum-ted96589-kallistuksenvakaajan-puslat","title":{"rendered":"TEDGUM TED96589 Kallistuksenvakaajan puslat"},"content":{"rendered":"<p>Asennuspuoli: Taka-akseli, molemminpuolinen, Sisempi; Kiinnitysmalli: Kumilaakeri; Materiaali: Kumi; Tarvittava kappalem\u00e4\u00e4r\u00e4: 2; Kallistuksenvakaajan l\u00e4pimitta [mm]: 15; ALFA ROMEO: GIULIETTA 940; 50518563; Kallistuksenvakaajan Kumit,Vakaajan Hela<\/p>\n","protected":false},"excerpt":{"rendered":"<p>TEDGUM Kallistuksenvakaajan Puslat TED96589 Kallistuksenvakaajan Kumit,Vakaajan Hela ALFA ROMEO,GIULIETTA 940<\/p>\n","protected":false},"featured_media":0,"template":"","meta":{"site-sidebar-layout":"default","site-content-layout":"default","ast-global-header-display":"","ast-main-header-display":"","ast-hfb-above-header-display":"","ast-hfb-below-header-display":"","ast-hfb-mobile-header-display":"","site-post-title":"","ast-breadcrumbs-content":"","ast-featured-img":"","footer-sml-layout":"","theme-transparent-header-meta":"","adv-header-id-meta":"","stick-header-meta":"","header-above-stick-meta":"","header-main-stick-meta":"","header-below-stick-meta":""},"pwb-brand":[155],"product_cat":[82],"product_tag":[],"class_list":{"0":"post-23440","1":"product","2":"type-product","3":"status-publish","5":"pwb-brand-tedgum","6":"product_cat-kallistuksenvakaajan-puslat","7":"desktop-align-left","8":"tablet-align-left","9":"mobile-align-left","11":"first","12":"instock","13":"product-type-external"},"brands":[{"id":155,"name":"TEDGUM","slug":"tedgum"}],"_links":{"self":[{"href":"https:\/\/www.autonvaraosahaku.fi\/index.php?rest_route=\/wp\/v2\/product\/23440","targetHints":{"allow":["GET"]}}],"collection":[{"href":"https:\/\/www.autonvaraosahaku.fi\/index.php?rest_route=\/wp\/v2\/product"}],"about":[{"href":"https:\/\/www.autonvaraosahaku.fi\/index.php?rest_route=\/wp\/v2\/types\/product"}],"wp:attachment":[{"href":"https:\/\/www.autonvaraosahaku.fi\/index.php?rest_route=%2Fwp%2Fv2%2Fmedia&parent=23440"}],"wp:term":[{"taxonomy":"pwb-brand","embeddable":true,"href":"https:\/\/www.autonvaraosahaku.fi\/index.php?rest_route=%2Fwp%2Fv2%2Fpwb-brand&post=23440"},{"taxonomy":"product_cat","embeddable":true,"href":"https:\/\/www.autonvaraosahaku.fi\/index.php?rest_route=%2Fwp%2Fv2%2Fproduct_cat&post=23440"},{"taxonomy":"product_tag","embeddable":true,"href":"https:\/\/www.autonvaraosahaku.fi\/index.php?rest_route=%2Fwp%2Fv2%2Fproduct_tag&post=23440"}],"curies":[{"name":"wp","href":"https:\/\/api.w.org\/{rel}","templated":true}]}}