{"id":23452,"date":"2021-02-21T14:50:38","date_gmt":"2021-02-21T14:50:38","guid":{"rendered":"https:\/\/www.autonvaraosahaku.fi\/?product=era-460158a-tuulilasin-pyyhkimen-moottori"},"modified":"2021-02-21T14:50:40","modified_gmt":"2021-02-21T14:50:40","slug":"era-460158a-tuulilasin-pyyhkimen-moottori","status":"publish","type":"product","link":"https:\/\/www.autonvaraosahaku.fi\/?product=era-460158a-tuulilasin-pyyhkimen-moottori","title":{"rendered":"ERA 460158A Tuulilasin pyyhkimen moottori"},"content":{"rendered":"<p>J\u00e4nnite (V): 12; Asennuspuoli: Edess\u00e4; Liitinkierre: M6x1; Reikien m\u00e4\u00e4r\u00e4: 3; Vasen \/ oikea liikenne: Oikean-\/vasemmanpuolinen ohjaus; Liittimi\u00e4: 4; RENAULT: SC\u00c9NIC II JM0\/1_,GRAND SC\u00c9NIC II JM0\/1_; 7701056003; Pyyhkij\u00e4n Moottori<\/p>\n","protected":false},"excerpt":{"rendered":"<p>ERA Tuulilasin Pyyhkimen Moottori 460158A Pyyhkij\u00e4n Moottori RENAULT,SC\u00c9NIC II JM0\/1_,GRAND SC\u00c9NIC II JM0\/1_<\/p>\n","protected":false},"featured_media":0,"template":"","meta":{"site-sidebar-layout":"default","site-content-layout":"default","ast-global-header-display":"","ast-main-header-display":"","ast-hfb-above-header-display":"","ast-hfb-below-header-display":"","ast-hfb-mobile-header-display":"","site-post-title":"","ast-breadcrumbs-content":"","ast-featured-img":"","footer-sml-layout":"","theme-transparent-header-meta":"","adv-header-id-meta":"","stick-header-meta":"","header-above-stick-meta":"","header-main-stick-meta":"","header-below-stick-meta":""},"pwb-brand":[64],"product_cat":[32],"product_tag":[],"class_list":{"0":"post-23452","1":"product","2":"type-product","3":"status-publish","5":"pwb-brand-era","6":"product_cat-tuulilasin-pyyhkimen-moottori","7":"desktop-align-left","8":"tablet-align-left","9":"mobile-align-left","11":"first","12":"instock","13":"product-type-external"},"brands":[{"id":64,"name":"ERA","slug":"era"}],"_links":{"self":[{"href":"https:\/\/www.autonvaraosahaku.fi\/index.php?rest_route=\/wp\/v2\/product\/23452","targetHints":{"allow":["GET"]}}],"collection":[{"href":"https:\/\/www.autonvaraosahaku.fi\/index.php?rest_route=\/wp\/v2\/product"}],"about":[{"href":"https:\/\/www.autonvaraosahaku.fi\/index.php?rest_route=\/wp\/v2\/types\/product"}],"wp:attachment":[{"href":"https:\/\/www.autonvaraosahaku.fi\/index.php?rest_route=%2Fwp%2Fv2%2Fmedia&parent=23452"}],"wp:term":[{"taxonomy":"pwb-brand","embeddable":true,"href":"https:\/\/www.autonvaraosahaku.fi\/index.php?rest_route=%2Fwp%2Fv2%2Fpwb-brand&post=23452"},{"taxonomy":"product_cat","embeddable":true,"href":"https:\/\/www.autonvaraosahaku.fi\/index.php?rest_route=%2Fwp%2Fv2%2Fproduct_cat&post=23452"},{"taxonomy":"product_tag","embeddable":true,"href":"https:\/\/www.autonvaraosahaku.fi\/index.php?rest_route=%2Fwp%2Fv2%2Fproduct_tag&post=23452"}],"curies":[{"name":"wp","href":"https:\/\/api.w.org\/{rel}","templated":true}]}}