{"id":23462,"date":"2021-02-21T14:50:42","date_gmt":"2021-02-21T14:50:42","guid":{"rendered":"https:\/\/www.autonvaraosahaku.fi\/?product=meyle-16-14-498-0065-vetonivel"},"modified":"2021-02-21T14:50:42","modified_gmt":"2021-02-21T14:50:42","slug":"meyle-16-14-498-0065-vetonivel","status":"publish","type":"product","link":"https:\/\/www.autonvaraosahaku.fi\/?product=meyle-16-14-498-0065-vetonivel","title":{"rendered":"MEYLE 16-14 498 0065 Vetonivel"},"content":{"rendered":"<p>Asennuspuoli: Py\u00f6r\u00e4n puoli, Etuakseli; Ulkohammastus, py\u00f6r\u00e4npuoli: 31; Nivelmalli: Vakionopeusnivel; Pituus (mm): 164; Sis\u00e4hammastus, vaiht. kiinn.: 27; Ulkol\u00e4pimitta [mm]: 98; Vaihteistomalli: Schaltgetriebe; NISSAN: NV400 Kasten,NV400 Bus,NV400 Pritsche\/Fahrgestell; OPEL: MOVANO B Kasten,MOVANO B Bus,MOVANO B Pritsche\/Fahrgestell; RENAULT: MASTER III Kasten FV,MASTER III Bus JV,MASTER III Pritsche\/Fahrgestell EV, HV, UV; 3910100Q3G, 3910100Q4E, 3910100Q4F, 4406234, 4406518, 4420055, 4422058, 301012675R, 391012360R, 391012849R, 8200842365; Nivelsarja, Vetoakseli<\/p>\n","protected":false},"excerpt":{"rendered":"<p>MEYLE Vetonivel MEYLE-ORIGINAL: True to OE. 16-14 498 0065 Nivelsarja, Vetoakseli NISSAN,OPEL,RENAULT,NV400 Kasten,NV400 Bus<\/p>\n","protected":false},"featured_media":0,"template":"","meta":{"site-sidebar-layout":"default","site-content-layout":"default","ast-global-header-display":"","ast-main-header-display":"","ast-hfb-above-header-display":"","ast-hfb-below-header-display":"","ast-hfb-mobile-header-display":"","site-post-title":"","ast-breadcrumbs-content":"","ast-featured-img":"","footer-sml-layout":"","theme-transparent-header-meta":"","adv-header-id-meta":"","stick-header-meta":"","header-above-stick-meta":"","header-main-stick-meta":"","header-below-stick-meta":""},"pwb-brand":[84],"product_cat":[175],"product_tag":[],"class_list":{"0":"post-23462","1":"product","2":"type-product","3":"status-publish","5":"pwb-brand-meyle","6":"product_cat-vetonivel","7":"desktop-align-left","8":"tablet-align-left","9":"mobile-align-left","11":"first","12":"instock","13":"product-type-external"},"brands":[{"id":84,"name":"MEYLE","slug":"meyle"}],"_links":{"self":[{"href":"https:\/\/www.autonvaraosahaku.fi\/index.php?rest_route=\/wp\/v2\/product\/23462","targetHints":{"allow":["GET"]}}],"collection":[{"href":"https:\/\/www.autonvaraosahaku.fi\/index.php?rest_route=\/wp\/v2\/product"}],"about":[{"href":"https:\/\/www.autonvaraosahaku.fi\/index.php?rest_route=\/wp\/v2\/types\/product"}],"wp:attachment":[{"href":"https:\/\/www.autonvaraosahaku.fi\/index.php?rest_route=%2Fwp%2Fv2%2Fmedia&parent=23462"}],"wp:term":[{"taxonomy":"pwb-brand","embeddable":true,"href":"https:\/\/www.autonvaraosahaku.fi\/index.php?rest_route=%2Fwp%2Fv2%2Fpwb-brand&post=23462"},{"taxonomy":"product_cat","embeddable":true,"href":"https:\/\/www.autonvaraosahaku.fi\/index.php?rest_route=%2Fwp%2Fv2%2Fproduct_cat&post=23462"},{"taxonomy":"product_tag","embeddable":true,"href":"https:\/\/www.autonvaraosahaku.fi\/index.php?rest_route=%2Fwp%2Fv2%2Fproduct_tag&post=23462"}],"curies":[{"name":"wp","href":"https:\/\/api.w.org\/{rel}","templated":true}]}}