{"id":23498,"date":"2021-02-21T14:50:46","date_gmt":"2021-02-21T14:50:46","guid":{"rendered":"https:\/\/www.autonvaraosahaku.fi\/?product=as-pl-a1043-laturi"},"modified":"2021-02-21T14:50:48","modified_gmt":"2021-02-21T14:50:48","slug":"as-pl-a1043-laturi","status":"publish","type":"product","link":"https:\/\/www.autonvaraosahaku.fi\/?product=as-pl-a1043-laturi","title":{"rendered":"AS-PL A1043 Laturi"},"content":{"rendered":"<p>Pituus 1 (mm): 61,50; Pituus 2 (mm): 32,00; Pituus 3 [mm]: 58,00; J\u00e4nnite (V): 12; Laturi varausvirta (A): 120; Hihnapy\u00f6r\u00e4t: V\u00e4lihihnapy\u00f6r\u00e4ll\u00e4; Moottorinumero: Z20DMH; CHEVROLET: CAPTIVA C100, C140,NUBIRA Kombi,EPICA KL1_,LACETTI J200,NUBIRA Stufenheck,LACETTI Kombi J200; OPEL: ANTARA; VAUXHALL: ANTARA J26, H26; 96627029; Generaattori<\/p>\n","protected":false},"excerpt":{"rendered":"<p>AS-PL Laturi Brand new AS-PL Alternator S.R.E. bracket with rect. &#038; regu. A1043 Generaattori CHEVROLET,OPEL,VAUXHALL,CAPTIVA C100, C140,NUBIRA Kombi<\/p>\n","protected":false},"featured_media":0,"template":"","meta":{"site-sidebar-layout":"default","site-content-layout":"default","ast-global-header-display":"","ast-main-header-display":"","ast-hfb-above-header-display":"","ast-hfb-below-header-display":"","ast-hfb-mobile-header-display":"","site-post-title":"","ast-breadcrumbs-content":"","ast-featured-img":"","footer-sml-layout":"","theme-transparent-header-meta":"","adv-header-id-meta":"","stick-header-meta":"","header-above-stick-meta":"","header-main-stick-meta":"","header-below-stick-meta":""},"pwb-brand":[347],"product_cat":[357],"product_tag":[],"class_list":{"0":"post-23498","1":"product","2":"type-product","3":"status-publish","5":"pwb-brand-as-pl","6":"product_cat-laturi","7":"desktop-align-left","8":"tablet-align-left","9":"mobile-align-left","11":"first","12":"instock","13":"product-type-external"},"brands":[{"id":347,"name":"AS-PL","slug":"as-pl"}],"_links":{"self":[{"href":"https:\/\/www.autonvaraosahaku.fi\/index.php?rest_route=\/wp\/v2\/product\/23498","targetHints":{"allow":["GET"]}}],"collection":[{"href":"https:\/\/www.autonvaraosahaku.fi\/index.php?rest_route=\/wp\/v2\/product"}],"about":[{"href":"https:\/\/www.autonvaraosahaku.fi\/index.php?rest_route=\/wp\/v2\/types\/product"}],"wp:attachment":[{"href":"https:\/\/www.autonvaraosahaku.fi\/index.php?rest_route=%2Fwp%2Fv2%2Fmedia&parent=23498"}],"wp:term":[{"taxonomy":"pwb-brand","embeddable":true,"href":"https:\/\/www.autonvaraosahaku.fi\/index.php?rest_route=%2Fwp%2Fv2%2Fpwb-brand&post=23498"},{"taxonomy":"product_cat","embeddable":true,"href":"https:\/\/www.autonvaraosahaku.fi\/index.php?rest_route=%2Fwp%2Fv2%2Fproduct_cat&post=23498"},{"taxonomy":"product_tag","embeddable":true,"href":"https:\/\/www.autonvaraosahaku.fi\/index.php?rest_route=%2Fwp%2Fv2%2Fproduct_tag&post=23498"}],"curies":[{"name":"wp","href":"https:\/\/api.w.org\/{rel}","templated":true}]}}