{"id":23506,"date":"2021-02-21T14:50:50","date_gmt":"2021-02-21T14:50:50","guid":{"rendered":"https:\/\/www.autonvaraosahaku.fi\/?product=dolz-kd062-vesipumppu-jakohihnasarja"},"modified":"2021-02-21T14:50:51","modified_gmt":"2021-02-21T14:50:51","slug":"dolz-kd062-vesipumppu-jakohihnasarja","status":"publish","type":"product","link":"https:\/\/www.autonvaraosahaku.fi\/?product=dolz-kd062-vesipumppu-jakohihnasarja","title":{"rendered":"DOLZ KD062 Vesipumppu + jakohihnasarja"},"content":{"rendered":"<p>Hammasluku: 160; Leveys (mm): 30,0; Hihnojen m\u00e4\u00e4r\u00e4: 1; Paino [kg]: 3,05; tuotenumerolle: A251; Valmistusvuosi alkaen: 11\/2011; VW: GOLF VI 5K1,PASSAT Variant 3C5,GOLF PLUS 5M1, 521,PASSAT 3C2,TIGUAN 5N_,GOLF VI Variant AJ5,GOLF V Variant 1K5,EOS 1F7, 1F8,SCIROCCO 137, 138,PASSAT CC 357,JETTA III 1K2,BEETLE 5C1,BEETLE Cabriolet 5C7; AUDI: A4 Avant 8K5, B8,A6 Avant 4F5, C6,A3 8P1,A3 Sportback 8PA,A4 8K2, B8,Q5 8R,A6 4F2, C6,A5 8T3,A5 Sportback 8TA,TT 8J3,A4 Allroad 8KH, B8,A5 Cabriolet 8F7,TT Roadster 8J9,A3 Cabriolet 8P7; SKODA: OCTAVIA Combi 1Z5,YETI 5L,SUPERB Kombi 3T5,OCTAVIA 1Z3,SUPERB 3T4; SEAT: ALTEA 5P1,ALTEA XL 5P5, 5P8,EXEO ST 3R5,EXEO 3R2<\/p>\n","protected":false},"excerpt":{"rendered":"<p>DOLZ Vesipumppu + Jakohihnasarja KD062  VW,AUDI,SKODA,GOLF VI 5K1,PASSAT Variant 3C5,GOLF PLUS 5M1, 521,PASSAT 3C2,TIGUAN 5N_,GOLF VI Variant AJ5<\/p>\n","protected":false},"featured_media":0,"template":"","meta":{"site-sidebar-layout":"default","site-content-layout":"default","ast-global-header-display":"","ast-main-header-display":"","ast-hfb-above-header-display":"","ast-hfb-below-header-display":"","ast-hfb-mobile-header-display":"","site-post-title":"","ast-breadcrumbs-content":"","ast-featured-img":"","footer-sml-layout":"","theme-transparent-header-meta":"","adv-header-id-meta":"","stick-header-meta":"","header-above-stick-meta":"","header-main-stick-meta":"","header-below-stick-meta":""},"pwb-brand":[265],"product_cat":[321],"product_tag":[],"class_list":{"0":"post-23506","1":"product","2":"type-product","3":"status-publish","5":"pwb-brand-dolz","6":"product_cat-vesipumppu-jakohihnasarja","7":"desktop-align-left","8":"tablet-align-left","9":"mobile-align-left","11":"first","12":"instock","13":"product-type-external"},"brands":[{"id":265,"name":"DOLZ","slug":"dolz"}],"_links":{"self":[{"href":"https:\/\/www.autonvaraosahaku.fi\/index.php?rest_route=\/wp\/v2\/product\/23506","targetHints":{"allow":["GET"]}}],"collection":[{"href":"https:\/\/www.autonvaraosahaku.fi\/index.php?rest_route=\/wp\/v2\/product"}],"about":[{"href":"https:\/\/www.autonvaraosahaku.fi\/index.php?rest_route=\/wp\/v2\/types\/product"}],"wp:attachment":[{"href":"https:\/\/www.autonvaraosahaku.fi\/index.php?rest_route=%2Fwp%2Fv2%2Fmedia&parent=23506"}],"wp:term":[{"taxonomy":"pwb-brand","embeddable":true,"href":"https:\/\/www.autonvaraosahaku.fi\/index.php?rest_route=%2Fwp%2Fv2%2Fpwb-brand&post=23506"},{"taxonomy":"product_cat","embeddable":true,"href":"https:\/\/www.autonvaraosahaku.fi\/index.php?rest_route=%2Fwp%2Fv2%2Fproduct_cat&post=23506"},{"taxonomy":"product_tag","embeddable":true,"href":"https:\/\/www.autonvaraosahaku.fi\/index.php?rest_route=%2Fwp%2Fv2%2Fproduct_tag&post=23506"}],"curies":[{"name":"wp","href":"https:\/\/api.w.org\/{rel}","templated":true}]}}