{"id":23536,"date":"2021-02-21T14:50:53","date_gmt":"2021-02-21T14:50:53","guid":{"rendered":"https:\/\/www.autonvaraosahaku.fi\/?product=ridex-9f0149-polttoainesuodatin"},"modified":"2021-02-21T14:50:56","modified_gmt":"2021-02-21T14:50:56","slug":"ridex-9f0149-polttoainesuodatin","status":"publish","type":"product","link":"https:\/\/www.autonvaraosahaku.fi\/?product=ridex-9f0149-polttoainesuodatin","title":{"rendered":"RIDEX 9F0149 Polttoainesuodatin"},"content":{"rendered":"<p>L\u00e4pimitta [mm]: 66,5; Ulkol\u00e4pimitta 1 [mm]: 76; Korkeus (mm): 83; Sis\u00e4l\u00e4pimitta [mm]: 10; Valmistusvuoteen: 12\/2012; CHEVROLET: CAPTIVA C100, C140; JEEP: GRAND CHEROKEE IV WK, WK2,CHEROKEE KK,CHEROKEE KL; OPEL: ANTARA; LANCIA: THEMA LX; VAUXHALL: ANTARA J26, H26; K04726067AA, 4818693, 4820437<\/p>\n","protected":false},"excerpt":{"rendered":"<p>RIDEX Polttoainesuodatin 9F0149  CHEVROLET,JEEP,OPEL,CAPTIVA C100, C140,GRAND CHEROKEE IV WK, WK2,CHEROKEE KK,CHEROKEE KL,ANTARA,THEMA LX<\/p>\n","protected":false},"featured_media":0,"template":"","meta":{"site-sidebar-layout":"default","site-content-layout":"default","ast-global-header-display":"","ast-main-header-display":"","ast-hfb-above-header-display":"","ast-hfb-below-header-display":"","ast-hfb-mobile-header-display":"","site-post-title":"","ast-breadcrumbs-content":"","ast-featured-img":"","footer-sml-layout":"","theme-transparent-header-meta":"","adv-header-id-meta":"","stick-header-meta":"","header-above-stick-meta":"","header-main-stick-meta":"","header-below-stick-meta":""},"pwb-brand":[157],"product_cat":[29],"product_tag":[],"class_list":{"0":"post-23536","1":"product","2":"type-product","3":"status-publish","5":"pwb-brand-ridex","6":"product_cat-polttoainesuodatin","7":"desktop-align-left","8":"tablet-align-left","9":"mobile-align-left","11":"first","12":"instock","13":"product-type-external"},"brands":[{"id":157,"name":"RIDEX","slug":"ridex"}],"_links":{"self":[{"href":"https:\/\/www.autonvaraosahaku.fi\/index.php?rest_route=\/wp\/v2\/product\/23536","targetHints":{"allow":["GET"]}}],"collection":[{"href":"https:\/\/www.autonvaraosahaku.fi\/index.php?rest_route=\/wp\/v2\/product"}],"about":[{"href":"https:\/\/www.autonvaraosahaku.fi\/index.php?rest_route=\/wp\/v2\/types\/product"}],"wp:attachment":[{"href":"https:\/\/www.autonvaraosahaku.fi\/index.php?rest_route=%2Fwp%2Fv2%2Fmedia&parent=23536"}],"wp:term":[{"taxonomy":"pwb-brand","embeddable":true,"href":"https:\/\/www.autonvaraosahaku.fi\/index.php?rest_route=%2Fwp%2Fv2%2Fpwb-brand&post=23536"},{"taxonomy":"product_cat","embeddable":true,"href":"https:\/\/www.autonvaraosahaku.fi\/index.php?rest_route=%2Fwp%2Fv2%2Fproduct_cat&post=23536"},{"taxonomy":"product_tag","embeddable":true,"href":"https:\/\/www.autonvaraosahaku.fi\/index.php?rest_route=%2Fwp%2Fv2%2Fproduct_tag&post=23536"}],"curies":[{"name":"wp","href":"https:\/\/api.w.org\/{rel}","templated":true}]}}