{"id":23541,"date":"2021-02-21T14:50:57","date_gmt":"2021-02-21T14:50:57","guid":{"rendered":"https:\/\/www.autonvaraosahaku.fi\/?product=arnott-sk-2867-iskunvaimennin"},"modified":"2021-02-21T14:50:58","modified_gmt":"2021-02-21T14:50:58","slug":"arnott-sk-2867-iskunvaimennin","status":"publish","type":"product","link":"https:\/\/www.autonvaraosahaku.fi\/?product=arnott-sk-2867-iskunvaimennin","title":{"rendered":"Arnott SK-2867 Iskunvaimennin"},"content":{"rendered":"<p>Asennuspuoli: Taka-akseli, Taka-akseli; Iskunvaimennin tyyppi: \u00d6ljypaine; Iskunvaimennin malli: Joustintuki; Iskunvaimennin asennustapa: Silta ylh\u00e4\u00e4ll\u00e4, Haarukka alhaalla; Jousitusmalli: Ajoneuvoihin, joissa ilmajousitus; Jarru-\/ajodynamiikka: Autoihin joissa ADS; Pakkauspituus [cm]: 81; Pakkausleveys [cm]: 17; Pakkauskorkeus [mm]: 17; Paino [kg]: 5,4; Nettopaino [kg]: 4,6; valmistusmaa: Kiina; MERCEDES-BENZ: M-CLASS W164,GL-CLASS X164; 1643200731, 1643201131, 1643202031, 1643202131, 1643202731, 1643202831, 1643203031, 1643203131, A1643200731, A1643201131, A1643202031, A1643202131, A1643202731, A1643202831, A1643203031, A1643203131; Iskarit,Iskunvaimennin<\/p>\n","protected":false},"excerpt":{"rendered":"<p>Arnott Iskunvaimentimet SK-2867 Iskarit,Iskunvaimennin MERCEDES-BENZ,M-CLASS W164,GL-CLASS X164<\/p>\n","protected":false},"featured_media":0,"template":"","meta":{"site-sidebar-layout":"default","site-content-layout":"default","ast-global-header-display":"","ast-main-header-display":"","ast-hfb-above-header-display":"","ast-hfb-below-header-display":"","ast-hfb-mobile-header-display":"","site-post-title":"","ast-breadcrumbs-content":"","ast-featured-img":"","footer-sml-layout":"","theme-transparent-header-meta":"","adv-header-id-meta":"","stick-header-meta":"","header-above-stick-meta":"","header-main-stick-meta":"","header-below-stick-meta":""},"pwb-brand":[401],"product_cat":[80],"product_tag":[],"class_list":{"0":"post-23541","1":"product","2":"type-product","3":"status-publish","5":"pwb-brand-arnott","6":"product_cat-iskunvaimennin","7":"desktop-align-left","8":"tablet-align-left","9":"mobile-align-left","11":"first","12":"instock","13":"product-type-external"},"brands":[{"id":401,"name":"Arnott","slug":"arnott"}],"_links":{"self":[{"href":"https:\/\/www.autonvaraosahaku.fi\/index.php?rest_route=\/wp\/v2\/product\/23541","targetHints":{"allow":["GET"]}}],"collection":[{"href":"https:\/\/www.autonvaraosahaku.fi\/index.php?rest_route=\/wp\/v2\/product"}],"about":[{"href":"https:\/\/www.autonvaraosahaku.fi\/index.php?rest_route=\/wp\/v2\/types\/product"}],"wp:attachment":[{"href":"https:\/\/www.autonvaraosahaku.fi\/index.php?rest_route=%2Fwp%2Fv2%2Fmedia&parent=23541"}],"wp:term":[{"taxonomy":"pwb-brand","embeddable":true,"href":"https:\/\/www.autonvaraosahaku.fi\/index.php?rest_route=%2Fwp%2Fv2%2Fpwb-brand&post=23541"},{"taxonomy":"product_cat","embeddable":true,"href":"https:\/\/www.autonvaraosahaku.fi\/index.php?rest_route=%2Fwp%2Fv2%2Fproduct_cat&post=23541"},{"taxonomy":"product_tag","embeddable":true,"href":"https:\/\/www.autonvaraosahaku.fi\/index.php?rest_route=%2Fwp%2Fv2%2Fproduct_tag&post=23541"}],"curies":[{"name":"wp","href":"https:\/\/api.w.org\/{rel}","templated":true}]}}