{"id":23556,"date":"2021-02-21T14:50:57","date_gmt":"2021-02-21T14:50:57","guid":{"rendered":"https:\/\/www.autonvaraosahaku.fi\/?product=febest-95hby-35580811r-tiivisteet"},"modified":"2021-02-21T14:51:00","modified_gmt":"2021-02-21T14:51:00","slug":"febest-95hby-35580811r-tiivisteet","status":"publish","type":"product","link":"https:\/\/www.autonvaraosahaku.fi\/?product=febest-95hby-35580811r-tiivisteet","title":{"rendered":"FEBEST 95HBY-35580811R Tiivisteet"},"content":{"rendered":"<p>Paksuus [mm]: 8; Paino [kg]: 0,028; Sis\u00e4l\u00e4pimitta [mm]: 35; Ulkol\u00e4pimitta [mm]: 58; Pakkauspituus [cm]: 5,8; Pakkausleveys [cm]: 5,8; Pakkauskorkeus [mm]: 1,1; Valmistusvuoteen: 12\/2004; HONDA: CIVIC VIII Hatchback FN, FK,JAZZ II GD,CIVIC VII Hatchback EU, EP, EV,JAZZ III GE,CR-V II RD_,ACCORD VII CL,FR-V BE,ACCORD VII Tourer CM,STREAM RN,CIVIC VII Coupe EM2,CIVIC VIII Stufenheck FD, FA,JAZZ Stufenheck,INSIGHT ZE_,CR-Z ZF1,CIVIC VII Stufenheck ES,CIVIC Coupe VIII FG,CIVIC IX Stufenheck FB, FG,STREAM,ACCORD VII CM,INSIGHT ZE,ODYSSEY RB_,INTEGRA DC5,CITY Stufenheck GD8\/GD9,CITY Stufenheck GM,AIRWAVE; ACURA: TSX CL_,RSX Coupe DC_; 91206PHR003<\/p>\n","protected":false},"excerpt":{"rendered":"<p>FEBEST Rengastiiviste, Vetoakseli 95HBY-35580811R  HONDA,ACURA,CIVIC VIII Hatchback FN, FK,JAZZ II GD,CIVIC VII Hatchback EU, EP, EV,JAZZ III GE<\/p>\n","protected":false},"featured_media":0,"template":"","meta":{"site-sidebar-layout":"default","site-content-layout":"default","ast-global-header-display":"","ast-main-header-display":"","ast-hfb-above-header-display":"","ast-hfb-below-header-display":"","ast-hfb-mobile-header-display":"","site-post-title":"","ast-breadcrumbs-content":"","ast-featured-img":"","footer-sml-layout":"","theme-transparent-header-meta":"","adv-header-id-meta":"","stick-header-meta":"","header-above-stick-meta":"","header-main-stick-meta":"","header-below-stick-meta":""},"pwb-brand":[152],"product_cat":[27],"product_tag":[],"class_list":{"0":"post-23556","1":"product","2":"type-product","3":"status-publish","5":"pwb-brand-febest","6":"product_cat-tiivisteet","7":"desktop-align-left","8":"tablet-align-left","9":"mobile-align-left","11":"first","12":"instock","13":"product-type-external"},"brands":[{"id":152,"name":"FEBEST","slug":"febest"}],"_links":{"self":[{"href":"https:\/\/www.autonvaraosahaku.fi\/index.php?rest_route=\/wp\/v2\/product\/23556","targetHints":{"allow":["GET"]}}],"collection":[{"href":"https:\/\/www.autonvaraosahaku.fi\/index.php?rest_route=\/wp\/v2\/product"}],"about":[{"href":"https:\/\/www.autonvaraosahaku.fi\/index.php?rest_route=\/wp\/v2\/types\/product"}],"wp:attachment":[{"href":"https:\/\/www.autonvaraosahaku.fi\/index.php?rest_route=%2Fwp%2Fv2%2Fmedia&parent=23556"}],"wp:term":[{"taxonomy":"pwb-brand","embeddable":true,"href":"https:\/\/www.autonvaraosahaku.fi\/index.php?rest_route=%2Fwp%2Fv2%2Fpwb-brand&post=23556"},{"taxonomy":"product_cat","embeddable":true,"href":"https:\/\/www.autonvaraosahaku.fi\/index.php?rest_route=%2Fwp%2Fv2%2Fproduct_cat&post=23556"},{"taxonomy":"product_tag","embeddable":true,"href":"https:\/\/www.autonvaraosahaku.fi\/index.php?rest_route=%2Fwp%2Fv2%2Fproduct_tag&post=23556"}],"curies":[{"name":"wp","href":"https:\/\/api.w.org\/{rel}","templated":true}]}}