{"id":23576,"date":"2021-02-21T14:51:01","date_gmt":"2021-02-21T14:51:01","guid":{"rendered":"https:\/\/www.autonvaraosahaku.fi\/?product=alanko-10900197-turboahdin"},"modified":"2021-02-21T14:51:04","modified_gmt":"2021-02-21T14:51:04","slug":"alanko-10900197-turboahdin","status":"publish","type":"product","link":"https:\/\/www.autonvaraosahaku.fi\/?product=alanko-10900197-turboahdin","title":{"rendered":"ALANKO 10900197 Turboahdin"},"content":{"rendered":"<p>Ahtotapa: Pakokaasuahdin, Turboahdin\/kompressori; Huomioi tekniset tiedot: ; Lis\u00e4tarvike\/lis\u00e4tieto: sis. tiivistesarjan; M\u00e4\u00e4r\u00e4yksikk\u00f6: Kappale; Uusi osa: ; VW: GOLF V 1K1,TOURAN 1T1, 1T2,PASSAT Variant 3C5,PASSAT 3C2,JETTA III 1K2; AUDI: A3 8P1,A3 Sportback 8PA; SKODA: OCTAVIA Combi 1Z5,OCTAVIA 1Z3; SEAT: LEON 1P1,ALTEA 5P1,ALTEA XL 5P5, 5P8,TOLEDO III 5P2; 03G145771Q, 03G253010A, 03G253010AV, 03G253010AX, 03G253014K, 03G253014KV, 03G253014KX, 03G253019N, 03G253019NV, 03G253019NX, 03G253010A, 03G253010AV, 03G253010AX, 03G253014K, 03G253014KV, 03G253014KX, 03G253019N, 03G253019NV, 03G253019NX, 03G253010A, 03G253010AV, 03G253010AX, 03G253014K, 03G253014KV, 03G253014KX, 03G253019N, 03G253019NV, 03G253019NX<\/p>\n","protected":false},"excerpt":{"rendered":"<p>ALANKO Turboahdin 10900197  VW,AUDI,SKODA,GOLF V 1K1,TOURAN 1T1, 1T2,PASSAT Variant 3C5,PASSAT 3C2,JETTA III 1K2,A3 8P1,A3 Sportback 8PA<\/p>\n","protected":false},"featured_media":0,"template":"","meta":{"site-sidebar-layout":"default","site-content-layout":"default","ast-global-header-display":"","ast-main-header-display":"","ast-hfb-above-header-display":"","ast-hfb-below-header-display":"","ast-hfb-mobile-header-display":"","site-post-title":"","ast-breadcrumbs-content":"","ast-featured-img":"","footer-sml-layout":"","theme-transparent-header-meta":"","adv-header-id-meta":"","stick-header-meta":"","header-above-stick-meta":"","header-main-stick-meta":"","header-below-stick-meta":""},"pwb-brand":[324],"product_cat":[250],"product_tag":[],"class_list":{"0":"post-23576","1":"product","2":"type-product","3":"status-publish","5":"pwb-brand-alanko","6":"product_cat-turboahdin","7":"desktop-align-left","8":"tablet-align-left","9":"mobile-align-left","11":"first","12":"instock","13":"product-type-external"},"brands":[{"id":324,"name":"ALANKO","slug":"alanko"}],"_links":{"self":[{"href":"https:\/\/www.autonvaraosahaku.fi\/index.php?rest_route=\/wp\/v2\/product\/23576","targetHints":{"allow":["GET"]}}],"collection":[{"href":"https:\/\/www.autonvaraosahaku.fi\/index.php?rest_route=\/wp\/v2\/product"}],"about":[{"href":"https:\/\/www.autonvaraosahaku.fi\/index.php?rest_route=\/wp\/v2\/types\/product"}],"wp:attachment":[{"href":"https:\/\/www.autonvaraosahaku.fi\/index.php?rest_route=%2Fwp%2Fv2%2Fmedia&parent=23576"}],"wp:term":[{"taxonomy":"pwb-brand","embeddable":true,"href":"https:\/\/www.autonvaraosahaku.fi\/index.php?rest_route=%2Fwp%2Fv2%2Fpwb-brand&post=23576"},{"taxonomy":"product_cat","embeddable":true,"href":"https:\/\/www.autonvaraosahaku.fi\/index.php?rest_route=%2Fwp%2Fv2%2Fproduct_cat&post=23576"},{"taxonomy":"product_tag","embeddable":true,"href":"https:\/\/www.autonvaraosahaku.fi\/index.php?rest_route=%2Fwp%2Fv2%2Fproduct_tag&post=23576"}],"curies":[{"name":"wp","href":"https:\/\/api.w.org\/{rel}","templated":true}]}}