{"id":23579,"date":"2021-02-21T14:51:06","date_gmt":"2021-02-21T14:51:06","guid":{"rendered":"https:\/\/www.autonvaraosahaku.fi\/?product=vaico-v30-2722-ahdinletku"},"modified":"2021-02-21T14:51:06","modified_gmt":"2021-02-21T14:51:06","slug":"vaico-v30-2722-ahdinletku","status":"publish","type":"product","link":"https:\/\/www.autonvaraosahaku.fi\/?product=vaico-v30-2722-ahdinletku","title":{"rendered":"VAICO V30-2722 Ahdinletku"},"content":{"rendered":"<p>Liitin-\u00d8 imupuoli [mm]: 68; Liitin-\u00d8 painepuoli [mm]: 65; Materiaali: Kumi kudosvahvikkeella; Materiaali puristusrengas: Ruostumaton ter\u00e4s; Paino [kg]: 0,816; Pakkausleveys [cm]: 18,2; Pakkauskorkeus [mm]: 10,8; Pakkaussyvyys [cm]: 48; lis\u00e4tieto: CST97; Rakennemalli: From turbo; MERCEDES-BENZ: E-CLASS W211,E-CLASS T-Model S211,CLS C219; 2115282682, A2115282682; Turbon Letkut,Turbon Putket<\/p>\n","protected":false},"excerpt":{"rendered":"<p>VAICO Ahdinletku V30-2722 Turbon Letkut,Turbon Putket MERCEDES-BENZ,E-CLASS W211,E-CLASS T-Model S211,CLS C219<\/p>\n","protected":false},"featured_media":0,"template":"","meta":{"site-sidebar-layout":"default","site-content-layout":"default","ast-global-header-display":"","ast-main-header-display":"","ast-hfb-above-header-display":"","ast-hfb-below-header-display":"","ast-hfb-mobile-header-display":"","site-post-title":"","ast-breadcrumbs-content":"","ast-featured-img":"","footer-sml-layout":"","theme-transparent-header-meta":"","adv-header-id-meta":"","stick-header-meta":"","header-above-stick-meta":"","header-main-stick-meta":"","header-below-stick-meta":""},"pwb-brand":[330],"product_cat":[113],"product_tag":[],"class_list":{"0":"post-23579","1":"product","2":"type-product","3":"status-publish","5":"pwb-brand-vaico","6":"product_cat-ahdinletku","7":"desktop-align-left","8":"tablet-align-left","9":"mobile-align-left","11":"first","12":"instock","13":"product-type-external"},"brands":[{"id":330,"name":"VAICO","slug":"vaico"}],"_links":{"self":[{"href":"https:\/\/www.autonvaraosahaku.fi\/index.php?rest_route=\/wp\/v2\/product\/23579","targetHints":{"allow":["GET"]}}],"collection":[{"href":"https:\/\/www.autonvaraosahaku.fi\/index.php?rest_route=\/wp\/v2\/product"}],"about":[{"href":"https:\/\/www.autonvaraosahaku.fi\/index.php?rest_route=\/wp\/v2\/types\/product"}],"wp:attachment":[{"href":"https:\/\/www.autonvaraosahaku.fi\/index.php?rest_route=%2Fwp%2Fv2%2Fmedia&parent=23579"}],"wp:term":[{"taxonomy":"pwb-brand","embeddable":true,"href":"https:\/\/www.autonvaraosahaku.fi\/index.php?rest_route=%2Fwp%2Fv2%2Fpwb-brand&post=23579"},{"taxonomy":"product_cat","embeddable":true,"href":"https:\/\/www.autonvaraosahaku.fi\/index.php?rest_route=%2Fwp%2Fv2%2Fproduct_cat&post=23579"},{"taxonomy":"product_tag","embeddable":true,"href":"https:\/\/www.autonvaraosahaku.fi\/index.php?rest_route=%2Fwp%2Fv2%2Fproduct_tag&post=23579"}],"curies":[{"name":"wp","href":"https:\/\/api.w.org\/{rel}","templated":true}]}}