{"id":23582,"date":"2021-02-21T14:51:06","date_gmt":"2021-02-21T14:51:06","guid":{"rendered":"https:\/\/www.autonvaraosahaku.fi\/?product=metzger-6115119-jarrukilpi"},"modified":"2021-02-21T14:51:06","modified_gmt":"2021-02-21T14:51:06","slug":"metzger-6115119-jarrukilpi","status":"publish","type":"product","link":"https:\/\/www.autonvaraosahaku.fi\/?product=metzger-6115119-jarrukilpi","title":{"rendered":"METZGER 6115119 Jarrukilpi"},"content":{"rendered":"<p>Asennuspuoli: Taka-akseli, vasen; Jarrulevyl\u00e4pimitalle [mm]: 278; Jarrulevypaksuudelle [mm]: 12; parilliset tuotenumerot: 6115120; Pinta: Galvaaninen pinnoite; V\u00e4ri: Musta; Erikoisajoneuvo: nicht f\u00fcr Polizeifahrzeuge; OPEL: VECTRA C Caravan,SIGNUM,VECTRA C,VECTRA C GTS; 13168748, 546216, 546219; Jarrulevyn Suojakilpi,Suojapelti, Jarrulevy<\/p>\n","protected":false},"excerpt":{"rendered":"<p>METZGER Jarrukilpi 6115119 Jarrulevyn Suojakilpi,Suojapelti, Jarrulevy OPEL,VECTRA C Caravan,SIGNUM,VECTRA C,VECTRA C GTS<\/p>\n","protected":false},"featured_media":0,"template":"","meta":{"site-sidebar-layout":"default","site-content-layout":"default","ast-global-header-display":"","ast-main-header-display":"","ast-hfb-above-header-display":"","ast-hfb-below-header-display":"","ast-hfb-mobile-header-display":"","site-post-title":"","ast-breadcrumbs-content":"","ast-featured-img":"","footer-sml-layout":"","theme-transparent-header-meta":"","adv-header-id-meta":"","stick-header-meta":"","header-above-stick-meta":"","header-main-stick-meta":"","header-below-stick-meta":""},"pwb-brand":[69],"product_cat":[216],"product_tag":[],"class_list":{"0":"post-23582","1":"product","2":"type-product","3":"status-publish","5":"pwb-brand-metzger","6":"product_cat-jarrukilpi","7":"desktop-align-left","8":"tablet-align-left","9":"mobile-align-left","11":"first","12":"instock","13":"product-type-external"},"brands":[{"id":69,"name":"METZGER","slug":"metzger"}],"_links":{"self":[{"href":"https:\/\/www.autonvaraosahaku.fi\/index.php?rest_route=\/wp\/v2\/product\/23582","targetHints":{"allow":["GET"]}}],"collection":[{"href":"https:\/\/www.autonvaraosahaku.fi\/index.php?rest_route=\/wp\/v2\/product"}],"about":[{"href":"https:\/\/www.autonvaraosahaku.fi\/index.php?rest_route=\/wp\/v2\/types\/product"}],"wp:attachment":[{"href":"https:\/\/www.autonvaraosahaku.fi\/index.php?rest_route=%2Fwp%2Fv2%2Fmedia&parent=23582"}],"wp:term":[{"taxonomy":"pwb-brand","embeddable":true,"href":"https:\/\/www.autonvaraosahaku.fi\/index.php?rest_route=%2Fwp%2Fv2%2Fpwb-brand&post=23582"},{"taxonomy":"product_cat","embeddable":true,"href":"https:\/\/www.autonvaraosahaku.fi\/index.php?rest_route=%2Fwp%2Fv2%2Fproduct_cat&post=23582"},{"taxonomy":"product_tag","embeddable":true,"href":"https:\/\/www.autonvaraosahaku.fi\/index.php?rest_route=%2Fwp%2Fv2%2Fproduct_tag&post=23582"}],"curies":[{"name":"wp","href":"https:\/\/api.w.org\/{rel}","templated":true}]}}