{"id":23583,"date":"2021-02-21T14:51:06","date_gmt":"2021-02-21T14:51:06","guid":{"rendered":"https:\/\/www.autonvaraosahaku.fi\/?product=vaico-v30-2678-imusarja"},"modified":"2021-02-21T14:51:07","modified_gmt":"2021-02-21T14:51:07","slug":"vaico-v30-2678-imusarja","status":"publish","type":"product","link":"https:\/\/www.autonvaraosahaku.fi\/?product=vaico-v30-2678-imusarja","title":{"rendered":"VAICO V30-2678 Imusarja"},"content":{"rendered":"<p>S\u00e4\u00e4din: ilman vaihtomekanismia; Materiaali tiiviste: NBR (nitriili-butadi-kumi); Lis\u00e4tarvike\/lis\u00e4tieto: Tiivisteill\u00e4; Polttoaine: Diesel; Kotelomateriaali: Polyamidi 6.6; Paino [kg]: 2,029; Pakkausleveys [cm]: 24,8; Pakkauskorkeus [mm]: 14,9; Pakkaussyvyys [cm]: 46,6; lis\u00e4tieto: CST98; Moottorinumeroon: 32662278; MERCEDES-BENZ: C-CLASS W204,C-CLASS T-Model S204,E-CLASS W212,VIANO W639,B-CLASS W246, W242,E-CLASS T-Model S212,GLK-CLASS X204,VITO Bus W639,A-CLASS W176,VITO \/ MIXTO Kasten W639,SPRINTER 3,5-t Kasten 906,S-CLASS W221,M-CLASS W166,E-CLASS Coupe C207,CLA Coupe C117,C-CLASS Coupe C204,SPRINTER 3,5-t Bus 906,SPRINTER 3-t Kasten 906,SLK R172,E-CLASS Cabriolet A207,CLS C218,SPRINTER 3,5-t Pritsche\/Fahrgestell 906,SPRINTER 3-t Bus 906,CLS Shooting Brake X218,S-CLASS W222, V222, X222,SPRINTER 5-t Kasten 906,SPRINTER 5-t Pritsche\/Fahrgestell 906,SPRINTER 3-t Pritsche\/Fahrgestell 906,SPRINTER 4,6-t Pritsche\/Fahrgestell 906,C-CLASS T-Model S205,SPRINTER 4,6-t Kasten 906,C-CLASS W205,V-CLASS W447,GLA-CLASS X156,VITO Tourer W447,CLA Shooting Brake X117,GLC X253,VITO Kasten W447,GLE W166,VITO Mixto W447; JEEP: COMPASS MK49; 6510900037, 6510900037part, 6510903037, A6510900037, A6510903037<\/p>\n","protected":false},"excerpt":{"rendered":"<p>VAICO Imusarjamoduli V30-2678  MERCEDES-BENZ,JEEP,C-CLASS W204,C-CLASS T-Model S204,E-CLASS W212,VIANO W639,B-CLASS W246, W242,E-CLASS T-Model S212<\/p>\n","protected":false},"featured_media":0,"template":"","meta":{"site-sidebar-layout":"default","site-content-layout":"default","ast-global-header-display":"","ast-main-header-display":"","ast-hfb-above-header-display":"","ast-hfb-below-header-display":"","ast-hfb-mobile-header-display":"","site-post-title":"","ast-breadcrumbs-content":"","ast-featured-img":"","footer-sml-layout":"","theme-transparent-header-meta":"","adv-header-id-meta":"","stick-header-meta":"","header-above-stick-meta":"","header-main-stick-meta":"","header-below-stick-meta":""},"pwb-brand":[330],"product_cat":[350],"product_tag":[],"class_list":{"0":"post-23583","1":"product","2":"type-product","3":"status-publish","5":"pwb-brand-vaico","6":"product_cat-imusarja","7":"desktop-align-left","8":"tablet-align-left","9":"mobile-align-left","11":"first","12":"instock","13":"product-type-external"},"brands":[{"id":330,"name":"VAICO","slug":"vaico"}],"_links":{"self":[{"href":"https:\/\/www.autonvaraosahaku.fi\/index.php?rest_route=\/wp\/v2\/product\/23583","targetHints":{"allow":["GET"]}}],"collection":[{"href":"https:\/\/www.autonvaraosahaku.fi\/index.php?rest_route=\/wp\/v2\/product"}],"about":[{"href":"https:\/\/www.autonvaraosahaku.fi\/index.php?rest_route=\/wp\/v2\/types\/product"}],"wp:attachment":[{"href":"https:\/\/www.autonvaraosahaku.fi\/index.php?rest_route=%2Fwp%2Fv2%2Fmedia&parent=23583"}],"wp:term":[{"taxonomy":"pwb-brand","embeddable":true,"href":"https:\/\/www.autonvaraosahaku.fi\/index.php?rest_route=%2Fwp%2Fv2%2Fpwb-brand&post=23583"},{"taxonomy":"product_cat","embeddable":true,"href":"https:\/\/www.autonvaraosahaku.fi\/index.php?rest_route=%2Fwp%2Fv2%2Fproduct_cat&post=23583"},{"taxonomy":"product_tag","embeddable":true,"href":"https:\/\/www.autonvaraosahaku.fi\/index.php?rest_route=%2Fwp%2Fv2%2Fproduct_tag&post=23583"}],"curies":[{"name":"wp","href":"https:\/\/api.w.org\/{rel}","templated":true}]}}