{"id":23591,"date":"2021-02-21T14:51:06","date_gmt":"2021-02-21T14:51:06","guid":{"rendered":"https:\/\/www.autonvaraosahaku.fi\/?product=as-pl-a6260pr-laturi"},"modified":"2021-02-21T14:51:08","modified_gmt":"2021-02-21T14:51:08","slug":"as-pl-a6260pr-laturi","status":"publish","type":"product","link":"https:\/\/www.autonvaraosahaku.fi\/?product=as-pl-a6260pr-laturi","title":{"rendered":"AS-PL A6260PR Laturi"},"content":{"rendered":"<p>Pituus 1 (mm): 113,00; Pituus 2 (mm): 61,00; J\u00e4nnite (V): 12; Laturi varausvirta (A): 105; Hihnapy\u00f6r\u00e4t: V\u00e4lihihnapy\u00f6r\u00e4ll\u00e4; Valmistusvuoteen: 03\/2010; OPEL: ZAFIRA B A05,ASTRA H Caravan L35,ASTRA H L48,VECTRA C Caravan,ASTRA H GTC L08,SIGNUM,VECTRA C,VECTRA C GTS,ASTRA H TwinTop L67,ASTRA H Kasten L70; FIAT: GRANDE PUNTO 199,STILO 192,STILO Multi Wagon 192,CROMA 194; ALFA ROMEO: 159 939; SUBARU: IMPREZA Stufenheck GD; VAUXHALL: ZAFIRA Mk II B M75,ASTRA Mk V H CC,VECTRA Mk II C CC,ASTRA Mk V H Estate,VECTRA Mk II C Estate,ASTRA Mk V H Convertible,VECTRA Mk II C,SIGNUM,ASTRAVAN Mk V H; 71755143, 75814308, 1204433, 13117340, 6204187, 6204293, 93169028, 93169029, 93169257, 93180098, 9562207, R1530098, YM13117340; Generaattori<\/p>\n","protected":false},"excerpt":{"rendered":"<p>AS-PL Laturi Brand new AS-PL Starter motor 97VB11000AA A6260PR Generaattori OPEL,FIAT,ALFA ROMEO,ZAFIRA B A05,ASTRA H Caravan L35,ASTRA H L48<\/p>\n","protected":false},"featured_media":0,"template":"","meta":{"site-sidebar-layout":"default","site-content-layout":"default","ast-global-header-display":"","ast-main-header-display":"","ast-hfb-above-header-display":"","ast-hfb-below-header-display":"","ast-hfb-mobile-header-display":"","site-post-title":"","ast-breadcrumbs-content":"","ast-featured-img":"","footer-sml-layout":"","theme-transparent-header-meta":"","adv-header-id-meta":"","stick-header-meta":"","header-above-stick-meta":"","header-main-stick-meta":"","header-below-stick-meta":""},"pwb-brand":[347],"product_cat":[357],"product_tag":[],"class_list":{"0":"post-23591","1":"product","2":"type-product","3":"status-publish","5":"pwb-brand-as-pl","6":"product_cat-laturi","7":"desktop-align-left","8":"tablet-align-left","9":"mobile-align-left","11":"first","12":"instock","13":"product-type-external"},"brands":[{"id":347,"name":"AS-PL","slug":"as-pl"}],"_links":{"self":[{"href":"https:\/\/www.autonvaraosahaku.fi\/index.php?rest_route=\/wp\/v2\/product\/23591","targetHints":{"allow":["GET"]}}],"collection":[{"href":"https:\/\/www.autonvaraosahaku.fi\/index.php?rest_route=\/wp\/v2\/product"}],"about":[{"href":"https:\/\/www.autonvaraosahaku.fi\/index.php?rest_route=\/wp\/v2\/types\/product"}],"wp:attachment":[{"href":"https:\/\/www.autonvaraosahaku.fi\/index.php?rest_route=%2Fwp%2Fv2%2Fmedia&parent=23591"}],"wp:term":[{"taxonomy":"pwb-brand","embeddable":true,"href":"https:\/\/www.autonvaraosahaku.fi\/index.php?rest_route=%2Fwp%2Fv2%2Fpwb-brand&post=23591"},{"taxonomy":"product_cat","embeddable":true,"href":"https:\/\/www.autonvaraosahaku.fi\/index.php?rest_route=%2Fwp%2Fv2%2Fproduct_cat&post=23591"},{"taxonomy":"product_tag","embeddable":true,"href":"https:\/\/www.autonvaraosahaku.fi\/index.php?rest_route=%2Fwp%2Fv2%2Fproduct_tag&post=23591"}],"curies":[{"name":"wp","href":"https:\/\/api.w.org\/{rel}","templated":true}]}}