{"id":23592,"date":"2021-02-21T14:51:06","date_gmt":"2021-02-21T14:51:06","guid":{"rendered":"https:\/\/www.autonvaraosahaku.fi\/?product=vemo-v10-73-0438-lasinnostimen-kytkin"},"modified":"2021-02-21T14:51:08","modified_gmt":"2021-02-21T14:51:08","slug":"vemo-v10-73-0438-lasinnostimen-kytkin","status":"publish","type":"product","link":"https:\/\/www.autonvaraosahaku.fi\/?product=vemo-v10-73-0438-lasinnostimen-kytkin","title":{"rendered":"VEMO V10-73-0438 Lasinnostimen kytkin"},"content":{"rendered":"<p>Oviluku: 4; Asennuspuoli: Ajoneuvo-ovi, Eteen, vasen; V\u00e4ri: Kromi\/musta; Varusteet: ajon. s\u00e4hk\u00f6-ikkunanostimilla edess\u00e4 ja takana; Paino [kg]: 0,058; Pakkausleveys [cm]: 4,9; Pakkauskorkeus [mm]: 9,2; Pakkaussyvyys [cm]: 9; lis\u00e4tieto: Original VEMO Quality; VW: GOLF VII 5G1, BE1,GOLF VII Kombi BA5,PASSAT Variant 3G5,GOLF SPORTSVAN AM1,PASSAT 3G2,PASSAT ALLTRACK 3G5,GOLF ALLTRACK BA5; 5G0959857CWZU, 5G0959857CWZU, 5G0959857CWZU; Kytkin, Lasinnostin<\/p>\n","protected":false},"excerpt":{"rendered":"<p>VEMO Lasinnostimen Kytkin V10-73-0438 Kytkin, Lasinnostin VW,GOLF VII 5G1, BE1,GOLF VII Kombi BA5,PASSAT Variant 3G5,GOLF SPORTSVAN AM1,PASSAT 3G2<\/p>\n","protected":false},"featured_media":0,"template":"","meta":{"site-sidebar-layout":"default","site-content-layout":"default","ast-global-header-display":"","ast-main-header-display":"","ast-hfb-above-header-display":"","ast-hfb-below-header-display":"","ast-hfb-mobile-header-display":"","site-post-title":"","ast-breadcrumbs-content":"","ast-featured-img":"","footer-sml-layout":"","theme-transparent-header-meta":"","adv-header-id-meta":"","stick-header-meta":"","header-above-stick-meta":"","header-main-stick-meta":"","header-below-stick-meta":""},"pwb-brand":[168],"product_cat":[135],"product_tag":[],"class_list":{"0":"post-23592","1":"product","2":"type-product","3":"status-publish","5":"pwb-brand-vemo","6":"product_cat-lasinnostimen-kytkin","7":"desktop-align-left","8":"tablet-align-left","9":"mobile-align-left","11":"first","12":"instock","13":"product-type-external"},"brands":[{"id":168,"name":"VEMO","slug":"vemo"}],"_links":{"self":[{"href":"https:\/\/www.autonvaraosahaku.fi\/index.php?rest_route=\/wp\/v2\/product\/23592","targetHints":{"allow":["GET"]}}],"collection":[{"href":"https:\/\/www.autonvaraosahaku.fi\/index.php?rest_route=\/wp\/v2\/product"}],"about":[{"href":"https:\/\/www.autonvaraosahaku.fi\/index.php?rest_route=\/wp\/v2\/types\/product"}],"wp:attachment":[{"href":"https:\/\/www.autonvaraosahaku.fi\/index.php?rest_route=%2Fwp%2Fv2%2Fmedia&parent=23592"}],"wp:term":[{"taxonomy":"pwb-brand","embeddable":true,"href":"https:\/\/www.autonvaraosahaku.fi\/index.php?rest_route=%2Fwp%2Fv2%2Fpwb-brand&post=23592"},{"taxonomy":"product_cat","embeddable":true,"href":"https:\/\/www.autonvaraosahaku.fi\/index.php?rest_route=%2Fwp%2Fv2%2Fproduct_cat&post=23592"},{"taxonomy":"product_tag","embeddable":true,"href":"https:\/\/www.autonvaraosahaku.fi\/index.php?rest_route=%2Fwp%2Fv2%2Fproduct_tag&post=23592"}],"curies":[{"name":"wp","href":"https:\/\/api.w.org\/{rel}","templated":true}]}}