{"id":23603,"date":"2021-02-21T14:51:10","date_gmt":"2021-02-21T14:51:10","guid":{"rendered":"https:\/\/www.autonvaraosahaku.fi\/?product=denckermann-a130007-polttoainesuodatin"},"modified":"2021-02-21T14:51:11","modified_gmt":"2021-02-21T14:51:11","slug":"denckermann-a130007-polttoainesuodatin","status":"publish","type":"product","link":"https:\/\/www.autonvaraosahaku.fi\/?product=denckermann-a130007-polttoainesuodatin","title":{"rendered":"DENCKERMANN A130007 Polttoainesuodatin"},"content":{"rendered":"<p>Ulkol\u00e4pimitta 1 [mm]: 48; Sis\u00e4l\u00e4pimitta 1 [mm]: 8; Sis\u00e4l\u00e4pimitta 2 [mm]: 8; Korkeus (mm): 122; Valmistusvuosi alkaen: 10\/1982; BMW: 3 E30,02 E10,5 E28,3 E21,5 E12,02 Touring E6,02 Cabriolet E10; OPEL: OMEGA A 16_, 17_, 19_,KADETT E CC 33_, 34_, 43_, 44_,KADETT E Cabriolet 43B_,ASCONA B 81_, 86_, 87_, 88_,OMEGA A Caravan 66_, 67_,KADETT E 39_, 49_,KADETT E Caravan 35_, 36_, 45_, 46_,KADETT E Kasten 37_, 47_,KADETT E Combo 38_, 48_; FORD: SIERRA GBG, GB4,SIERRA Schr\u00e4gheck GBC, GBG,TRANSIT Kasten T_ _,ESCORT IV GAF, AWF, ABFT,FIESTA II FBD,TRANSIT Bus T_ _,CAPRI III GECP,ESCORT III GAA,ESCORT I AFH, ATH,SIERRA Kombi BNG,ESCORT III Cabriolet ALD,CAPRI II GECP,ORION II AFF,ESCORT IV Kombi AWF, AVF,ESCORT &#8217;86 Express AVF,ORION III GAL,ESCORT III Kombi AWA,ORION I AFD; RENAULT: 5 122_,TRAFIC Kasten TXX,TRAFIC Bus TXW,16 115_,MASTER I Kasten T__,TRAFIC Kasten T1, T3, T4,TRAFIC Bus T5, T6, T7,30 127_,MASTER I Bus T__,ESTAFETTE 213_,TRAFIC Pritsche\/Fahrgestell P6,MASTER I Pritsche\/Fahrgestell P__,TRAFIC Pritsche\/Fahrgestell PXX,RODEO 5; FIAT: CINQUECENTO 170,PANDA 141A_,124 Spider,126,UNO 146A\/E,X 1\/9 128 AS,FIORINO Kasten 146,TIPO 160,PANDA Van 141_,TEMPRA 159,124 Coupe,124,TEMPRA S.W. 159,FIORINO Pick up 146,FIORINO 147,REGATA 138,124 Familiare,FIORINO Pick up 147,DUNA 146 B,DUNA Weekend 146 B; PEUGEOT: J5 Pritsche\/Fahrgestell 280L,J5 Pritsche\/Fahrgestell 290L,J5 Bus 290P,205 I 741A\/C,J5 Bus 280P,J7 Bus,J7 Kasten,205 Kasten,305 I 581A,J7 Pritsche\/Fahrgestell,305 I Break 581D; SEAT: MARBELLA 28,IBIZA I 021A,TERRA Kasten 024A,127 127A,MARBELLA Kasten 028A,124,600 D,MALAGA 023A,TERRA 24,133,850,128,132,RONDA 022A,PANDA 141A,FURA 025A,RITMO 138; CITRO\u00cbN: BX XB-_,CX II,CX II Break,CX I Break MA,GS,OLTCIT,GS Break; DACIA: 1310 Stufenheck U, X; ALFA ROMEO: 75 162B,SPIDER 105,6 119; FS1A, GF451, GF451B, GF453, GF453B, GF461, GF461B, GF68, 13321278272, 2084467, T0544588, T1349332, TO544588, 269212, 5003748, 5015543, 8942027360, 8942079100, 94202736, A141491, MA141491, 7700544588, 7701349332, 606168, LBU5105, 2084467, MA141491, 3713186<\/p>\n","protected":false},"excerpt":{"rendered":"<p>DENCKERMANN Polttoainesuodatin A130007  BMW,OPEL,FORD,3 E30,02 E10,5 E28,3 E21,5 E12,02 Touring E6,02 Cabriolet E10,OMEGA A 16_, 17_, 19_<\/p>\n","protected":false},"featured_media":0,"template":"","meta":{"site-sidebar-layout":"default","site-content-layout":"default","ast-global-header-display":"","ast-main-header-display":"","ast-hfb-above-header-display":"","ast-hfb-below-header-display":"","ast-hfb-mobile-header-display":"","site-post-title":"","ast-breadcrumbs-content":"","ast-featured-img":"","footer-sml-layout":"","theme-transparent-header-meta":"","adv-header-id-meta":"","stick-header-meta":"","header-above-stick-meta":"","header-main-stick-meta":"","header-below-stick-meta":""},"pwb-brand":[291],"product_cat":[29],"product_tag":[],"class_list":{"0":"post-23603","1":"product","2":"type-product","3":"status-publish","5":"pwb-brand-denckermann","6":"product_cat-polttoainesuodatin","7":"desktop-align-left","8":"tablet-align-left","9":"mobile-align-left","11":"first","12":"instock","13":"product-type-external"},"brands":[{"id":291,"name":"DENCKERMANN","slug":"denckermann"}],"_links":{"self":[{"href":"https:\/\/www.autonvaraosahaku.fi\/index.php?rest_route=\/wp\/v2\/product\/23603","targetHints":{"allow":["GET"]}}],"collection":[{"href":"https:\/\/www.autonvaraosahaku.fi\/index.php?rest_route=\/wp\/v2\/product"}],"about":[{"href":"https:\/\/www.autonvaraosahaku.fi\/index.php?rest_route=\/wp\/v2\/types\/product"}],"wp:attachment":[{"href":"https:\/\/www.autonvaraosahaku.fi\/index.php?rest_route=%2Fwp%2Fv2%2Fmedia&parent=23603"}],"wp:term":[{"taxonomy":"pwb-brand","embeddable":true,"href":"https:\/\/www.autonvaraosahaku.fi\/index.php?rest_route=%2Fwp%2Fv2%2Fpwb-brand&post=23603"},{"taxonomy":"product_cat","embeddable":true,"href":"https:\/\/www.autonvaraosahaku.fi\/index.php?rest_route=%2Fwp%2Fv2%2Fproduct_cat&post=23603"},{"taxonomy":"product_tag","embeddable":true,"href":"https:\/\/www.autonvaraosahaku.fi\/index.php?rest_route=%2Fwp%2Fv2%2Fproduct_tag&post=23603"}],"curies":[{"name":"wp","href":"https:\/\/api.w.org\/{rel}","templated":true}]}}