{"id":23610,"date":"2021-02-21T14:51:10","date_gmt":"2021-02-21T14:51:10","guid":{"rendered":"https:\/\/www.autonvaraosahaku.fi\/?product=elwis-royal-8438811-nokka-akselin-tiiviste"},"modified":"2021-02-21T14:51:12","modified_gmt":"2021-02-21T14:51:12","slug":"elwis-royal-8438811-nokka-akselin-tiiviste","status":"publish","type":"product","link":"https:\/\/www.autonvaraosahaku.fi\/?product=elwis-royal-8438811-nokka-akselin-tiiviste","title":{"rendered":"ELWIS ROYAL 8438811 Nokka akselin tiiviste"},"content":{"rendered":"<p>Tarvittava kappalem\u00e4\u00e4r\u00e4: 1; Leveys (mm): 8; Materiaali: MVQ (silikooni\/kautsu); Sis\u00e4l\u00e4pimitta [mm]: 35; Ulkol\u00e4pimitta [mm]: 50; KIA: SORENTO I JC,PICANTO BA,CEE&#8217;D SW ED,CEE&#8217;D Schr\u00e4gheck ED,SPORTAGE JE_, KM_,CARENS II FJ,RIO II JB,PRO CEE&#8217;D ED,SOUL AM,CERATO LD,MAGENTIS GD,CERATO Stufenheck LD,RIO II Stufenheck JB,JOICE,PREGIO Kasten TB,PREGIO Bus,K2500 SD,BONGO Pritsche\/Fahrgestell; HONDA: LEGEND III KA9,LEGEND IV KB_,LEGEND II Coupe KA8,LEGEND II KA7,LEGEND I Coupe KA3,LEGEND I HS, KA; ROVER: 800 XS,800 Hatchback XS,800 Coupe; HYUNDAI: i30 FD,GETZ TB,i10 PA,TUCSON JM,i30 CW FD,SANTA F\u00c9 I SM,MATRIX FC,TERRACAN HP,COUPE GK,H-1 Travel TQ,ATOS MX,TRAJET FO,GALLOPER II JK-01,SONATA IV EF,ACCENT II LC,COUPE RD,H-1 Kasten,ACCENT III MC,H-1 \/ STAREX,ELANTRA XD,ACCENT III Stufenheck MC,ELANTRA Stufenheck XD,ACCENT I X-3,ACCENT II Stufenheck LC,LANTRA II Wagon J-2,LANTRA II J-2,SANTAMO,ACCENT Stufenheck X-3,SONATA III Y-3,GALLOPER I,PONY X-2,LANTRA I J-1,S COUPE SLC,H100 Bus P,HIGHWAY VAN,H100 Kasten,TIBURON Coupe,ELANTRA Stufenheck HD,PONY \/ EXCEL Stufenheck X-2,H-1 Pritsche\/Fahrgestell,SONATA II Y-2,PORTER Pritsche\/Fahrgestell,H100 Pick-up,H100 Pritsche\/Fahrgestell,PONY,PORTER Pick-up,PONY Stufenheck X-1,STELLAR F31_, SF2_,PONY Wagon; VOLVO: V40 Kombi VW,S40 I VS; RENAULT: 14 121_; FIAT: FULLBACK Pick-up 502_, 503_; CITRO\u00cbN: BX XB-_,BX Break XB-_,C15 VD-_,VISA Cabriolet,C15 Kombi; PEUGEOT: 205 II 20A\/C,205 I Cabriolet 741B, 20D,205 I 741A\/C,104,104 Coupe,205 Kasten; MITSUBISHI: SPACE STAR DG_A,CARISMA DA_,GRANDIS NA_W,COLT V CJ_, CP_,OUTLANDER I CU_W,LANCER Kombi CS_W,PAJERO PININ H6_W, H7_W,CARISMA Stufenheck DA_,PAJERO III V7_W, V6_W,GALANT VI Station Wagon EA_,GALANT VI EA_,SPACE WAGON N9_W, N8_W,L 200 K7_T, K6_T,L 200 KB_T, KA_T,PAJERO II V3_W, V2_W, V4_W,LANCER Stufenheck CS_A, CT0,L 300 Bus P0_W, P1_W, P2_W,PAJERO SPORT K90,COLT IV CA_A,ECLIPSE II D3_A,ECLIPSE I D2_A,SPACE RUNNER N6_W,PAJERO I L04_G, L14_G,PAJERO CLASSIC V2_W,SPACE RUNNER N1_W, N2_W,L 400 \/ SPACE GEAR Bus PD_W, PC_W, PA_V, PB_V,COLT III C5_A,GALLOPER JK-01,LANCER VI CJ-CP_,L 300 Pritsche\/Fahrgestell L03_P,L 300 Kasten L03_P,SIGMA F2_A, F1_A,LANCER V Station Wagon CB_W, CD_W,GALANT IV E3_A,LANCER V CB\/D_A,L 200 Pritsche\/Fahrgestell KA_T, KB_T,SPACE WAGON N3_W, N4_W,GALANT IV Stufenheck E3_A,PAJERO SPORT VAN K90,LANCER IV C6_A, C7_A,PAJERO III Gel\u00e4ndewagen offen V6_W, V7_W,L 300 Kasten P0_W, P1_W,L 300 Bus LO3_P\/G, L0_2P,PAJERO I Canvas Top L04_G,L 200 K3_T, K2_T, K1_; 7910006487, 91538925, 91213PH7004, 221443B000, 221443B001, 224413B001, 051418, MD008762, MD133317, MD153103, MD372536, 7700522314, 7703087075, 7910006487, 30874307; Akselitiiviste, Nokka-Akseli<\/p>\n","protected":false},"excerpt":{"rendered":"<p>ELWIS ROYAL Nokka Akselin Tiiviste 8438811 Akselitiiviste, Nokka-Akseli KIA,HONDA,ROVER,SORENTO I JC,PICANTO BA,CEE&#8217;D SW ED,CEE&#8217;D Schr\u00e4gheck ED<\/p>\n","protected":false},"featured_media":0,"template":"","meta":{"site-sidebar-layout":"default","site-content-layout":"default","ast-global-header-display":"","ast-main-header-display":"","ast-hfb-above-header-display":"","ast-hfb-below-header-display":"","ast-hfb-mobile-header-display":"","site-post-title":"","ast-breadcrumbs-content":"","ast-featured-img":"","footer-sml-layout":"","theme-transparent-header-meta":"","adv-header-id-meta":"","stick-header-meta":"","header-above-stick-meta":"","header-main-stick-meta":"","header-below-stick-meta":""},"pwb-brand":[120],"product_cat":[122],"product_tag":[],"class_list":{"0":"post-23610","1":"product","2":"type-product","3":"status-publish","5":"pwb-brand-elwis-royal","6":"product_cat-nokka-akselin-tiiviste","7":"desktop-align-left","8":"tablet-align-left","9":"mobile-align-left","11":"first","12":"instock","13":"product-type-external"},"brands":[{"id":120,"name":"ELWIS ROYAL","slug":"elwis-royal"}],"_links":{"self":[{"href":"https:\/\/www.autonvaraosahaku.fi\/index.php?rest_route=\/wp\/v2\/product\/23610","targetHints":{"allow":["GET"]}}],"collection":[{"href":"https:\/\/www.autonvaraosahaku.fi\/index.php?rest_route=\/wp\/v2\/product"}],"about":[{"href":"https:\/\/www.autonvaraosahaku.fi\/index.php?rest_route=\/wp\/v2\/types\/product"}],"wp:attachment":[{"href":"https:\/\/www.autonvaraosahaku.fi\/index.php?rest_route=%2Fwp%2Fv2%2Fmedia&parent=23610"}],"wp:term":[{"taxonomy":"pwb-brand","embeddable":true,"href":"https:\/\/www.autonvaraosahaku.fi\/index.php?rest_route=%2Fwp%2Fv2%2Fpwb-brand&post=23610"},{"taxonomy":"product_cat","embeddable":true,"href":"https:\/\/www.autonvaraosahaku.fi\/index.php?rest_route=%2Fwp%2Fv2%2Fproduct_cat&post=23610"},{"taxonomy":"product_tag","embeddable":true,"href":"https:\/\/www.autonvaraosahaku.fi\/index.php?rest_route=%2Fwp%2Fv2%2Fproduct_tag&post=23610"}],"curies":[{"name":"wp","href":"https:\/\/api.w.org\/{rel}","templated":true}]}}