{"id":23612,"date":"2021-02-21T14:51:10","date_gmt":"2021-02-21T14:51:10","guid":{"rendered":"https:\/\/www.autonvaraosahaku.fi\/?product=hella-6pa-358-066-251-lambda-anturi"},"modified":"2021-02-21T14:51:12","modified_gmt":"2021-02-21T14:51:12","slug":"hella-6pa-358-066-251-lambda-anturi","status":"publish","type":"product","link":"https:\/\/www.autonvaraosahaku.fi\/?product=hella-6pa-358-066-251-lambda-anturi","title":{"rendered":"HELLA 6PA 358 066-251 Lambda anturi"},"content":{"rendered":"<p>Kaapelinmitta (mm): 400; Pakoputkisto: ennen katalysaattoria; Lambdatunnistin: S\u00e4\u00e4t\u00f6anturi; Asennuspuoli: vorne; MAZDA: 121 III JASM, JBSM; FORD: FIESTA V JH_, JD_,FOCUS Kombi DNW,FOCUS DAW, DBW,GALAXY WGR,FIESTA IV JA_, JB_,FUSION JU_,KA RB_,FOCUS Stufenheck DFW,MONDEO II Kombi BNP,TRANSIT CONNECT P65_, P70_, P80_,COUGAR EC_,MONDEO II BAP,TOURNEO CONNECT,PUMA EC_,MONDEO II Stufenheck BFP; 1053108, 1067580, 1088851, 1143514, 1215538, 2S6A9F472BB, 98AB9F472BB, 98FB9F472CA, 98FB9F472DA, 1E0418861, 7M0906265B, 7M5906265B, 7M5906265D; Lambdatunnistin,Happianturi<\/p>\n","protected":false},"excerpt":{"rendered":"<p>HELLA Lambda Anturi 6PA 358 066-251 Lambdatunnistin,Happianturi MAZDA,FORD,121 III JASM, JBSM,FIESTA V JH_, JD_,FOCUS Kombi DNW,FOCUS DAW, DBW<\/p>\n","protected":false},"featured_media":0,"template":"","meta":{"site-sidebar-layout":"default","site-content-layout":"default","ast-global-header-display":"","ast-main-header-display":"","ast-hfb-above-header-display":"","ast-hfb-below-header-display":"","ast-hfb-mobile-header-display":"","site-post-title":"","ast-breadcrumbs-content":"","ast-featured-img":"","footer-sml-layout":"","theme-transparent-header-meta":"","adv-header-id-meta":"","stick-header-meta":"","header-above-stick-meta":"","header-main-stick-meta":"","header-below-stick-meta":""},"pwb-brand":[24],"product_cat":[264],"product_tag":[],"class_list":{"0":"post-23612","1":"product","2":"type-product","3":"status-publish","5":"pwb-brand-hella","6":"product_cat-lambda-anturi","7":"desktop-align-left","8":"tablet-align-left","9":"mobile-align-left","11":"first","12":"instock","13":"product-type-external"},"brands":[{"id":24,"name":"HELLA","slug":"hella"}],"_links":{"self":[{"href":"https:\/\/www.autonvaraosahaku.fi\/index.php?rest_route=\/wp\/v2\/product\/23612","targetHints":{"allow":["GET"]}}],"collection":[{"href":"https:\/\/www.autonvaraosahaku.fi\/index.php?rest_route=\/wp\/v2\/product"}],"about":[{"href":"https:\/\/www.autonvaraosahaku.fi\/index.php?rest_route=\/wp\/v2\/types\/product"}],"wp:attachment":[{"href":"https:\/\/www.autonvaraosahaku.fi\/index.php?rest_route=%2Fwp%2Fv2%2Fmedia&parent=23612"}],"wp:term":[{"taxonomy":"pwb-brand","embeddable":true,"href":"https:\/\/www.autonvaraosahaku.fi\/index.php?rest_route=%2Fwp%2Fv2%2Fpwb-brand&post=23612"},{"taxonomy":"product_cat","embeddable":true,"href":"https:\/\/www.autonvaraosahaku.fi\/index.php?rest_route=%2Fwp%2Fv2%2Fproduct_cat&post=23612"},{"taxonomy":"product_tag","embeddable":true,"href":"https:\/\/www.autonvaraosahaku.fi\/index.php?rest_route=%2Fwp%2Fv2%2Fproduct_tag&post=23612"}],"curies":[{"name":"wp","href":"https:\/\/api.w.org\/{rel}","templated":true}]}}