{"id":23627,"date":"2021-02-21T14:51:14","date_gmt":"2021-02-21T14:51:14","guid":{"rendered":"https:\/\/www.autonvaraosahaku.fi\/?product=ate-13-0470-7298-2-jarrupalat"},"modified":"2021-02-21T14:51:16","modified_gmt":"2021-02-21T14:51:16","slug":"ate-13-0470-7298-2-jarrupalat","status":"publish","type":"product","link":"https:\/\/www.autonvaraosahaku.fi\/?product=ate-13-0470-7298-2-jarrupalat","title":{"rendered":"ATE 13.0470-7298.2 Jarrupalat"},"content":{"rendered":"<p>Leveys (mm): 140,1; Korkeus (mm): 40,0; Paksuus [mm]: 18,2; Kulumisenilmaisimen liitos: Ei kulumisenilmaisimelle, Ilman kulumisenilmaisinta; Jarruj\u00e4rjestelm\u00e4: ATE; Tarkistuskilpi: E1 90R-02A0258\/0036; MAPP-koodi saatavilla: ; M\u00e4\u00e4r\u00e4yksikk\u00f6: Akselisarja; Asennuspuoli: Vorderachse; DACIA: SANDERO II,LOGAN MCV II,LOGAN II; SMART: FORTWO Coupe 453,FORFOUR Schr\u00e4gheck 453,FORTWO Cabriolet 453; RENAULT: CLIO IV,TWINGO III,THALIA II LU1\/2_,CLIO IV Kasten,SANDERO\/STEPWAY II,LOGAN II Kombi,LOGAN II,THALIA III; 410602396R, 410602581R, 410605612R, 410609646R, 410602396R, 410602581R, 410605612R, 410609646R, 4534210000, 4534210010, 4534210100; Jarrupalasarja,Jarrupala, Levyjarru<\/p>\n","protected":false},"excerpt":{"rendered":"<p>ATE Jarrupalat Ceramic 13.0470-7298.2 Jarrupalasarja,Jarrupala, Levyjarru DACIA,SMART,RENAULT,SANDERO II,LOGAN MCV II,LOGAN II,FORTWO Coupe 453<\/p>\n","protected":false},"featured_media":0,"template":"","meta":{"site-sidebar-layout":"default","site-content-layout":"default","ast-global-header-display":"","ast-main-header-display":"","ast-hfb-above-header-display":"","ast-hfb-below-header-display":"","ast-hfb-mobile-header-display":"","site-post-title":"","ast-breadcrumbs-content":"","ast-featured-img":"","footer-sml-layout":"","theme-transparent-header-meta":"","adv-header-id-meta":"","stick-header-meta":"","header-above-stick-meta":"","header-main-stick-meta":"","header-below-stick-meta":""},"pwb-brand":[108],"product_cat":[100],"product_tag":[],"class_list":{"0":"post-23627","1":"product","2":"type-product","3":"status-publish","5":"pwb-brand-ate","6":"product_cat-jarrupalat","7":"desktop-align-left","8":"tablet-align-left","9":"mobile-align-left","11":"first","12":"instock","13":"product-type-external"},"brands":[{"id":108,"name":"ATE","slug":"ate"}],"_links":{"self":[{"href":"https:\/\/www.autonvaraosahaku.fi\/index.php?rest_route=\/wp\/v2\/product\/23627","targetHints":{"allow":["GET"]}}],"collection":[{"href":"https:\/\/www.autonvaraosahaku.fi\/index.php?rest_route=\/wp\/v2\/product"}],"about":[{"href":"https:\/\/www.autonvaraosahaku.fi\/index.php?rest_route=\/wp\/v2\/types\/product"}],"wp:attachment":[{"href":"https:\/\/www.autonvaraosahaku.fi\/index.php?rest_route=%2Fwp%2Fv2%2Fmedia&parent=23627"}],"wp:term":[{"taxonomy":"pwb-brand","embeddable":true,"href":"https:\/\/www.autonvaraosahaku.fi\/index.php?rest_route=%2Fwp%2Fv2%2Fpwb-brand&post=23627"},{"taxonomy":"product_cat","embeddable":true,"href":"https:\/\/www.autonvaraosahaku.fi\/index.php?rest_route=%2Fwp%2Fv2%2Fproduct_cat&post=23627"},{"taxonomy":"product_tag","embeddable":true,"href":"https:\/\/www.autonvaraosahaku.fi\/index.php?rest_route=%2Fwp%2Fv2%2Fproduct_tag&post=23627"}],"curies":[{"name":"wp","href":"https:\/\/api.w.org\/{rel}","templated":true}]}}