{"id":23651,"date":"2021-02-21T14:51:18","date_gmt":"2021-02-21T14:51:18","guid":{"rendered":"https:\/\/www.autonvaraosahaku.fi\/?product=ridex-455g0024-oljypohjan-tiiviste"},"modified":"2021-02-21T14:51:20","modified_gmt":"2021-02-21T14:51:20","slug":"ridex-455g0024-oljypohjan-tiiviste","status":"publish","type":"product","link":"https:\/\/www.autonvaraosahaku.fi\/?product=ridex-455g0024-oljypohjan-tiiviste","title":{"rendered":"RIDEX 455G0024 \u00d6ljypohjan tiiviste"},"content":{"rendered":"<p>Moottorinumero: K9K 714; NISSAN: QASHQAI \/ QASHQAI +2 J10, JJ10,MICRA III K12,NOTE E11,JUKE F15,NV200 EVALIA,NOTE E12,TIIDA Schr\u00e4gheck,NV200 Kasten,TIIDA Stufenheck SC11X,KUBISTAR X76,QASHQAI J11, J11_,KUBISTAR Kasten X80; MERCEDES-BENZ: B-CLASS W246, W242,A-CLASS W176,CLA Coupe C117,CITAN Kasten 415,CITAN Kombi 415,CITAN Mixto 415,GLA-CLASS X156,CLA Shooting Brake X117; DACIA: DUSTER,SANDERO,LOGAN MCV KS_,SANDERO II,LODGY,LOGAN MCV II,DOKKER,LOGAN LS_,DOKKER Express,LOGAN EXPRESS FS_,LOGAN Pick-up US_,LOGAN II,DUSTER Kasten; RENAULT: CLIO II BB0\/1\/2_, CB0\/1\/2_,CLIO III BR0\/1, CR0\/1,SC\u00c9NIC II JM0\/1_,KANGOO KC0\/1_,TWINGO II CN0_,MEGANE III Grandtour KZ0\/1,MODUS \/ GRAND MODUS F\/JP0_,MEGANE II Kombi KM0\/1_,MEGANE II Coup\u00e9-Cabriolet EM0\/1_,SC\u00c9NIC III JZ0\/1_,LAGUNA III Grandtour KT0\/1,CLIO IV,MEGANE III Schr\u00e4gheck BZ0_,MEGANE II BM0\/1_, CM0\/1_,GRAND SC\u00c9NIC III JZ0\/1_,MEGANE III Coupe DZ0\/1_,KANGOO \/ GRAND KANGOO KW0\/1_,KANGOO Express FC0\/1_,CLIO Grandtour KR0\/1_,GRAND SC\u00c9NIC II JM0\/1_,CAPTUR,LAGUNA III BT0\/1,KANGOO Express FW0\/1_,MEGANE II Stufenheck LM0\/1_,CLIO Grandtour IV,KANGOO BE BOP KW0\/1_,MEGANE CC EZ0\/1_,CLIO II Kasten SB0\/1\/2_,LAGUNA Coupe DT0\/1,WIND E4M_,FLUENCE L30_,LATITUDE L70_,THALIA I LB0\/1\/2_,SANDERO\/STEPWAY I,DUSTER,LOGAN I Kombi KS_,LOGAN I LS_,THALIA II LU1\/2_,KADJAR,MEGANE IV B9A\/M_,TALISMAN Grandtour KP_,LOGAN EXPRESS,TALISMAN,GRAND SC\u00c9NIC IV R9_,SC\u00c9NIC IV J9_; 6070140000, 1112100QAG, 8200379654; Tiiviste, \u00d6ljypohja<\/p>\n","protected":false},"excerpt":{"rendered":"<p>RIDEX \u00d6ljypohjan Tiiviste 455G0024 Tiiviste, \u00d6ljypohja NISSAN,MERCEDES-BENZ,DACIA,QASHQAI \/ QASHQAI +2 J10, JJ10,MICRA III K12,NOTE E11,JUKE F15<\/p>\n","protected":false},"featured_media":0,"template":"","meta":{"site-sidebar-layout":"default","site-content-layout":"default","ast-global-header-display":"","ast-main-header-display":"","ast-hfb-above-header-display":"","ast-hfb-below-header-display":"","ast-hfb-mobile-header-display":"","site-post-title":"","ast-breadcrumbs-content":"","ast-featured-img":"","footer-sml-layout":"","theme-transparent-header-meta":"","adv-header-id-meta":"","stick-header-meta":"","header-above-stick-meta":"","header-main-stick-meta":"","header-below-stick-meta":""},"pwb-brand":[157],"product_cat":[180],"product_tag":[],"class_list":{"0":"post-23651","1":"product","2":"type-product","3":"status-publish","5":"pwb-brand-ridex","6":"product_cat-oljypohjan-tiiviste","7":"desktop-align-left","8":"tablet-align-left","9":"mobile-align-left","11":"first","12":"instock","13":"product-type-external"},"brands":[{"id":157,"name":"RIDEX","slug":"ridex"}],"_links":{"self":[{"href":"https:\/\/www.autonvaraosahaku.fi\/index.php?rest_route=\/wp\/v2\/product\/23651","targetHints":{"allow":["GET"]}}],"collection":[{"href":"https:\/\/www.autonvaraosahaku.fi\/index.php?rest_route=\/wp\/v2\/product"}],"about":[{"href":"https:\/\/www.autonvaraosahaku.fi\/index.php?rest_route=\/wp\/v2\/types\/product"}],"wp:attachment":[{"href":"https:\/\/www.autonvaraosahaku.fi\/index.php?rest_route=%2Fwp%2Fv2%2Fmedia&parent=23651"}],"wp:term":[{"taxonomy":"pwb-brand","embeddable":true,"href":"https:\/\/www.autonvaraosahaku.fi\/index.php?rest_route=%2Fwp%2Fv2%2Fpwb-brand&post=23651"},{"taxonomy":"product_cat","embeddable":true,"href":"https:\/\/www.autonvaraosahaku.fi\/index.php?rest_route=%2Fwp%2Fv2%2Fproduct_cat&post=23651"},{"taxonomy":"product_tag","embeddable":true,"href":"https:\/\/www.autonvaraosahaku.fi\/index.php?rest_route=%2Fwp%2Fv2%2Fproduct_tag&post=23651"}],"curies":[{"name":"wp","href":"https:\/\/api.w.org\/{rel}","templated":true}]}}