{"id":23652,"date":"2021-02-21T14:51:18","date_gmt":"2021-02-21T14:51:18","guid":{"rendered":"https:\/\/www.autonvaraosahaku.fi\/?product=johns-55-82-38-0-sivupeilit"},"modified":"2021-02-21T14:51:21","modified_gmt":"2021-02-21T14:51:21","slug":"johns-55-82-38-0-sivupeilit","status":"publish","type":"product","link":"https:\/\/www.autonvaraosahaku.fi\/?product=johns-55-82-38-0-sivupeilit","title":{"rendered":"JOHNS 55 82 38-0 Sivupeilit"},"content":{"rendered":"<p>Asennuspuoli: Oikea; V\u00e4ri: Musta; Ulko-\/sis\u00e4peili: Asf\u00e4\u00e4rinen; OPEL: VIVARO Combi,VIVARO Kasten,VIVARO Pritsche\/Fahrgestell; RENAULT: TRAFIC III Kasten,TRAFIC III Bus,TRAFIC III Pritsche\/Fahrgestell EG_; FIAT: TALENTO Kasten 296_,TALENTO Bus 296_,TALENTO Pritsche\/Fahrgestell 296_; 4422961, 4422987, 4422999, 93451847, 963019473R, 963651699R, 963745863R; Ulkopeilit,Ulkopeili<\/p>\n","protected":false},"excerpt":{"rendered":"<p>JOHNS Sivupeilit 55 82 38-0 Ulkopeilit,Ulkopeili OPEL,RENAULT,FIAT,VIVARO Combi,VIVARO Kasten,VIVARO Pritsche\/Fahrgestell,TRAFIC III Kasten<\/p>\n","protected":false},"featured_media":0,"template":"","meta":{"site-sidebar-layout":"default","site-content-layout":"default","ast-global-header-display":"","ast-main-header-display":"","ast-hfb-above-header-display":"","ast-hfb-below-header-display":"","ast-hfb-mobile-header-display":"","site-post-title":"","ast-breadcrumbs-content":"","ast-featured-img":"","footer-sml-layout":"","theme-transparent-header-meta":"","adv-header-id-meta":"","stick-header-meta":"","header-above-stick-meta":"","header-main-stick-meta":"","header-below-stick-meta":""},"pwb-brand":[214],"product_cat":[220],"product_tag":[],"class_list":{"0":"post-23652","1":"product","2":"type-product","3":"status-publish","5":"pwb-brand-johns","6":"product_cat-sivupeilit","7":"desktop-align-left","8":"tablet-align-left","9":"mobile-align-left","11":"first","12":"instock","13":"product-type-external"},"brands":[{"id":214,"name":"JOHNS","slug":"johns"}],"_links":{"self":[{"href":"https:\/\/www.autonvaraosahaku.fi\/index.php?rest_route=\/wp\/v2\/product\/23652","targetHints":{"allow":["GET"]}}],"collection":[{"href":"https:\/\/www.autonvaraosahaku.fi\/index.php?rest_route=\/wp\/v2\/product"}],"about":[{"href":"https:\/\/www.autonvaraosahaku.fi\/index.php?rest_route=\/wp\/v2\/types\/product"}],"wp:attachment":[{"href":"https:\/\/www.autonvaraosahaku.fi\/index.php?rest_route=%2Fwp%2Fv2%2Fmedia&parent=23652"}],"wp:term":[{"taxonomy":"pwb-brand","embeddable":true,"href":"https:\/\/www.autonvaraosahaku.fi\/index.php?rest_route=%2Fwp%2Fv2%2Fpwb-brand&post=23652"},{"taxonomy":"product_cat","embeddable":true,"href":"https:\/\/www.autonvaraosahaku.fi\/index.php?rest_route=%2Fwp%2Fv2%2Fproduct_cat&post=23652"},{"taxonomy":"product_tag","embeddable":true,"href":"https:\/\/www.autonvaraosahaku.fi\/index.php?rest_route=%2Fwp%2Fv2%2Fproduct_tag&post=23652"}],"curies":[{"name":"wp","href":"https:\/\/api.w.org\/{rel}","templated":true}]}}