{"id":23661,"date":"2021-02-21T14:51:23","date_gmt":"2021-02-21T14:51:23","guid":{"rendered":"https:\/\/www.autonvaraosahaku.fi\/?product=ridex-251t0055-tukivarren-hela"},"modified":"2021-02-21T14:51:24","modified_gmt":"2021-02-21T14:51:24","slug":"ridex-251t0055-tukivarren-hela","status":"publish","type":"product","link":"https:\/\/www.autonvaraosahaku.fi\/?product=ridex-251t0055-tukivarren-hela","title":{"rendered":"RIDEX 251T0055 Tukivarren hela"},"content":{"rendered":"<p>Sis\u00e4l\u00e4pimitta [mm]: 12,1; Ulkol\u00e4pimitta [mm]: 32,3; Pituus (mm): 34,9; Asennuspuoli: Hinterachse; MAZDA: 5 CR19,3 BK,PREMACY CP,CX-7 ER,3 BL,5 CW,3 Stufenheck BK,3 Stufenheck BL; KIA: SPORTAGE SL,CEE&#8217;D SW ED,CEE&#8217;D Schr\u00e4gheck ED,PRO CEE&#8217;D ED; HYUNDAI: ix35 LM, EL, ELH,i30 FD,i30 CW FD,i40 CW VF,i40 VF,ELANTRA Stufenheck HD,GRANDEUR HG; VOLVO: V50 MW,C30,S40 II MS,C70 II Cabriolet; FORD: FOCUS II Kombi DA_,FOCUS Kombi DNW,FOCUS II DA_,FOCUS DAW, DBW,FOCUS C-MAX,C-MAX DM2,FOCUS Stufenheck DFW,FOCUS II Stufenheck DA_,FOCUS II Cabriolet; 1061668, 1105524, YS415K743AB, 552532S000, 552562G000, 552532S000, 552561H000, 552562G000, BP4K28500E, C23628500A, 30683067<\/p>\n","protected":false},"excerpt":{"rendered":"<p>RIDEX Tukivarren Hela 251T0055  MAZDA,KIA,HYUNDAI,5 CR19,3 BK,PREMACY CP,CX-7 ER,3 BL,5 CW,3 Stufenheck BK,3 Stufenheck BL,SPORTAGE SL,CEE&#8217;D SW ED<\/p>\n","protected":false},"featured_media":0,"template":"","meta":{"site-sidebar-layout":"default","site-content-layout":"default","ast-global-header-display":"","ast-main-header-display":"","ast-hfb-above-header-display":"","ast-hfb-below-header-display":"","ast-hfb-mobile-header-display":"","site-post-title":"","ast-breadcrumbs-content":"","ast-featured-img":"","footer-sml-layout":"","theme-transparent-header-meta":"","adv-header-id-meta":"","stick-header-meta":"","header-above-stick-meta":"","header-main-stick-meta":"","header-below-stick-meta":""},"pwb-brand":[157],"product_cat":[115],"product_tag":[],"class_list":{"0":"post-23661","1":"product","2":"type-product","3":"status-publish","5":"pwb-brand-ridex","6":"product_cat-tukivarren-hela","7":"desktop-align-left","8":"tablet-align-left","9":"mobile-align-left","11":"first","12":"instock","13":"product-type-external"},"brands":[{"id":157,"name":"RIDEX","slug":"ridex"}],"_links":{"self":[{"href":"https:\/\/www.autonvaraosahaku.fi\/index.php?rest_route=\/wp\/v2\/product\/23661","targetHints":{"allow":["GET"]}}],"collection":[{"href":"https:\/\/www.autonvaraosahaku.fi\/index.php?rest_route=\/wp\/v2\/product"}],"about":[{"href":"https:\/\/www.autonvaraosahaku.fi\/index.php?rest_route=\/wp\/v2\/types\/product"}],"wp:attachment":[{"href":"https:\/\/www.autonvaraosahaku.fi\/index.php?rest_route=%2Fwp%2Fv2%2Fmedia&parent=23661"}],"wp:term":[{"taxonomy":"pwb-brand","embeddable":true,"href":"https:\/\/www.autonvaraosahaku.fi\/index.php?rest_route=%2Fwp%2Fv2%2Fpwb-brand&post=23661"},{"taxonomy":"product_cat","embeddable":true,"href":"https:\/\/www.autonvaraosahaku.fi\/index.php?rest_route=%2Fwp%2Fv2%2Fproduct_cat&post=23661"},{"taxonomy":"product_tag","embeddable":true,"href":"https:\/\/www.autonvaraosahaku.fi\/index.php?rest_route=%2Fwp%2Fv2%2Fproduct_tag&post=23661"}],"curies":[{"name":"wp","href":"https:\/\/api.w.org\/{rel}","templated":true}]}}