{"id":23669,"date":"2021-02-21T14:51:23","date_gmt":"2021-02-21T14:51:23","guid":{"rendered":"https:\/\/www.autonvaraosahaku.fi\/?product=prasco-vg0402120-puskurin-ritila"},"modified":"2021-02-21T14:51:25","modified_gmt":"2021-02-21T14:51:25","slug":"prasco-vg0402120-puskurin-ritila","status":"publish","type":"product","link":"https:\/\/www.autonvaraosahaku.fi\/?product=prasco-vg0402120-puskurin-ritila","title":{"rendered":"PRASCO VG0402120 Puskurin ritil\u00e4"},"content":{"rendered":"<p>Laatu: Premium; Asennuspuoli: Edess\u00e4; Osa: Keski osa; Paino [kg]: 0,42; lis\u00e4tieto: Premium; VW: GOLF PLUS 5M1, 521; 5M0853677, 5M08536779B9; Ritil\u00e4<\/p>\n","protected":false},"excerpt":{"rendered":"<p>PRASCO Puskurin Ritil\u00e4 VG0402120 Ritil\u00e4 VW,GOLF PLUS 5M1, 521<\/p>\n","protected":false},"featured_media":0,"template":"","meta":{"site-sidebar-layout":"default","site-content-layout":"default","ast-global-header-display":"","ast-main-header-display":"","ast-hfb-above-header-display":"","ast-hfb-below-header-display":"","ast-hfb-mobile-header-display":"","site-post-title":"","ast-breadcrumbs-content":"","ast-featured-img":"","footer-sml-layout":"","theme-transparent-header-meta":"","adv-header-id-meta":"","stick-header-meta":"","header-above-stick-meta":"","header-main-stick-meta":"","header-below-stick-meta":""},"pwb-brand":[406],"product_cat":[259],"product_tag":[],"class_list":{"0":"post-23669","1":"product","2":"type-product","3":"status-publish","5":"pwb-brand-prasco","6":"product_cat-puskurin-ritila","7":"desktop-align-left","8":"tablet-align-left","9":"mobile-align-left","11":"first","12":"instock","13":"product-type-external"},"brands":[{"id":406,"name":"PRASCO","slug":"prasco"}],"_links":{"self":[{"href":"https:\/\/www.autonvaraosahaku.fi\/index.php?rest_route=\/wp\/v2\/product\/23669","targetHints":{"allow":["GET"]}}],"collection":[{"href":"https:\/\/www.autonvaraosahaku.fi\/index.php?rest_route=\/wp\/v2\/product"}],"about":[{"href":"https:\/\/www.autonvaraosahaku.fi\/index.php?rest_route=\/wp\/v2\/types\/product"}],"wp:attachment":[{"href":"https:\/\/www.autonvaraosahaku.fi\/index.php?rest_route=%2Fwp%2Fv2%2Fmedia&parent=23669"}],"wp:term":[{"taxonomy":"pwb-brand","embeddable":true,"href":"https:\/\/www.autonvaraosahaku.fi\/index.php?rest_route=%2Fwp%2Fv2%2Fpwb-brand&post=23669"},{"taxonomy":"product_cat","embeddable":true,"href":"https:\/\/www.autonvaraosahaku.fi\/index.php?rest_route=%2Fwp%2Fv2%2Fproduct_cat&post=23669"},{"taxonomy":"product_tag","embeddable":true,"href":"https:\/\/www.autonvaraosahaku.fi\/index.php?rest_route=%2Fwp%2Fv2%2Fproduct_tag&post=23669"}],"curies":[{"name":"wp","href":"https:\/\/api.w.org\/{rel}","templated":true}]}}