{"id":23673,"date":"2021-02-21T14:51:23","date_gmt":"2021-02-21T14:51:23","guid":{"rendered":"https:\/\/www.autonvaraosahaku.fi\/?product=monroe-ml5832-konepellin-kaasujousi"},"modified":"2021-02-21T14:51:25","modified_gmt":"2021-02-21T14:51:25","slug":"monroe-ml5832-konepellin-kaasujousi","status":"publish","type":"product","link":"https:\/\/www.autonvaraosahaku.fi\/?product=monroe-ml5832-konepellin-kaasujousi","title":{"rendered":"MONROE ML5832 Konepellin kaasujousi"},"content":{"rendered":"<p>Pituus (mm): 390; Paino [kg]: 0,262; Sylinterin halkaisija [mm]: 18,5; Isku (mm): 155; Ty\u00f6nt\u00f6voima [N]: 360; Jousijalan l\u00e4pimitta [mm]: 8; Pakkauspituus [cm]: 57,5; Pakkausleveys [cm]: 3; Pakkauskorkeus [mm]: 3; Rakennemalli: Caravelle; VW: TRANSPORTER V Bus 7HB, 7HJ, 7EB, 7EJ, 7EF,TRANSPORTER V Kasten 7HA, 7HH, 7EA, 7EH,TRANSPORTER V Pritsche\/Fahrgestell 7JD, 7JE, 7JL, 7JY, 7JZ,,TRANSPORTER III Kasten,MULTIVAN VI SGF, SGM, SGN,TRANSPORTER VI Bus SGB, SGG, SGJ,TRANSPORTER VI Kasten SGA, SGH,TRANSPORTER VI Pritsche\/Fahrgestell SFD, SFE, SFL, SFZ; NISSAN: L-Serie; JAGUAR: X-TYPE CF1,X-TYPE Estate; 1X4316C826AC, C2S1927, 7H0823359A, 7H0823359B, 7H0823359C; Kaasujousi, Konepelti<\/p>\n","protected":false},"excerpt":{"rendered":"<p>MONROE Konepellin Kaasujousi MONROE MaxLift ML5832 Kaasujousi, Konepelti VW,NISSAN,JAGUAR,TRANSPORTER V Bus 7HB, 7HJ, 7EB, 7EJ, 7EF<\/p>\n","protected":false},"featured_media":0,"template":"","meta":{"site-sidebar-layout":"default","site-content-layout":"default","ast-global-header-display":"","ast-main-header-display":"","ast-hfb-above-header-display":"","ast-hfb-below-header-display":"","ast-hfb-mobile-header-display":"","site-post-title":"","ast-breadcrumbs-content":"","ast-featured-img":"","footer-sml-layout":"","theme-transparent-header-meta":"","adv-header-id-meta":"","stick-header-meta":"","header-above-stick-meta":"","header-main-stick-meta":"","header-below-stick-meta":""},"pwb-brand":[79],"product_cat":[194],"product_tag":[],"class_list":{"0":"post-23673","1":"product","2":"type-product","3":"status-publish","5":"pwb-brand-monroe","6":"product_cat-konepellin-kaasujousi","7":"desktop-align-left","8":"tablet-align-left","9":"mobile-align-left","11":"first","12":"instock","13":"product-type-external"},"brands":[{"id":79,"name":"MONROE","slug":"monroe"}],"_links":{"self":[{"href":"https:\/\/www.autonvaraosahaku.fi\/index.php?rest_route=\/wp\/v2\/product\/23673","targetHints":{"allow":["GET"]}}],"collection":[{"href":"https:\/\/www.autonvaraosahaku.fi\/index.php?rest_route=\/wp\/v2\/product"}],"about":[{"href":"https:\/\/www.autonvaraosahaku.fi\/index.php?rest_route=\/wp\/v2\/types\/product"}],"wp:attachment":[{"href":"https:\/\/www.autonvaraosahaku.fi\/index.php?rest_route=%2Fwp%2Fv2%2Fmedia&parent=23673"}],"wp:term":[{"taxonomy":"pwb-brand","embeddable":true,"href":"https:\/\/www.autonvaraosahaku.fi\/index.php?rest_route=%2Fwp%2Fv2%2Fpwb-brand&post=23673"},{"taxonomy":"product_cat","embeddable":true,"href":"https:\/\/www.autonvaraosahaku.fi\/index.php?rest_route=%2Fwp%2Fv2%2Fproduct_cat&post=23673"},{"taxonomy":"product_tag","embeddable":true,"href":"https:\/\/www.autonvaraosahaku.fi\/index.php?rest_route=%2Fwp%2Fv2%2Fproduct_tag&post=23673"}],"curies":[{"name":"wp","href":"https:\/\/api.w.org\/{rel}","templated":true}]}}