{"id":23688,"date":"2021-02-21T14:51:27","date_gmt":"2021-02-21T14:51:27","guid":{"rendered":"https:\/\/www.autonvaraosahaku.fi\/?product=meyle-614-322-0000-oljynsuodatin"},"modified":"2021-02-21T14:51:29","modified_gmt":"2021-02-21T14:51:29","slug":"meyle-614-322-0000-oljynsuodatin","status":"publish","type":"product","link":"https:\/\/www.autonvaraosahaku.fi\/?product=meyle-614-322-0000-oljynsuodatin","title":{"rendered":"MEYLE 614 322 0000 \u00d6ljynsuodatin"},"content":{"rendered":"<p>Ulkol\u00e4pimitta [mm]: 65,5; Suodatintyyppi: Ruuvattava suodatin; Kierremitta: M20x1,5; Korkeus (mm): 85,6; Korvaava tuote\/korvaava tiedote 2: yhdell\u00e4 peruutuksenestoventtiilill\u00e4; Avauspaine ohitusventtiili [bar]: 1; lis\u00e4tieto: ORIGINAL Quality; Valmistusvuoteen: 06\/1985; MAZDA: B-SERIE UN,626 II GC,626 II Hatchback GC,929 III HC,MPV I LV,929 II Coupe HB,929 II HB,929 II Kombi HV; NISSAN: PATHFINDER R51,PATHFINDER R50,MAXIMA QX A33,MAXIMA QX A32,MAXIMA Station Wagon; LANCIA: YPSILON 843,MUSA 350,YPSILON 312, 846; OPEL: CORSA B 73_, 78_, 79_,CORSA A CC 93_, 94_, 98_, 99_,COMBO 71_,CORSA A TR 91_, 92_, 96_, 97_,CORSA B Kasten 73_,MONTEREY B,CORSA A Kasten; VOLVO: V40 Kombi VW,S40 I VS; INFINITI: FX,EX; ALFA ROMEO: MITO 955; FIAT: GRANDE PUNTO 199,PUNTO 188,PANDA 169,500 312,STILO 192,BRAVO II 198,SEICENTO 187,PUNTO EVO 199,DOBLO Cargo 223,500 C 312,STILO Multi Wagon 192,DOBLO 119,DOBLO Kasten\/Kombi 263,PANDA Van 169,IDEA,STRADA Pick-up 178E,QUBO 225,DOBLO Gro\u00dfraumlimousine 152, 263,PUNTO Van 188AX,BRAVO I 182,BRAVA 182,MAREA Weekend 185,FIORINO Kasten\/Kombi 225,PALIO Weekend 178DX,LINEA 323,DOBLO Pritsche\/Fahrgestell 263,MAREA 185; CITRO\u00cbN: C-CROSSER EP_,C4 AIRCROSS,C-CROSSER ENTERPRISE; PEUGEOT: 4007 GP_,4008; 71736161, 1109AE, 1109CG, 46751179, 71736161, 3803268, 15400P0H004, 152089E000, 8943687270, 8944128150, 0JE1514302, 46751179, G6Y014302A, MD05281090, MD320276, MD352627, MZ690072, 1520831000, 1520831U00, 1520831U01, 152087B000, 152089E000, AY100NS006, 0649007, 0649010, 0649012, 0649013, 0649014, 5650301, 649007, 649010, 649012, 649013, 649014, 1109AC, 1109CG, 0649014, 649014, 11715849, 30866266<\/p>\n","protected":false},"excerpt":{"rendered":"<p>MEYLE \u00d6ljynsuodatin 614 322 0000  MAZDA,NISSAN,LANCIA,B-SERIE UN,626 II GC,626 II Hatchback GC,929 III HC,MPV I LV,929 II Coupe HB,929 II HB<\/p>\n","protected":false},"featured_media":0,"template":"","meta":{"site-sidebar-layout":"default","site-content-layout":"default","ast-global-header-display":"","ast-main-header-display":"","ast-hfb-above-header-display":"","ast-hfb-below-header-display":"","ast-hfb-mobile-header-display":"","site-post-title":"","ast-breadcrumbs-content":"","ast-featured-img":"","footer-sml-layout":"","theme-transparent-header-meta":"","adv-header-id-meta":"","stick-header-meta":"","header-above-stick-meta":"","header-main-stick-meta":"","header-below-stick-meta":""},"pwb-brand":[84],"product_cat":[30],"product_tag":[],"class_list":{"0":"post-23688","1":"product","2":"type-product","3":"status-publish","5":"pwb-brand-meyle","6":"product_cat-oljynsuodatin","7":"desktop-align-left","8":"tablet-align-left","9":"mobile-align-left","11":"first","12":"instock","13":"product-type-external"},"brands":[{"id":84,"name":"MEYLE","slug":"meyle"}],"_links":{"self":[{"href":"https:\/\/www.autonvaraosahaku.fi\/index.php?rest_route=\/wp\/v2\/product\/23688","targetHints":{"allow":["GET"]}}],"collection":[{"href":"https:\/\/www.autonvaraosahaku.fi\/index.php?rest_route=\/wp\/v2\/product"}],"about":[{"href":"https:\/\/www.autonvaraosahaku.fi\/index.php?rest_route=\/wp\/v2\/types\/product"}],"wp:attachment":[{"href":"https:\/\/www.autonvaraosahaku.fi\/index.php?rest_route=%2Fwp%2Fv2%2Fmedia&parent=23688"}],"wp:term":[{"taxonomy":"pwb-brand","embeddable":true,"href":"https:\/\/www.autonvaraosahaku.fi\/index.php?rest_route=%2Fwp%2Fv2%2Fpwb-brand&post=23688"},{"taxonomy":"product_cat","embeddable":true,"href":"https:\/\/www.autonvaraosahaku.fi\/index.php?rest_route=%2Fwp%2Fv2%2Fproduct_cat&post=23688"},{"taxonomy":"product_tag","embeddable":true,"href":"https:\/\/www.autonvaraosahaku.fi\/index.php?rest_route=%2Fwp%2Fv2%2Fproduct_tag&post=23688"}],"curies":[{"name":"wp","href":"https:\/\/api.w.org\/{rel}","templated":true}]}}