{"id":23689,"date":"2021-02-21T14:51:27","date_gmt":"2021-02-21T14:51:27","guid":{"rendered":"https:\/\/www.autonvaraosahaku.fi\/?product=lemforder-39551-01-muut-luokat"},"modified":"2021-02-21T14:51:29","modified_gmt":"2021-02-21T14:51:29","slug":"lemforder-39551-01-muut-luokat","status":"publish","type":"product","link":"https:\/\/www.autonvaraosahaku.fi\/?product=lemforder-39551-01-muut-luokat","title":{"rendered":"LEMF\u00d6RDER 39551 01 Muut luokat"},"content":{"rendered":"<p>Asennuspuoli: Taka-akseli, Molemminpuolin; tuotenumerolle: 36831 01; VOLVO: V50 MW,C30,S40 II MS,C70 II Cabriolet; FORD: FOCUS II Kombi DA_,FOCUS Kombi DNW,FOCUS II DA_,FOCUS DAW, DBW,FOCUS C-MAX,KUGA I,C-MAX DM2,FOCUS Stufenheck DFW,FOCUS II Cabriolet; 1061670, 1456979, 1456980, 1473945, 1505134, 3M515K751AF, 3M515K978AE, 4648148, W703217S440, W707804S442, W713880S442, 30666821, 999259, 999263<\/p>\n","protected":false},"excerpt":{"rendered":"<p>LEMF\u00d6RDER Korjaussarja, Py\u00f6r\u00e4ntuenta Service Pack 39551 01  VOLVO,FORD,V50 MW,C30,S40 II MS,C70 II Cabriolet,FOCUS II Kombi DA_,FOCUS Kombi DNW<\/p>\n","protected":false},"featured_media":0,"template":"","meta":{"site-sidebar-layout":"default","site-content-layout":"default","ast-global-header-display":"","ast-main-header-display":"","ast-hfb-above-header-display":"","ast-hfb-below-header-display":"","ast-hfb-mobile-header-display":"","site-post-title":"","ast-breadcrumbs-content":"","ast-featured-img":"","footer-sml-layout":"","theme-transparent-header-meta":"","adv-header-id-meta":"","stick-header-meta":"","header-above-stick-meta":"","header-main-stick-meta":"","header-below-stick-meta":""},"pwb-brand":[77],"product_cat":[37],"product_tag":[],"class_list":{"0":"post-23689","1":"product","2":"type-product","3":"status-publish","5":"pwb-brand-lemforder","6":"product_cat-muut-luokat","7":"desktop-align-left","8":"tablet-align-left","9":"mobile-align-left","11":"first","12":"instock","13":"product-type-external"},"brands":[{"id":77,"name":"LEMF\u00d6RDER","slug":"lemforder"}],"_links":{"self":[{"href":"https:\/\/www.autonvaraosahaku.fi\/index.php?rest_route=\/wp\/v2\/product\/23689","targetHints":{"allow":["GET"]}}],"collection":[{"href":"https:\/\/www.autonvaraosahaku.fi\/index.php?rest_route=\/wp\/v2\/product"}],"about":[{"href":"https:\/\/www.autonvaraosahaku.fi\/index.php?rest_route=\/wp\/v2\/types\/product"}],"wp:attachment":[{"href":"https:\/\/www.autonvaraosahaku.fi\/index.php?rest_route=%2Fwp%2Fv2%2Fmedia&parent=23689"}],"wp:term":[{"taxonomy":"pwb-brand","embeddable":true,"href":"https:\/\/www.autonvaraosahaku.fi\/index.php?rest_route=%2Fwp%2Fv2%2Fpwb-brand&post=23689"},{"taxonomy":"product_cat","embeddable":true,"href":"https:\/\/www.autonvaraosahaku.fi\/index.php?rest_route=%2Fwp%2Fv2%2Fproduct_cat&post=23689"},{"taxonomy":"product_tag","embeddable":true,"href":"https:\/\/www.autonvaraosahaku.fi\/index.php?rest_route=%2Fwp%2Fv2%2Fproduct_tag&post=23689"}],"curies":[{"name":"wp","href":"https:\/\/api.w.org\/{rel}","templated":true}]}}