{"id":23691,"date":"2021-02-21T14:51:27","date_gmt":"2021-02-21T14:51:27","guid":{"rendered":"https:\/\/www.autonvaraosahaku.fi\/?product=gates-tvd1138-kampiakselin-hihnapyora"},"modified":"2021-02-21T14:51:29","modified_gmt":"2021-02-21T14:51:29","slug":"gates-tvd1138-kampiakselin-hihnapyora","status":"publish","type":"product","link":"https:\/\/www.autonvaraosahaku.fi\/?product=gates-tvd1138-kampiakselin-hihnapyora","title":{"rendered":"GATES TVD1138 Kampiakselin hihnapy\u00f6r\u00e4"},"content":{"rendered":"<p>Lis\u00e4tarvike\/lis\u00e4tieto: Ilman tarvikkeita; Tuotelinja: FleetRunner\u2122 Micro-V\u00ae Kit; Rakennemalli: Transit 280; FORD: TRANSIT MK-7 Kasten,TRANSIT MK-7 Bus,TRANSIT MK-7 Pritsche\/Fahrgestell,TRANSIT CUSTOM Kasten,TOURNEO CUSTOM Bus,TRANSIT TOURNEO FB,TRANSIT CUSTOM Bus,TRANSIT Custom  Bus,TRANSIT Custom Pritsche\/Fahrgestell; FIAT: DUCATO Kasten 250,DUCATO Pritsche\/Fahrgestell 250,DUCATO Bus 250; CITRO\u00cbN: JUMPER Kasten,JUMPER Bus,JUMPER Pritsche\/Fahrgestell; PEUGEOT: BOXER Kasten,BOXER Bus,BOXER Pritsche\/Fahrgestell; 0515S9, 0515T1, 96776081, 9677608180, 9659920080, 1372498, 1372756, 1376475, 1386188, 1387095, 1434432, 1539837, 1723700, 1731716, 6C1Q6B319AD, 6C1Q6B319AE, 6C1Q6B319AF, 6C1Q6B319CC, BK2Q6B319BA, BU3Q6B319AA, 0515S9, 0515T1, 96776081, 9677608180; Hihnapy\u00f6r\u00e4, Kampiakseli<\/p>\n","protected":false},"excerpt":{"rendered":"<p>GATES Kampiakselin Hihnapy\u00f6r\u00e4 TVD1138 Hihnapy\u00f6r\u00e4, Kampiakseli FORD,FIAT,CITRO\u00cbN,TRANSIT MK-7 Kasten,TRANSIT MK-7 Bus,TRANSIT MK-7 Pritsche\/Fahrgestell<\/p>\n","protected":false},"featured_media":0,"template":"","meta":{"site-sidebar-layout":"default","site-content-layout":"default","ast-global-header-display":"","ast-main-header-display":"","ast-hfb-above-header-display":"","ast-hfb-below-header-display":"","ast-hfb-mobile-header-display":"","site-post-title":"","ast-breadcrumbs-content":"","ast-featured-img":"","footer-sml-layout":"","theme-transparent-header-meta":"","adv-header-id-meta":"","stick-header-meta":"","header-above-stick-meta":"","header-main-stick-meta":"","header-below-stick-meta":""},"pwb-brand":[22],"product_cat":[219],"product_tag":[],"class_list":{"0":"post-23691","1":"product","2":"type-product","3":"status-publish","5":"pwb-brand-gates","6":"product_cat-kampiakselin-hihnapyora","7":"desktop-align-left","8":"tablet-align-left","9":"mobile-align-left","11":"first","12":"instock","13":"product-type-external"},"brands":[{"id":22,"name":"GATES","slug":"gates"}],"_links":{"self":[{"href":"https:\/\/www.autonvaraosahaku.fi\/index.php?rest_route=\/wp\/v2\/product\/23691","targetHints":{"allow":["GET"]}}],"collection":[{"href":"https:\/\/www.autonvaraosahaku.fi\/index.php?rest_route=\/wp\/v2\/product"}],"about":[{"href":"https:\/\/www.autonvaraosahaku.fi\/index.php?rest_route=\/wp\/v2\/types\/product"}],"wp:attachment":[{"href":"https:\/\/www.autonvaraosahaku.fi\/index.php?rest_route=%2Fwp%2Fv2%2Fmedia&parent=23691"}],"wp:term":[{"taxonomy":"pwb-brand","embeddable":true,"href":"https:\/\/www.autonvaraosahaku.fi\/index.php?rest_route=%2Fwp%2Fv2%2Fpwb-brand&post=23691"},{"taxonomy":"product_cat","embeddable":true,"href":"https:\/\/www.autonvaraosahaku.fi\/index.php?rest_route=%2Fwp%2Fv2%2Fproduct_cat&post=23691"},{"taxonomy":"product_tag","embeddable":true,"href":"https:\/\/www.autonvaraosahaku.fi\/index.php?rest_route=%2Fwp%2Fv2%2Fproduct_tag&post=23691"}],"curies":[{"name":"wp","href":"https:\/\/api.w.org\/{rel}","templated":true}]}}