{"id":23702,"date":"2021-02-21T14:51:32","date_gmt":"2021-02-21T14:51:32","guid":{"rendered":"https:\/\/www.autonvaraosahaku.fi\/?product=borsehung-b12830-muut-luokat"},"modified":"2021-02-21T14:51:32","modified_gmt":"2021-02-21T14:51:32","slug":"borsehung-b12830-muut-luokat","status":"publish","type":"product","link":"https:\/\/www.autonvaraosahaku.fi\/?product=borsehung-b12830-muut-luokat","title":{"rendered":"Borsehung B12830 Muut luokat"},"content":{"rendered":"<p>Tarvittava kappalem\u00e4\u00e4r\u00e4: 1; VW: GOLF V 1K1,TOURAN 1T1, 1T2,GOLF VI 5K1,PASSAT Variant 3C5,GOLF PLUS 5M1, 521,PASSAT 3C2,CADDY III Kombi 2KB, 2KJ, 2CB, 2CJ,GOLF VI Variant AJ5,GOLF V Variant 1K5,CADDY III Kasten 2KA, 2KH, 2CA, 2CH,EOS 1F7, 1F8,JETTA III 1K2,JETTA IV 162, 163; AUDI: A3 8P1,A3 Sportback 8PA,A3 Cabriolet 8P7; SKODA: OCTAVIA Combi 1Z5,OCTAVIA 1Z3; SEAT: ALTEA 5P1,TOLEDO III 5P2; 1K0129622D, 1TD129622, 1K0129622D, 1TD129622, 1K0129622D, 1TD129622, 1K0129622D, 1TD129622<\/p>\n","protected":false},"excerpt":{"rendered":"<p>Borsehung Sport Ilmasuodatinj\u00e4rjestelm\u00e4 B12830  VW,AUDI,SKODA,GOLF V 1K1,TOURAN 1T1, 1T2,GOLF VI 5K1,PASSAT Variant 3C5,GOLF PLUS 5M1, 521,PASSAT 3C2<\/p>\n","protected":false},"featured_media":0,"template":"","meta":{"site-sidebar-layout":"default","site-content-layout":"default","ast-global-header-display":"","ast-main-header-display":"","ast-hfb-above-header-display":"","ast-hfb-below-header-display":"","ast-hfb-mobile-header-display":"","site-post-title":"","ast-breadcrumbs-content":"","ast-featured-img":"","footer-sml-layout":"","theme-transparent-header-meta":"","adv-header-id-meta":"","stick-header-meta":"","header-above-stick-meta":"","header-main-stick-meta":"","header-below-stick-meta":""},"pwb-brand":[425],"product_cat":[37],"product_tag":[],"class_list":{"0":"post-23702","1":"product","2":"type-product","3":"status-publish","5":"pwb-brand-borsehung","6":"product_cat-muut-luokat","7":"desktop-align-left","8":"tablet-align-left","9":"mobile-align-left","11":"first","12":"instock","13":"product-type-external"},"brands":[{"id":425,"name":"Borsehung","slug":"borsehung"}],"_links":{"self":[{"href":"https:\/\/www.autonvaraosahaku.fi\/index.php?rest_route=\/wp\/v2\/product\/23702","targetHints":{"allow":["GET"]}}],"collection":[{"href":"https:\/\/www.autonvaraosahaku.fi\/index.php?rest_route=\/wp\/v2\/product"}],"about":[{"href":"https:\/\/www.autonvaraosahaku.fi\/index.php?rest_route=\/wp\/v2\/types\/product"}],"wp:attachment":[{"href":"https:\/\/www.autonvaraosahaku.fi\/index.php?rest_route=%2Fwp%2Fv2%2Fmedia&parent=23702"}],"wp:term":[{"taxonomy":"pwb-brand","embeddable":true,"href":"https:\/\/www.autonvaraosahaku.fi\/index.php?rest_route=%2Fwp%2Fv2%2Fpwb-brand&post=23702"},{"taxonomy":"product_cat","embeddable":true,"href":"https:\/\/www.autonvaraosahaku.fi\/index.php?rest_route=%2Fwp%2Fv2%2Fproduct_cat&post=23702"},{"taxonomy":"product_tag","embeddable":true,"href":"https:\/\/www.autonvaraosahaku.fi\/index.php?rest_route=%2Fwp%2Fv2%2Fproduct_tag&post=23702"}],"curies":[{"name":"wp","href":"https:\/\/api.w.org\/{rel}","templated":true}]}}