{"id":23704,"date":"2021-02-21T14:51:32","date_gmt":"2021-02-21T14:51:32","guid":{"rendered":"https:\/\/www.autonvaraosahaku.fi\/?product=seim-900924-muut-luokat"},"modified":"2021-02-21T14:51:32","modified_gmt":"2021-02-21T14:51:32","slug":"seim-900924-muut-luokat","status":"publish","type":"product","link":"https:\/\/www.autonvaraosahaku.fi\/?product=seim-900924-muut-luokat","title":{"rendered":"SEIM 900924 Muut luokat"},"content":{"rendered":"<p>Oviluku: 2\/3; Asennuspuoli: Eteen, vasen; K\u00e4ytt\u00f6: S\u00e4hk\u00f6inen; Erittely: moteur seul; MINI: MINI R50, R53,MINI Cabriolet R52; 67626955875; S\u00e4hk\u00f6moottori, Lasinnostin<\/p>\n","protected":false},"excerpt":{"rendered":"<p>SEIM Lasinnostin Moottori 900924 S\u00e4hk\u00f6moottori, Lasinnostin MINI,MINI R50, R53,MINI Cabriolet R52<\/p>\n","protected":false},"featured_media":0,"template":"","meta":{"site-sidebar-layout":"default","site-content-layout":"default","ast-global-header-display":"","ast-main-header-display":"","ast-hfb-above-header-display":"","ast-hfb-below-header-display":"","ast-hfb-mobile-header-display":"","site-post-title":"","ast-breadcrumbs-content":"","ast-featured-img":"","footer-sml-layout":"","theme-transparent-header-meta":"","adv-header-id-meta":"","stick-header-meta":"","header-above-stick-meta":"","header-main-stick-meta":"","header-below-stick-meta":""},"pwb-brand":[191],"product_cat":[37],"product_tag":[],"class_list":{"0":"post-23704","1":"product","2":"type-product","3":"status-publish","5":"pwb-brand-seim","6":"product_cat-muut-luokat","7":"desktop-align-left","8":"tablet-align-left","9":"mobile-align-left","11":"first","12":"instock","13":"product-type-external"},"brands":[{"id":191,"name":"SEIM","slug":"seim"}],"_links":{"self":[{"href":"https:\/\/www.autonvaraosahaku.fi\/index.php?rest_route=\/wp\/v2\/product\/23704","targetHints":{"allow":["GET"]}}],"collection":[{"href":"https:\/\/www.autonvaraosahaku.fi\/index.php?rest_route=\/wp\/v2\/product"}],"about":[{"href":"https:\/\/www.autonvaraosahaku.fi\/index.php?rest_route=\/wp\/v2\/types\/product"}],"wp:attachment":[{"href":"https:\/\/www.autonvaraosahaku.fi\/index.php?rest_route=%2Fwp%2Fv2%2Fmedia&parent=23704"}],"wp:term":[{"taxonomy":"pwb-brand","embeddable":true,"href":"https:\/\/www.autonvaraosahaku.fi\/index.php?rest_route=%2Fwp%2Fv2%2Fpwb-brand&post=23704"},{"taxonomy":"product_cat","embeddable":true,"href":"https:\/\/www.autonvaraosahaku.fi\/index.php?rest_route=%2Fwp%2Fv2%2Fproduct_cat&post=23704"},{"taxonomy":"product_tag","embeddable":true,"href":"https:\/\/www.autonvaraosahaku.fi\/index.php?rest_route=%2Fwp%2Fv2%2Fproduct_tag&post=23704"}],"curies":[{"name":"wp","href":"https:\/\/api.w.org\/{rel}","templated":true}]}}