{"id":23719,"date":"2021-02-21T14:51:36","date_gmt":"2021-02-21T14:51:36","guid":{"rendered":"https:\/\/www.autonvaraosahaku.fi\/?product=ridex-1080m0013-taka-akselin-puslat"},"modified":"2021-02-21T14:51:36","modified_gmt":"2021-02-21T14:51:36","slug":"ridex-1080m0013-taka-akselin-puslat","status":"publish","type":"product","link":"https:\/\/www.autonvaraosahaku.fi\/?product=ridex-1080m0013-taka-akselin-puslat","title":{"rendered":"RIDEX 1080M0013 Taka-akselin puslat"},"content":{"rendered":"<p>Kiinnitysmalli: Kumimetallilaakeri; Asennuspuoli: Edess\u00e4, Etuakseli; Sis\u00e4l\u00e4pimitta [mm]: 13,5; Ulkol\u00e4pimitta [mm]: 40; Pituus, sis\u00e4 (mm): 83,5; Pituus, ulko (mm): 52; RENAULT: ESPACE III JE0_,LAGUNA I B56_, 556_,LAGUNA I Grandtour K56_,ESPACE II J\/S63_; 7700826216; Apurungon Puslat,Akselinripustus<\/p>\n","protected":false},"excerpt":{"rendered":"<p>RIDEX Taka-akselin Puslat 1080M0013 Apurungon Puslat,Akselinripustus RENAULT,ESPACE III JE0_,LAGUNA I B56_, 556_,LAGUNA I Grandtour K56_<\/p>\n","protected":false},"featured_media":0,"template":"","meta":{"site-sidebar-layout":"default","site-content-layout":"default","ast-global-header-display":"","ast-main-header-display":"","ast-hfb-above-header-display":"","ast-hfb-below-header-display":"","ast-hfb-mobile-header-display":"","site-post-title":"","ast-breadcrumbs-content":"","ast-featured-img":"","footer-sml-layout":"","theme-transparent-header-meta":"","adv-header-id-meta":"","stick-header-meta":"","header-above-stick-meta":"","header-main-stick-meta":"","header-below-stick-meta":""},"pwb-brand":[157],"product_cat":[156],"product_tag":[],"class_list":{"0":"post-23719","1":"product","2":"type-product","3":"status-publish","5":"pwb-brand-ridex","6":"product_cat-taka-akselin-puslat","7":"desktop-align-left","8":"tablet-align-left","9":"mobile-align-left","11":"first","12":"instock","13":"product-type-external"},"brands":[{"id":157,"name":"RIDEX","slug":"ridex"}],"_links":{"self":[{"href":"https:\/\/www.autonvaraosahaku.fi\/index.php?rest_route=\/wp\/v2\/product\/23719","targetHints":{"allow":["GET"]}}],"collection":[{"href":"https:\/\/www.autonvaraosahaku.fi\/index.php?rest_route=\/wp\/v2\/product"}],"about":[{"href":"https:\/\/www.autonvaraosahaku.fi\/index.php?rest_route=\/wp\/v2\/types\/product"}],"wp:attachment":[{"href":"https:\/\/www.autonvaraosahaku.fi\/index.php?rest_route=%2Fwp%2Fv2%2Fmedia&parent=23719"}],"wp:term":[{"taxonomy":"pwb-brand","embeddable":true,"href":"https:\/\/www.autonvaraosahaku.fi\/index.php?rest_route=%2Fwp%2Fv2%2Fpwb-brand&post=23719"},{"taxonomy":"product_cat","embeddable":true,"href":"https:\/\/www.autonvaraosahaku.fi\/index.php?rest_route=%2Fwp%2Fv2%2Fproduct_cat&post=23719"},{"taxonomy":"product_tag","embeddable":true,"href":"https:\/\/www.autonvaraosahaku.fi\/index.php?rest_route=%2Fwp%2Fv2%2Fproduct_tag&post=23719"}],"curies":[{"name":"wp","href":"https:\/\/api.w.org\/{rel}","templated":true}]}}