{"id":23721,"date":"2021-02-21T14:51:36","date_gmt":"2021-02-21T14:51:36","guid":{"rendered":"https:\/\/www.autonvaraosahaku.fi\/?product=ridex-469o0072-oljynjaahdytin"},"modified":"2021-02-21T14:51:36","modified_gmt":"2021-02-21T14:51:36","slug":"ridex-469o0072-oljynjaahdytin","status":"publish","type":"product","link":"https:\/\/www.autonvaraosahaku.fi\/?product=ridex-469o0072-oljynjaahdytin","title":{"rendered":"RIDEX 469O0072 \u00d6ljynj\u00e4\u00e4hdytin"},"content":{"rendered":"<p>Kotelomalli: Kopalla; Kennon mitat: 141 x 71 x 0 mm; J\u00e4hdytysripamateriaali: Alumiini; Moottorinumero: 651950; JEEP: COMPASS MK49,PATRIOT MK74; MERCEDES-BENZ: C-CLASS W204,C-CLASS T-Model S204,E-CLASS W212,VIANO W639,E-CLASS T-Model S212,GLK-CLASS X204,VITO Bus W639,VITO \/ MIXTO Kasten W639,SPRINTER 3,5-t Kasten 906,S-CLASS W221,M-CLASS W166,E-CLASS Coupe C207,C-CLASS Coupe C204,SPRINTER 3,5-t Bus 906,SPRINTER 3-t Kasten 906,SLK R172,E-CLASS Cabriolet A207,CLS C218,SPRINTER 3,5-t Pritsche\/Fahrgestell 906,SPRINTER 3-t Bus 906,CLS Shooting Brake X218,S-CLASS W222, V222, X222,SPRINTER 5-t Kasten 906,SPRINTER 5-t Pritsche\/Fahrgestell 906,SPRINTER 3-t Pritsche\/Fahrgestell 906,SPRINTER 4,6-t Pritsche\/Fahrgestell 906,C-CLASS T-Model S205,SPRINTER 4,6-t Kasten 906,C-CLASS W205,V-CLASS W447,VITO Tourer W447,GLC X253,VITO Kasten W447,GLE W166,C-CLASS Coupe C205,VITO Mixto W447,GLC Coupe C253,SLC R172,C-CLASS Cabriolet A205; DODGE: CALIBER; 6511800610, 6511800665, 6511800810, 6511801310, 68091825AA, 68091825AB, 68091829AA, A6511800610, A6511800665, A6511800810, A6511801310, 6511800610, 6511800665, 6511800810, 6511801310, 68091825AA, 68091825AB, 68091829AA, A6511800610, A6511800665, A6511800810, A6511801310, 6511800610, 6511800665, 6511800810, 6511801310, 68091825AA, 68091829AA, A6511800610, A6511800665, A6511800810, A6511801310; \u00d6ljynlauhdutin,Moottori\u00f6ljyn J\u00e4\u00e4hdytin<\/p>\n","protected":false},"excerpt":{"rendered":"<p>RIDEX \u00d6ljynj\u00e4\u00e4hdytin 469O0072 \u00d6ljynlauhdutin,Moottori\u00f6ljyn J\u00e4\u00e4hdytin JEEP,MERCEDES-BENZ,DODGE,COMPASS MK49,PATRIOT MK74,C-CLASS W204<\/p>\n","protected":false},"featured_media":0,"template":"","meta":{"site-sidebar-layout":"default","site-content-layout":"default","ast-global-header-display":"","ast-main-header-display":"","ast-hfb-above-header-display":"","ast-hfb-below-header-display":"","ast-hfb-mobile-header-display":"","site-post-title":"","ast-breadcrumbs-content":"","ast-featured-img":"","footer-sml-layout":"","theme-transparent-header-meta":"","adv-header-id-meta":"","stick-header-meta":"","header-above-stick-meta":"","header-main-stick-meta":"","header-below-stick-meta":""},"pwb-brand":[157],"product_cat":[244],"product_tag":[],"class_list":{"0":"post-23721","1":"product","2":"type-product","3":"status-publish","5":"pwb-brand-ridex","6":"product_cat-oljynjaahdytin","7":"desktop-align-left","8":"tablet-align-left","9":"mobile-align-left","11":"first","12":"instock","13":"product-type-external"},"brands":[{"id":157,"name":"RIDEX","slug":"ridex"}],"_links":{"self":[{"href":"https:\/\/www.autonvaraosahaku.fi\/index.php?rest_route=\/wp\/v2\/product\/23721","targetHints":{"allow":["GET"]}}],"collection":[{"href":"https:\/\/www.autonvaraosahaku.fi\/index.php?rest_route=\/wp\/v2\/product"}],"about":[{"href":"https:\/\/www.autonvaraosahaku.fi\/index.php?rest_route=\/wp\/v2\/types\/product"}],"wp:attachment":[{"href":"https:\/\/www.autonvaraosahaku.fi\/index.php?rest_route=%2Fwp%2Fv2%2Fmedia&parent=23721"}],"wp:term":[{"taxonomy":"pwb-brand","embeddable":true,"href":"https:\/\/www.autonvaraosahaku.fi\/index.php?rest_route=%2Fwp%2Fv2%2Fpwb-brand&post=23721"},{"taxonomy":"product_cat","embeddable":true,"href":"https:\/\/www.autonvaraosahaku.fi\/index.php?rest_route=%2Fwp%2Fv2%2Fproduct_cat&post=23721"},{"taxonomy":"product_tag","embeddable":true,"href":"https:\/\/www.autonvaraosahaku.fi\/index.php?rest_route=%2Fwp%2Fv2%2Fproduct_tag&post=23721"}],"curies":[{"name":"wp","href":"https:\/\/api.w.org\/{rel}","templated":true}]}}