{"id":23735,"date":"2021-02-21T14:51:36","date_gmt":"2021-02-21T14:51:36","guid":{"rendered":"https:\/\/www.autonvaraosahaku.fi\/?product=daco-germany-452507r-iskunvaimennin"},"modified":"2021-02-21T14:51:38","modified_gmt":"2021-02-21T14:51:38","slug":"daco-germany-452507r-iskunvaimennin","status":"publish","type":"product","link":"https:\/\/www.autonvaraosahaku.fi\/?product=daco-germany-452507r-iskunvaimennin","title":{"rendered":"DACO Germany 452507R Iskunvaimennin"},"content":{"rendered":"<p>Asennuspuoli: Etuakseli, oikea; Iskunvaimennin tyyppi: Kaasupaine; Iskunvaimennin malli: Joustintuki; Iskunvaimennusj\u00e4rjestelm\u00e4: Kaksiputki; Alustarakenne: f\u00fcr Fahrzeuge mit Standard Fahrwerk; FORD: MONDEO IV Turnier BA7,MONDEO IV BA7,MONDEO IV Stufenheck BA7; VOLVO: V70 III BW,XC70 II,S80 II AS; 1376814, 1376829, 1376842, 1376844, 1376846, 1381823, 1381824, 1381827, 1381839, 1381840, 1384679, 1384680, 1384682, 1384722, 1384723, 1406401, 1406402, 1406404, 1406420, 1406421, 1424088, 1424089, 1424096, 1424287, 1424296, 1430873, 1430874, 1430875, 1430876, 1430877, 1436860, 1436862, 1436863, 1436864, 1436865, 1441592, 1441593, 1441594, 1441595, 1441596, 1539845, 1539846, 1539847, 1539848, 1539849, 1577907, 1577912, 1577936, 1577955, 1577959, 6G9118045AAB, 6G9118045AAC, 6G9118045AAD, 6G9118045AAE, 6G9118045AAF, 6G9118045AAG, 6G9118045AAH, 6G9118045AAJ, 6G9118045AAK, 6G9118045AAL, 6G9118045ABB, 6G9118045ABC, 6G9118045ABD, 6G9118045ABE, 6G9118045ABF, 6G9118045ABG, 6G9118045ABH, 6G9118045ABJ, 6G9118045ABK, 6G9118045ABL, 6G9118045ADB, 6G9118045ADC, 6G9118045ADD, 6G9118045ADE, 6G9118045ADF, 6G9118045ADG, 6G9118045ADH, 6G9118045ADJ, 6G9118045ADK, 6G9118045ADL, 6G9118045AEB, 6G9118045AEC, 6G9118045AED, 6G9118045AEE, 6G9118045AEF, 6G9118045AEG, 6G9118045AEH, 6G9118045AEJ, 6G9118045AEK, 6G&#8230;; Iskarit,Iskunvaimennin<\/p>\n","protected":false},"excerpt":{"rendered":"<p>DACO Germany Iskunvaimentimet 452507R Iskarit,Iskunvaimennin FORD,VOLVO,MONDEO IV Turnier BA7,MONDEO IV BA7,MONDEO IV Stufenheck BA7,V70 III BW<\/p>\n","protected":false},"featured_media":0,"template":"","meta":{"site-sidebar-layout":"default","site-content-layout":"default","ast-global-header-display":"","ast-main-header-display":"","ast-hfb-above-header-display":"","ast-hfb-below-header-display":"","ast-hfb-mobile-header-display":"","site-post-title":"","ast-breadcrumbs-content":"","ast-featured-img":"","footer-sml-layout":"","theme-transparent-header-meta":"","adv-header-id-meta":"","stick-header-meta":"","header-above-stick-meta":"","header-main-stick-meta":"","header-below-stick-meta":""},"pwb-brand":[349],"product_cat":[80],"product_tag":[],"class_list":{"0":"post-23735","1":"product","2":"type-product","3":"status-publish","5":"pwb-brand-daco-germany","6":"product_cat-iskunvaimennin","7":"desktop-align-left","8":"tablet-align-left","9":"mobile-align-left","11":"first","12":"instock","13":"product-type-external"},"brands":[{"id":349,"name":"DACO Germany","slug":"daco-germany"}],"_links":{"self":[{"href":"https:\/\/www.autonvaraosahaku.fi\/index.php?rest_route=\/wp\/v2\/product\/23735","targetHints":{"allow":["GET"]}}],"collection":[{"href":"https:\/\/www.autonvaraosahaku.fi\/index.php?rest_route=\/wp\/v2\/product"}],"about":[{"href":"https:\/\/www.autonvaraosahaku.fi\/index.php?rest_route=\/wp\/v2\/types\/product"}],"wp:attachment":[{"href":"https:\/\/www.autonvaraosahaku.fi\/index.php?rest_route=%2Fwp%2Fv2%2Fmedia&parent=23735"}],"wp:term":[{"taxonomy":"pwb-brand","embeddable":true,"href":"https:\/\/www.autonvaraosahaku.fi\/index.php?rest_route=%2Fwp%2Fv2%2Fpwb-brand&post=23735"},{"taxonomy":"product_cat","embeddable":true,"href":"https:\/\/www.autonvaraosahaku.fi\/index.php?rest_route=%2Fwp%2Fv2%2Fproduct_cat&post=23735"},{"taxonomy":"product_tag","embeddable":true,"href":"https:\/\/www.autonvaraosahaku.fi\/index.php?rest_route=%2Fwp%2Fv2%2Fproduct_tag&post=23735"}],"curies":[{"name":"wp","href":"https:\/\/api.w.org\/{rel}","templated":true}]}}