{"id":23739,"date":"2021-02-21T14:51:40","date_gmt":"2021-02-21T14:51:40","guid":{"rendered":"https:\/\/www.autonvaraosahaku.fi\/?product=febi-bilstein-106355-tukivarren-hela"},"modified":"2021-02-21T14:51:40","modified_gmt":"2021-02-21T14:51:40","slug":"febi-bilstein-106355-tukivarren-hela","status":"publish","type":"product","link":"https:\/\/www.autonvaraosahaku.fi\/?product=febi-bilstein-106355-tukivarren-hela","title":{"rendered":"FEBI BILSTEIN 106355 Tukivarren hela"},"content":{"rendered":"<p>Paksuus [mm]: 53,0; Sis\u00e4l\u00e4pimitta [mm]: 12,0; Ulkol\u00e4pimitta [mm]: 58,0; Materiaali: Kumi-metalli; Asennuspuoli: etuakseli molemminpuoleinen, Takana; Paino [kg]: 0,361, 0,361; RENAULT: KOLEOS HY_; NISSAN: QASHQAI \/ QASHQAI +2 J10, JJ10,X-TRAIL T31; 54500BB00A, 54500BB00ASK1, 54500BR30A, 54500BR30ASK1, 54500JD000, 54500JD000SK1, 54500JG000, 54500JG000SK1, 54500JG00A, 54500JG00ASK1, 54500JG00B, 54500JG00BSK1, 54501BB00A, 54501BB00ASK1, 54501BR30A, 54501BR30ASK1, 54501JD000, 54501JD000SK1, 54501JG000, 54501JG000SK1, 54501JG00A, 54501JG00ASK1, 54501JG00B, 54501JG00BSK1, 54570BB00A, 54570JD000, 544040445R, 544040445RSK1, 54500JY00A, 54500JY00ASK1, 54501JY00A, 54501JY00ASK1, 545055212R, 545055212RSK1<\/p>\n","protected":false},"excerpt":{"rendered":"<p>FEBI BILSTEIN Tukivarren Hela 106355  RENAULT,NISSAN,KOLEOS HY_,QASHQAI \/ QASHQAI +2 J10, JJ10,X-TRAIL T31<\/p>\n","protected":false},"featured_media":0,"template":"","meta":{"site-sidebar-layout":"default","site-content-layout":"default","ast-global-header-display":"","ast-main-header-display":"","ast-hfb-above-header-display":"","ast-hfb-below-header-display":"","ast-hfb-mobile-header-display":"","site-post-title":"","ast-breadcrumbs-content":"","ast-featured-img":"","footer-sml-layout":"","theme-transparent-header-meta":"","adv-header-id-meta":"","stick-header-meta":"","header-above-stick-meta":"","header-main-stick-meta":"","header-below-stick-meta":""},"pwb-brand":[50],"product_cat":[115],"product_tag":[],"class_list":{"0":"post-23739","1":"product","2":"type-product","3":"status-publish","5":"pwb-brand-febi-bilstein","6":"product_cat-tukivarren-hela","7":"desktop-align-left","8":"tablet-align-left","9":"mobile-align-left","11":"first","12":"instock","13":"product-type-external"},"brands":[{"id":50,"name":"FEBI BILSTEIN","slug":"febi-bilstein"}],"_links":{"self":[{"href":"https:\/\/www.autonvaraosahaku.fi\/index.php?rest_route=\/wp\/v2\/product\/23739","targetHints":{"allow":["GET"]}}],"collection":[{"href":"https:\/\/www.autonvaraosahaku.fi\/index.php?rest_route=\/wp\/v2\/product"}],"about":[{"href":"https:\/\/www.autonvaraosahaku.fi\/index.php?rest_route=\/wp\/v2\/types\/product"}],"wp:attachment":[{"href":"https:\/\/www.autonvaraosahaku.fi\/index.php?rest_route=%2Fwp%2Fv2%2Fmedia&parent=23739"}],"wp:term":[{"taxonomy":"pwb-brand","embeddable":true,"href":"https:\/\/www.autonvaraosahaku.fi\/index.php?rest_route=%2Fwp%2Fv2%2Fpwb-brand&post=23739"},{"taxonomy":"product_cat","embeddable":true,"href":"https:\/\/www.autonvaraosahaku.fi\/index.php?rest_route=%2Fwp%2Fv2%2Fproduct_cat&post=23739"},{"taxonomy":"product_tag","embeddable":true,"href":"https:\/\/www.autonvaraosahaku.fi\/index.php?rest_route=%2Fwp%2Fv2%2Fproduct_tag&post=23739"}],"curies":[{"name":"wp","href":"https:\/\/api.w.org\/{rel}","templated":true}]}}