{"id":23759,"date":"2021-02-21T14:51:44","date_gmt":"2021-02-21T14:51:44","guid":{"rendered":"https:\/\/www.autonvaraosahaku.fi\/?product=dakatec-3087011-paisuntasailion-korkki"},"modified":"2021-02-21T14:51:45","modified_gmt":"2021-02-21T14:51:45","slug":"dakatec-3087011-paisuntasailion-korkki","status":"publish","type":"product","link":"https:\/\/www.autonvaraosahaku.fi\/?product=dakatec-3087011-paisuntasailion-korkki","title":{"rendered":"DAKAtec 3087011 Paisuntas\u00e4ili\u00f6n korkki"},"content":{"rendered":"<p>Paine (bar): 1,5; Paino [g]: 100; VOLVO: V40 Kombi VW,V70 II SW,XC90 I,V70 I LV,S60 I,850 Kombi LW,S80 I TS, XY,XC70 CROSS COUNTRY,S40 I VS,940 Kombi 945,740 Kombi 745,C70 I Cabriolet,C70 I Coupe,850 LS,960 II Kombi 965,740 744,S70 LS,940 944,V90 Kombi,760 704, 764,760 Kombi 704, 765,960 964,S90; 1274100, 1357390, 30811055, 30864125, 410655, 9142682, 91426825, 9445462; Korkki, Paisuntas\u00e4ili\u00f6<\/p>\n","protected":false},"excerpt":{"rendered":"<p>DAKAtec Paisuntas\u00e4ili\u00f6n Korkki 3087011 Korkki, Paisuntas\u00e4ili\u00f6 VOLVO,V40 Kombi VW,V70 II SW,XC90 I,V70 I LV,S60 I,850 Kombi LW,S80 I TS, XY<\/p>\n","protected":false},"featured_media":0,"template":"","meta":{"site-sidebar-layout":"default","site-content-layout":"default","ast-global-header-display":"","ast-main-header-display":"","ast-hfb-above-header-display":"","ast-hfb-below-header-display":"","ast-hfb-mobile-header-display":"","site-post-title":"","ast-breadcrumbs-content":"","ast-featured-img":"","footer-sml-layout":"","theme-transparent-header-meta":"","adv-header-id-meta":"","stick-header-meta":"","header-above-stick-meta":"","header-main-stick-meta":"","header-below-stick-meta":""},"pwb-brand":[283],"product_cat":[99],"product_tag":[],"class_list":{"0":"post-23759","1":"product","2":"type-product","3":"status-publish","5":"pwb-brand-dakatec","6":"product_cat-paisuntasailion-korkki","7":"desktop-align-left","8":"tablet-align-left","9":"mobile-align-left","11":"first","12":"instock","13":"product-type-external"},"brands":[{"id":283,"name":"DAKAtec","slug":"dakatec"}],"_links":{"self":[{"href":"https:\/\/www.autonvaraosahaku.fi\/index.php?rest_route=\/wp\/v2\/product\/23759","targetHints":{"allow":["GET"]}}],"collection":[{"href":"https:\/\/www.autonvaraosahaku.fi\/index.php?rest_route=\/wp\/v2\/product"}],"about":[{"href":"https:\/\/www.autonvaraosahaku.fi\/index.php?rest_route=\/wp\/v2\/types\/product"}],"wp:attachment":[{"href":"https:\/\/www.autonvaraosahaku.fi\/index.php?rest_route=%2Fwp%2Fv2%2Fmedia&parent=23759"}],"wp:term":[{"taxonomy":"pwb-brand","embeddable":true,"href":"https:\/\/www.autonvaraosahaku.fi\/index.php?rest_route=%2Fwp%2Fv2%2Fpwb-brand&post=23759"},{"taxonomy":"product_cat","embeddable":true,"href":"https:\/\/www.autonvaraosahaku.fi\/index.php?rest_route=%2Fwp%2Fv2%2Fproduct_cat&post=23759"},{"taxonomy":"product_tag","embeddable":true,"href":"https:\/\/www.autonvaraosahaku.fi\/index.php?rest_route=%2Fwp%2Fv2%2Fproduct_tag&post=23759"}],"curies":[{"name":"wp","href":"https:\/\/api.w.org\/{rel}","templated":true}]}}