{"id":23804,"date":"2021-02-21T14:51:53","date_gmt":"2021-02-21T14:51:53","guid":{"rendered":"https:\/\/www.autonvaraosahaku.fi\/?product=topran-623-110-anturit-sensorit"},"modified":"2021-02-21T14:51:54","modified_gmt":"2021-02-21T14:51:54","slug":"topran-623-110-anturit-sensorit","status":"publish","type":"product","link":"https:\/\/www.autonvaraosahaku.fi\/?product=topran-623-110-anturit-sensorit","title":{"rendered":"TOPRAN 623 110 Anturit (sensorit)"},"content":{"rendered":"<p>Varusteet: ajoneuvoille ajovalons\u00e4\u00e4d\u00f6ll\u00e4 (automaattisella); Kotelomateriaali: Polyamidi 6.6, Lasikuitu-muovi; Kopan v\u00e4ri: Musta; Napojen m\u00e4\u00e4r\u00e4: 4; Pistokkeen kotelon muoto: D-muoto; Tunnistinmalli: Vipuanturi; Lis\u00e4tarvike\/lis\u00e4tieto: Pidikkeell\u00e4; Korvaava tuote\/korvaava tiedote 2: Kuulatapilla; Asennuspuoli: Taka-akseli; Alustarakenne: f\u00fcr Fahrzeuge ohne elektr. D\u00e4mpferregulierung; VW: GOLF V 1K1,GOLF VI 5K1,PASSAT Variant 3C5,PASSAT 3C2,TIGUAN 5N_,PASSAT Variant 365,GOLF VI Variant AJ5,GOLF V Variant 1K5,PASSAT CC 357,PASSAT 362,CC 358; AUDI: A3 8P1,A3 Sportback 8PA,TT 8J3,Q3 8U,TT Roadster 8J9; SKODA: OCTAVIA Combi 1Z5; SEAT: ALTEA XL 5P5, 5P8; 1K0941273C, 1K0941273F, 1K0941273M, 1K0941273C, 1K0941273F, 1K0941273M, 1K0941273C, 1K0941273F, 1K0941273M, 1K0941273C, 1K0941273F, 1K0941273M<\/p>\n","protected":false},"excerpt":{"rendered":"<p>TOPRAN Sensori, Xenonvalo (Ajovalokorkeuden S\u00e4\u00e4t\u00f6) 623 110  VW,AUDI,SKODA,GOLF V 1K1,GOLF VI 5K1,PASSAT Variant 3C5,PASSAT 3C2,TIGUAN 5N_<\/p>\n","protected":false},"featured_media":0,"template":"","meta":{"site-sidebar-layout":"default","site-content-layout":"default","ast-global-header-display":"","ast-main-header-display":"","ast-hfb-above-header-display":"","ast-hfb-below-header-display":"","ast-hfb-mobile-header-display":"","site-post-title":"","ast-breadcrumbs-content":"","ast-featured-img":"","footer-sml-layout":"","theme-transparent-header-meta":"","adv-header-id-meta":"","stick-header-meta":"","header-above-stick-meta":"","header-main-stick-meta":"","header-below-stick-meta":""},"pwb-brand":[18],"product_cat":[98],"product_tag":[],"class_list":{"0":"post-23804","1":"product","2":"type-product","3":"status-publish","5":"pwb-brand-topran","6":"product_cat-anturit-sensorit","7":"desktop-align-left","8":"tablet-align-left","9":"mobile-align-left","11":"first","12":"instock","13":"product-type-external"},"brands":[{"id":18,"name":"TOPRAN","slug":"topran"}],"_links":{"self":[{"href":"https:\/\/www.autonvaraosahaku.fi\/index.php?rest_route=\/wp\/v2\/product\/23804","targetHints":{"allow":["GET"]}}],"collection":[{"href":"https:\/\/www.autonvaraosahaku.fi\/index.php?rest_route=\/wp\/v2\/product"}],"about":[{"href":"https:\/\/www.autonvaraosahaku.fi\/index.php?rest_route=\/wp\/v2\/types\/product"}],"wp:attachment":[{"href":"https:\/\/www.autonvaraosahaku.fi\/index.php?rest_route=%2Fwp%2Fv2%2Fmedia&parent=23804"}],"wp:term":[{"taxonomy":"pwb-brand","embeddable":true,"href":"https:\/\/www.autonvaraosahaku.fi\/index.php?rest_route=%2Fwp%2Fv2%2Fpwb-brand&post=23804"},{"taxonomy":"product_cat","embeddable":true,"href":"https:\/\/www.autonvaraosahaku.fi\/index.php?rest_route=%2Fwp%2Fv2%2Fproduct_cat&post=23804"},{"taxonomy":"product_tag","embeddable":true,"href":"https:\/\/www.autonvaraosahaku.fi\/index.php?rest_route=%2Fwp%2Fv2%2Fproduct_tag&post=23804"}],"curies":[{"name":"wp","href":"https:\/\/api.w.org\/{rel}","templated":true}]}}