{"id":23805,"date":"2021-02-21T14:51:53","date_gmt":"2021-02-21T14:51:53","guid":{"rendered":"https:\/\/www.autonvaraosahaku.fi\/?product=maxgear-27-0567-jarrusatula-korjaussarja"},"modified":"2021-02-21T14:51:54","modified_gmt":"2021-02-21T14:51:54","slug":"maxgear-27-0567-jarrusatula-korjaussarja","status":"publish","type":"product","link":"https:\/\/www.autonvaraosahaku.fi\/?product=maxgear-27-0567-jarrusatula-korjaussarja","title":{"rendered":"MAXGEAR 27-0567 Jarrusatula korjaussarja"},"content":{"rendered":"<p>Asennuspuoli: Taka-akseli; L\u00e4pimitta [mm]: 38; Jarruj\u00e4rjestelm\u00e4: LUCAS\/TRW; VW: PASSAT Variant 3C5,PASSAT 3C2,PASSAT CC 357; JEEP: RENEGADE Gel\u00e4ndewagen geschlossen BU; VOLVO: V70 II SW,XC60,V70 III BW,V60,XC70 II,S80 II AS,S60 II; MERCEDES-BENZ: A-CLASS W176,CLA Coupe C117,CLA Shooting Brake X117; LANCIA: THESIS 841AX; FORD: S-MAX WA6,GALAXY WA6; FIAT: 500X; RENAULT: SC\u00c9NIC III JZ0\/1_,GRAND SC\u00c9NIC III JZ0\/1_,ESPACE V; A0004233581; Korjaussarja, Jarrusatula<\/p>\n","protected":false},"excerpt":{"rendered":"<p>MAXGEAR Jarrusatula Korjaussarja 27-0567 Korjaussarja, Jarrusatula VW,JEEP,VOLVO,PASSAT Variant 3C5,PASSAT 3C2,PASSAT CC 357<\/p>\n","protected":false},"featured_media":0,"template":"","meta":{"site-sidebar-layout":"default","site-content-layout":"default","ast-global-header-display":"","ast-main-header-display":"","ast-hfb-above-header-display":"","ast-hfb-below-header-display":"","ast-hfb-mobile-header-display":"","site-post-title":"","ast-breadcrumbs-content":"","ast-featured-img":"","footer-sml-layout":"","theme-transparent-header-meta":"","adv-header-id-meta":"","stick-header-meta":"","header-above-stick-meta":"","header-main-stick-meta":"","header-below-stick-meta":""},"pwb-brand":[48],"product_cat":[57],"product_tag":[],"class_list":{"0":"post-23805","1":"product","2":"type-product","3":"status-publish","5":"pwb-brand-maxgear","6":"product_cat-jarrusatula-korjaussarja","7":"desktop-align-left","8":"tablet-align-left","9":"mobile-align-left","11":"first","12":"instock","13":"product-type-external"},"brands":[{"id":48,"name":"MAXGEAR","slug":"maxgear"}],"_links":{"self":[{"href":"https:\/\/www.autonvaraosahaku.fi\/index.php?rest_route=\/wp\/v2\/product\/23805","targetHints":{"allow":["GET"]}}],"collection":[{"href":"https:\/\/www.autonvaraosahaku.fi\/index.php?rest_route=\/wp\/v2\/product"}],"about":[{"href":"https:\/\/www.autonvaraosahaku.fi\/index.php?rest_route=\/wp\/v2\/types\/product"}],"wp:attachment":[{"href":"https:\/\/www.autonvaraosahaku.fi\/index.php?rest_route=%2Fwp%2Fv2%2Fmedia&parent=23805"}],"wp:term":[{"taxonomy":"pwb-brand","embeddable":true,"href":"https:\/\/www.autonvaraosahaku.fi\/index.php?rest_route=%2Fwp%2Fv2%2Fpwb-brand&post=23805"},{"taxonomy":"product_cat","embeddable":true,"href":"https:\/\/www.autonvaraosahaku.fi\/index.php?rest_route=%2Fwp%2Fv2%2Fproduct_cat&post=23805"},{"taxonomy":"product_tag","embeddable":true,"href":"https:\/\/www.autonvaraosahaku.fi\/index.php?rest_route=%2Fwp%2Fv2%2Fproduct_tag&post=23805"}],"curies":[{"name":"wp","href":"https:\/\/api.w.org\/{rel}","templated":true}]}}