{"id":23814,"date":"2021-02-21T14:51:53","date_gmt":"2021-02-21T14:51:53","guid":{"rendered":"https:\/\/www.autonvaraosahaku.fi\/?product=petec-73310-muut-luokat"},"modified":"2021-02-21T14:51:55","modified_gmt":"2021-02-21T14:51:55","slug":"petec-73310-muut-luokat","status":"publish","type":"product","link":"https:\/\/www.autonvaraosahaku.fi\/?product=petec-73310-muut-luokat","title":{"rendered":"PETEC 73310 Muut luokat"},"content":{"rendered":"<p>Pakkaustyyppi: Rasia; M\u00e4\u00e4r\u00e4yksikk\u00f6: Millilitra; Sis\u00e4lt\u00f6 [ml]: 1000; V\u00e4ri: Harmaa; Kemialliset ominaisuudet: Pitk\u00e4kestoinen suoja, Maalattava, Elastinen; Huomioi tekniset tiedot: ; Huomioi asennusoohje:<\/p>\n","protected":false},"excerpt":{"rendered":"<p>PETEC Alustan Suojaus STEINSCHLAG- &#038; UNTERBODENSCHUTZ, \u00dcBERLACKEIRBAR, GRAU 73310<\/p>\n","protected":false},"featured_media":0,"template":"","meta":{"site-sidebar-layout":"default","site-content-layout":"default","ast-global-header-display":"","ast-main-header-display":"","ast-hfb-above-header-display":"","ast-hfb-below-header-display":"","ast-hfb-mobile-header-display":"","site-post-title":"","ast-breadcrumbs-content":"","ast-featured-img":"","footer-sml-layout":"","theme-transparent-header-meta":"","adv-header-id-meta":"","stick-header-meta":"","header-above-stick-meta":"","header-main-stick-meta":"","header-below-stick-meta":""},"pwb-brand":[391],"product_cat":[37],"product_tag":[],"class_list":{"0":"post-23814","1":"product","2":"type-product","3":"status-publish","5":"pwb-brand-petec","6":"product_cat-muut-luokat","7":"desktop-align-left","8":"tablet-align-left","9":"mobile-align-left","11":"first","12":"instock","13":"product-type-external"},"brands":[{"id":391,"name":"PETEC","slug":"petec"}],"_links":{"self":[{"href":"https:\/\/www.autonvaraosahaku.fi\/index.php?rest_route=\/wp\/v2\/product\/23814","targetHints":{"allow":["GET"]}}],"collection":[{"href":"https:\/\/www.autonvaraosahaku.fi\/index.php?rest_route=\/wp\/v2\/product"}],"about":[{"href":"https:\/\/www.autonvaraosahaku.fi\/index.php?rest_route=\/wp\/v2\/types\/product"}],"wp:attachment":[{"href":"https:\/\/www.autonvaraosahaku.fi\/index.php?rest_route=%2Fwp%2Fv2%2Fmedia&parent=23814"}],"wp:term":[{"taxonomy":"pwb-brand","embeddable":true,"href":"https:\/\/www.autonvaraosahaku.fi\/index.php?rest_route=%2Fwp%2Fv2%2Fpwb-brand&post=23814"},{"taxonomy":"product_cat","embeddable":true,"href":"https:\/\/www.autonvaraosahaku.fi\/index.php?rest_route=%2Fwp%2Fv2%2Fproduct_cat&post=23814"},{"taxonomy":"product_tag","embeddable":true,"href":"https:\/\/www.autonvaraosahaku.fi\/index.php?rest_route=%2Fwp%2Fv2%2Fproduct_tag&post=23814"}],"curies":[{"name":"wp","href":"https:\/\/api.w.org\/{rel}","templated":true}]}}