{"id":23830,"date":"2021-02-21T14:51:57","date_gmt":"2021-02-21T14:51:57","guid":{"rendered":"https:\/\/www.autonvaraosahaku.fi\/?product=febi-bilstein-104259-jakoketju"},"modified":"2021-02-21T14:51:59","modified_gmt":"2021-02-21T14:51:59","slug":"febi-bilstein-104259-jakoketju","status":"publish","type":"product","link":"https:\/\/www.autonvaraosahaku.fi\/?product=febi-bilstein-104259-jakoketju","title":{"rendered":"FEBI BILSTEIN 104259 Jakoketju"},"content":{"rendered":"<p>Ketjurakenne: Hammasketju, Ketju koteloitu; Jakoketjun mitat: Z46-16; Ketjulenkkej\u00e4: 150; Asennuspuoli: Etup\u00e4\u00e4; Paino [kg]: 1,105; Huomioi huolto-ohjeet: , ; Valmistusvuoteen: 11\/2011; VW: GOLF VI 5K1,GOLF PLUS 5M1, 521,POLO 6R, 6C,CADDY III Kombi 2KB, 2KJ, 2CB, 2CJ,TOURAN 1T3,CADDY III Kasten 2KA, 2KH, 2CA, 2CH,GOLF VI Cabriolet 517,BEETLE 5C1,JETTA IV 162, 163; AUDI: A3 8P1,A3 Sportback 8PA,A1 8X1, 8XF,A3 Cabriolet 8P7; SKODA: OCTAVIA Combi 1Z5,FABIA,FABIA Combi,ROOMSTER 5J,YETI 5L,OCTAVIA 1Z3,ROOMSTER Praktik 5J; SEAT: LEON 1P1,IBIZA V 6J5, 6P5,ALTEA 5P1,ALTEA XL 5P5, 5P8,IBIZA V ST 6J8, 6P8,IBIZA V SPORTCOUPE 6J1, 6P1; 038103085C, 038103085CS2, 03F109158K, 03F109158KS2, 03F109469C, 03F109469CS2, 03F109507B, 03F109507BS2, 03F109509C, 03F109509CS2, 03F109571C, 03F109571CS1, 038103085C, 038103085CS2, 03F109158K, 03F109158KS2, 03F109469C, 03F109469CS2, 03F109507B, 03F109507BS2, 03F109509C, 03F109509CS2, 03F109571C, 03F109571CS1, 038103085C, 038103085CS2, 03F109158K, 03F109158KS2, 03F109469C, 03F109469CS2, 03F109507B, 03F109507BS2, 03F109509C, 03F109509CS2, 03F109571C, 03F109571CS1, 038103085C, 038103085CS2, 03F109158K, 03F109158KS2, 03F109469C, 03F109469CS2, 03F109507B, 03F109507BS2, 03F109509C, 03F109509CS2, 03F109571C, 03F109571CS1<\/p>\n","protected":false},"excerpt":{"rendered":"<p>FEBI BILSTEIN Jakoketjusarja 104259  VW,AUDI,SKODA,GOLF VI 5K1,GOLF PLUS 5M1, 521,POLO 6R, 6C,CADDY III Kombi 2KB, 2KJ, 2CB, 2CJ,TOURAN 1T3<\/p>\n","protected":false},"featured_media":0,"template":"","meta":{"site-sidebar-layout":"default","site-content-layout":"default","ast-global-header-display":"","ast-main-header-display":"","ast-hfb-above-header-display":"","ast-hfb-below-header-display":"","ast-hfb-mobile-header-display":"","site-post-title":"","ast-breadcrumbs-content":"","ast-featured-img":"","footer-sml-layout":"","theme-transparent-header-meta":"","adv-header-id-meta":"","stick-header-meta":"","header-above-stick-meta":"","header-main-stick-meta":"","header-below-stick-meta":""},"pwb-brand":[50],"product_cat":[60],"product_tag":[],"class_list":{"0":"post-23830","1":"product","2":"type-product","3":"status-publish","5":"pwb-brand-febi-bilstein","6":"product_cat-jakoketju","7":"desktop-align-left","8":"tablet-align-left","9":"mobile-align-left","11":"first","12":"instock","13":"product-type-external"},"brands":[{"id":50,"name":"FEBI BILSTEIN","slug":"febi-bilstein"}],"_links":{"self":[{"href":"https:\/\/www.autonvaraosahaku.fi\/index.php?rest_route=\/wp\/v2\/product\/23830","targetHints":{"allow":["GET"]}}],"collection":[{"href":"https:\/\/www.autonvaraosahaku.fi\/index.php?rest_route=\/wp\/v2\/product"}],"about":[{"href":"https:\/\/www.autonvaraosahaku.fi\/index.php?rest_route=\/wp\/v2\/types\/product"}],"wp:attachment":[{"href":"https:\/\/www.autonvaraosahaku.fi\/index.php?rest_route=%2Fwp%2Fv2%2Fmedia&parent=23830"}],"wp:term":[{"taxonomy":"pwb-brand","embeddable":true,"href":"https:\/\/www.autonvaraosahaku.fi\/index.php?rest_route=%2Fwp%2Fv2%2Fpwb-brand&post=23830"},{"taxonomy":"product_cat","embeddable":true,"href":"https:\/\/www.autonvaraosahaku.fi\/index.php?rest_route=%2Fwp%2Fv2%2Fproduct_cat&post=23830"},{"taxonomy":"product_tag","embeddable":true,"href":"https:\/\/www.autonvaraosahaku.fi\/index.php?rest_route=%2Fwp%2Fv2%2Fproduct_tag&post=23830"}],"curies":[{"name":"wp","href":"https:\/\/api.w.org\/{rel}","templated":true}]}}