{"id":23835,"date":"2021-02-21T14:51:57","date_gmt":"2021-02-21T14:51:57","guid":{"rendered":"https:\/\/www.autonvaraosahaku.fi\/?product=era-770171a-polttoainepumppu"},"modified":"2021-02-21T14:52:00","modified_gmt":"2021-02-21T14:52:00","slug":"era-770171a-polttoainepumppu","status":"publish","type":"product","link":"https:\/\/www.autonvaraosahaku.fi\/?product=era-770171a-polttoainepumppu","title":{"rendered":"ERA 770171A Polttoainepumppu"},"content":{"rendered":"<p>Paine (bar): 4; K\u00e4ytt\u00f6: S\u00e4hk\u00f6inen; Liittimi\u00e4: 2; Siirtom\u00e4\u00e4r\u00e4 (l\/h): 140; VW: GOLF VI 5K1,PASSAT Variant 3C5,GOLF PLUS 5M1, 521,PASSAT 3C2,TIGUAN 5N_,CADDY III Kombi 2KB, 2KJ, 2CB, 2CJ,TRANSPORTER V Bus 7HB, 7HJ, 7EB, 7EJ, 7EF,TOURAN 1T3,GOLF VI Variant AJ5,GOLF V Variant 1K5,MULTIVAN V 7HM, 7HN, 7HF, 7EF, 7EM, 7EN,CADDY III Kasten 2KA, 2KH, 2CA, 2CH,EOS 1F7, 1F8,SCIROCCO 137, 138,TRANSPORTER V Kasten 7HA, 7HH, 7EA, 7EH,PASSAT CC 357,JETTA III 1K2,GOLF VI Cabriolet 517,BEETLE 5C1,JETTA IV 162, 163,TRANSPORTER V Pritsche\/Fahrgestell 7JD, 7JE, 7JL, 7JY, 7JZ,,BEETLE Cabriolet 5C7; AUDI: A3 8P1,A3 Sportback 8PA,TT Roadster 8J9,A3 Cabriolet 8P7; SKODA: OCTAVIA Combi 1Z5,YETI 5L,SUPERB Kombi 3T5,OCTAVIA 1Z3,SUPERB 3T4; SEAT: LEON 1P1,ALTEA 5P1,ALTEA XL 5P5, 5P8,TOLEDO III 5P2; CHEVROLET: CAPTIVA C100, C140; JEEP: CHEROKEE XJ; IVECO: DAILY II Kipper; NISSAN: PATHFINDER R51,SUNNY I Traveller B11; KIA: BONGO Pritsche\/Fahrgestell; LEXUS: RX MCU15; 1K0906089A, 5N0906129B<\/p>\n","protected":false},"excerpt":{"rendered":"<p>ERA Polttoainepumppu 770171A  VW,AUDI,SKODA,GOLF VI 5K1,PASSAT Variant 3C5,GOLF PLUS 5M1, 521,PASSAT 3C2,TIGUAN 5N_,CADDY III Kombi 2KB, 2KJ, 2CB, 2CJ<\/p>\n","protected":false},"featured_media":0,"template":"","meta":{"site-sidebar-layout":"default","site-content-layout":"default","ast-global-header-display":"","ast-main-header-display":"","ast-hfb-above-header-display":"","ast-hfb-below-header-display":"","ast-hfb-mobile-header-display":"","site-post-title":"","ast-breadcrumbs-content":"","ast-featured-img":"","footer-sml-layout":"","theme-transparent-header-meta":"","adv-header-id-meta":"","stick-header-meta":"","header-above-stick-meta":"","header-main-stick-meta":"","header-below-stick-meta":""},"pwb-brand":[64],"product_cat":[73],"product_tag":[],"class_list":{"0":"post-23835","1":"product","2":"type-product","3":"status-publish","5":"pwb-brand-era","6":"product_cat-polttoainepumppu","7":"desktop-align-left","8":"tablet-align-left","9":"mobile-align-left","11":"first","12":"instock","13":"product-type-external"},"brands":[{"id":64,"name":"ERA","slug":"era"}],"_links":{"self":[{"href":"https:\/\/www.autonvaraosahaku.fi\/index.php?rest_route=\/wp\/v2\/product\/23835","targetHints":{"allow":["GET"]}}],"collection":[{"href":"https:\/\/www.autonvaraosahaku.fi\/index.php?rest_route=\/wp\/v2\/product"}],"about":[{"href":"https:\/\/www.autonvaraosahaku.fi\/index.php?rest_route=\/wp\/v2\/types\/product"}],"wp:attachment":[{"href":"https:\/\/www.autonvaraosahaku.fi\/index.php?rest_route=%2Fwp%2Fv2%2Fmedia&parent=23835"}],"wp:term":[{"taxonomy":"pwb-brand","embeddable":true,"href":"https:\/\/www.autonvaraosahaku.fi\/index.php?rest_route=%2Fwp%2Fv2%2Fpwb-brand&post=23835"},{"taxonomy":"product_cat","embeddable":true,"href":"https:\/\/www.autonvaraosahaku.fi\/index.php?rest_route=%2Fwp%2Fv2%2Fproduct_cat&post=23835"},{"taxonomy":"product_tag","embeddable":true,"href":"https:\/\/www.autonvaraosahaku.fi\/index.php?rest_route=%2Fwp%2Fv2%2Fproduct_tag&post=23835"}],"curies":[{"name":"wp","href":"https:\/\/api.w.org\/{rel}","templated":true}]}}