{"id":23837,"date":"2021-02-21T14:51:57","date_gmt":"2021-02-21T14:51:57","guid":{"rendered":"https:\/\/www.autonvaraosahaku.fi\/?product=era-770156a-polttoainepumppu"},"modified":"2021-02-21T14:52:00","modified_gmt":"2021-02-21T14:52:00","slug":"era-770156a-polttoainepumppu","status":"publish","type":"product","link":"https:\/\/www.autonvaraosahaku.fi\/?product=era-770156a-polttoainepumppu","title":{"rendered":"ERA 770156A Polttoainepumppu"},"content":{"rendered":"<p>Paine (bar): 4; K\u00e4ytt\u00f6: S\u00e4hk\u00f6inen; Liittimi\u00e4: 2; Siirtom\u00e4\u00e4r\u00e4 (l\/h): 80; AUDI: A6 4F2, C6; SKODA: OCTAVIA 1U2; VOLVO: 940 II 944; SUZUKI: WAGON R+ MM; OPEL: ZAFIRA B A05,ZAFIRA A F75_,OMEGA A 16_, 17_, 19_,AGILA A H00; LANCIA: DEDRA 835; FORD: FOCUS C-MAX; FIAT: PANDA 312; CITRO\u00cbN: CX I MA; PEUGEOT: 207 WA_, WC_,407 SW 6E_; 04700684, 09204647, 4700684, 9204647, 1510083E00<\/p>\n","protected":false},"excerpt":{"rendered":"<p>ERA Polttoainepumppu 770156A  AUDI,SKODA,VOLVO,A6 4F2, C6,OCTAVIA 1U2,940 II 944,WAGON R+ MM,ZAFIRA B A05,ZAFIRA A F75_,OMEGA A 16_, 17_, 19_<\/p>\n","protected":false},"featured_media":0,"template":"","meta":{"site-sidebar-layout":"default","site-content-layout":"default","ast-global-header-display":"","ast-main-header-display":"","ast-hfb-above-header-display":"","ast-hfb-below-header-display":"","ast-hfb-mobile-header-display":"","site-post-title":"","ast-breadcrumbs-content":"","ast-featured-img":"","footer-sml-layout":"","theme-transparent-header-meta":"","adv-header-id-meta":"","stick-header-meta":"","header-above-stick-meta":"","header-main-stick-meta":"","header-below-stick-meta":""},"pwb-brand":[64],"product_cat":[73],"product_tag":[],"class_list":{"0":"post-23837","1":"product","2":"type-product","3":"status-publish","5":"pwb-brand-era","6":"product_cat-polttoainepumppu","7":"desktop-align-left","8":"tablet-align-left","9":"mobile-align-left","11":"first","12":"instock","13":"product-type-external"},"brands":[{"id":64,"name":"ERA","slug":"era"}],"_links":{"self":[{"href":"https:\/\/www.autonvaraosahaku.fi\/index.php?rest_route=\/wp\/v2\/product\/23837","targetHints":{"allow":["GET"]}}],"collection":[{"href":"https:\/\/www.autonvaraosahaku.fi\/index.php?rest_route=\/wp\/v2\/product"}],"about":[{"href":"https:\/\/www.autonvaraosahaku.fi\/index.php?rest_route=\/wp\/v2\/types\/product"}],"wp:attachment":[{"href":"https:\/\/www.autonvaraosahaku.fi\/index.php?rest_route=%2Fwp%2Fv2%2Fmedia&parent=23837"}],"wp:term":[{"taxonomy":"pwb-brand","embeddable":true,"href":"https:\/\/www.autonvaraosahaku.fi\/index.php?rest_route=%2Fwp%2Fv2%2Fpwb-brand&post=23837"},{"taxonomy":"product_cat","embeddable":true,"href":"https:\/\/www.autonvaraosahaku.fi\/index.php?rest_route=%2Fwp%2Fv2%2Fproduct_cat&post=23837"},{"taxonomy":"product_tag","embeddable":true,"href":"https:\/\/www.autonvaraosahaku.fi\/index.php?rest_route=%2Fwp%2Fv2%2Fproduct_tag&post=23837"}],"curies":[{"name":"wp","href":"https:\/\/api.w.org\/{rel}","templated":true}]}}