{"id":23852,"date":"2021-02-21T14:52:02","date_gmt":"2021-02-21T14:52:02","guid":{"rendered":"https:\/\/www.autonvaraosahaku.fi\/?product=hella-8db-355-004-511-jarrukengat"},"modified":"2021-02-21T14:52:04","modified_gmt":"2021-02-21T14:52:04","slug":"hella-8db-355-004-511-jarrukengat","status":"publish","type":"product","link":"https:\/\/www.autonvaraosahaku.fi\/?product=hella-8db-355-004-511-jarrukengat","title":{"rendered":"HELLA 8DB 355 004-511 Jarrukeng\u00e4t"},"content":{"rendered":"<p>L\u00e4pimitta [mm]: 180; Leveys (mm): 32; Lis\u00e4tarvike\/lis\u00e4tieto: Py\u00f6r\u00e4n jarrun sylinterill\u00e4, S\u00e4\u00e4t\u00f6elementill\u00e4; Reik\u00e4-\u00d8 [mm]: 19,05; Asennusmalli: Esiasennettu; Paino [kg]: 1,88; Jarruj\u00e4rjestelm\u00e4: Bosch; Teknisten tietojen numero: R0880; Tuotelinja: Shoe Kit Pro; Asennuspuoli: Hinterachse; PEUGEOT: 206 Schr\u00e4gheck 2A\/C,206+ T3E,206 Stufenheck,206 Van; 42418J, 4241K5, 4241N1, 424209<\/p>\n","protected":false},"excerpt":{"rendered":"<p>HELLA Jarrukenk\u00e4sarja, Rumpujarru 8DB 355 004-511  PEUGEOT,206 Schr\u00e4gheck 2A\/C,206+ T3E,206 Stufenheck,206 Van<\/p>\n","protected":false},"featured_media":0,"template":"","meta":{"site-sidebar-layout":"default","site-content-layout":"default","ast-global-header-display":"","ast-main-header-display":"","ast-hfb-above-header-display":"","ast-hfb-below-header-display":"","ast-hfb-mobile-header-display":"","site-post-title":"","ast-breadcrumbs-content":"","ast-featured-img":"","footer-sml-layout":"","theme-transparent-header-meta":"","adv-header-id-meta":"","stick-header-meta":"","header-above-stick-meta":"","header-main-stick-meta":"","header-below-stick-meta":""},"pwb-brand":[24],"product_cat":[176],"product_tag":[],"class_list":{"0":"post-23852","1":"product","2":"type-product","3":"status-publish","5":"pwb-brand-hella","6":"product_cat-jarrukengat","7":"desktop-align-left","8":"tablet-align-left","9":"mobile-align-left","11":"first","12":"instock","13":"product-type-external"},"brands":[{"id":24,"name":"HELLA","slug":"hella"}],"_links":{"self":[{"href":"https:\/\/www.autonvaraosahaku.fi\/index.php?rest_route=\/wp\/v2\/product\/23852","targetHints":{"allow":["GET"]}}],"collection":[{"href":"https:\/\/www.autonvaraosahaku.fi\/index.php?rest_route=\/wp\/v2\/product"}],"about":[{"href":"https:\/\/www.autonvaraosahaku.fi\/index.php?rest_route=\/wp\/v2\/types\/product"}],"wp:attachment":[{"href":"https:\/\/www.autonvaraosahaku.fi\/index.php?rest_route=%2Fwp%2Fv2%2Fmedia&parent=23852"}],"wp:term":[{"taxonomy":"pwb-brand","embeddable":true,"href":"https:\/\/www.autonvaraosahaku.fi\/index.php?rest_route=%2Fwp%2Fv2%2Fpwb-brand&post=23852"},{"taxonomy":"product_cat","embeddable":true,"href":"https:\/\/www.autonvaraosahaku.fi\/index.php?rest_route=%2Fwp%2Fv2%2Fproduct_cat&post=23852"},{"taxonomy":"product_tag","embeddable":true,"href":"https:\/\/www.autonvaraosahaku.fi\/index.php?rest_route=%2Fwp%2Fv2%2Fproduct_tag&post=23852"}],"curies":[{"name":"wp","href":"https:\/\/api.w.org\/{rel}","templated":true}]}}