{"id":23870,"date":"2021-02-21T14:52:06","date_gmt":"2021-02-21T14:52:06","guid":{"rendered":"https:\/\/www.autonvaraosahaku.fi\/?product=master-sport-920-8-of-pcs-ms-oljynsuodatin"},"modified":"2021-02-21T14:52:08","modified_gmt":"2021-02-21T14:52:08","slug":"master-sport-920-8-of-pcs-ms-oljynsuodatin","status":"publish","type":"product","link":"https:\/\/www.autonvaraosahaku.fi\/?product=master-sport-920-8-of-pcs-ms-oljynsuodatin","title":{"rendered":"MASTER-SPORT 920\/8-OF-PCS-MS \u00d6ljynsuodatin"},"content":{"rendered":"<p>Ulkol\u00e4pimitta [mm]: 93; Korvaava tuote\/korvaava tiedote 2: yhdell\u00e4 peruutuksenestoventtiilill\u00e4; Avauspaine ohitusventtiili [bar]: 2,5; Ulkol\u00e4pimitta 2 [mm]: 71; Korkeus (mm): 102; Sis\u00e4l\u00e4pimitta 2 [mm]: 62; Kierremitta: 3\/4-16 UNF; Nettopaino [kg]: 0,43; Bruttopaino [kg]: 0,43; VW: LUPO 6X1, 6E1,POLO 6N2,POLO 6N1,POLO Variant 6KV5,POLO CLASSIC 6KV2,CADDY II Pick-up 9U7; SKODA: FELICIA I 6U1,FELICIA II 6U1,FELICIA I Fun 797,FELICIA I Kombi 6U5,FELICIA II Kombi 6U5; SEAT: AROSA 6H; 030115561C<\/p>\n","protected":false},"excerpt":{"rendered":"<p>MASTER-SPORT \u00d6ljynsuodatin 920\/8-OF-PCS-MS  VW,SKODA,SEAT,LUPO 6X1, 6E1,POLO 6N2,POLO 6N1,POLO Variant 6KV5,POLO CLASSIC 6KV2,CADDY II Pick-up 9U7<\/p>\n","protected":false},"featured_media":0,"template":"","meta":{"site-sidebar-layout":"default","site-content-layout":"default","ast-global-header-display":"","ast-main-header-display":"","ast-hfb-above-header-display":"","ast-hfb-below-header-display":"","ast-hfb-mobile-header-display":"","site-post-title":"","ast-breadcrumbs-content":"","ast-featured-img":"","footer-sml-layout":"","theme-transparent-header-meta":"","adv-header-id-meta":"","stick-header-meta":"","header-above-stick-meta":"","header-main-stick-meta":"","header-below-stick-meta":""},"pwb-brand":[61],"product_cat":[30],"product_tag":[],"class_list":{"0":"post-23870","1":"product","2":"type-product","3":"status-publish","5":"pwb-brand-master-sport","6":"product_cat-oljynsuodatin","7":"desktop-align-left","8":"tablet-align-left","9":"mobile-align-left","11":"first","12":"instock","13":"product-type-external"},"brands":[{"id":61,"name":"MASTER-SPORT","slug":"master-sport"}],"_links":{"self":[{"href":"https:\/\/www.autonvaraosahaku.fi\/index.php?rest_route=\/wp\/v2\/product\/23870","targetHints":{"allow":["GET"]}}],"collection":[{"href":"https:\/\/www.autonvaraosahaku.fi\/index.php?rest_route=\/wp\/v2\/product"}],"about":[{"href":"https:\/\/www.autonvaraosahaku.fi\/index.php?rest_route=\/wp\/v2\/types\/product"}],"wp:attachment":[{"href":"https:\/\/www.autonvaraosahaku.fi\/index.php?rest_route=%2Fwp%2Fv2%2Fmedia&parent=23870"}],"wp:term":[{"taxonomy":"pwb-brand","embeddable":true,"href":"https:\/\/www.autonvaraosahaku.fi\/index.php?rest_route=%2Fwp%2Fv2%2Fpwb-brand&post=23870"},{"taxonomy":"product_cat","embeddable":true,"href":"https:\/\/www.autonvaraosahaku.fi\/index.php?rest_route=%2Fwp%2Fv2%2Fproduct_cat&post=23870"},{"taxonomy":"product_tag","embeddable":true,"href":"https:\/\/www.autonvaraosahaku.fi\/index.php?rest_route=%2Fwp%2Fv2%2Fproduct_tag&post=23870"}],"curies":[{"name":"wp","href":"https:\/\/api.w.org\/{rel}","templated":true}]}}