{"id":23892,"date":"2021-02-21T14:52:10","date_gmt":"2021-02-21T14:52:10","guid":{"rendered":"https:\/\/www.autonvaraosahaku.fi\/?product=dolz-kd073-vesipumppu-jakohihnasarja"},"modified":"2021-02-21T14:52:12","modified_gmt":"2021-02-21T14:52:12","slug":"dolz-kd073-vesipumppu-jakohihnasarja","status":"publish","type":"product","link":"https:\/\/www.autonvaraosahaku.fi\/?product=dolz-kd073-vesipumppu-jakohihnasarja","title":{"rendered":"DOLZ KD073 Vesipumppu + jakohihnasarja"},"content":{"rendered":"<p>Hammasluku: 132; Leveys (mm): 27,0; Hihnojen m\u00e4\u00e4r\u00e4: 1; Paino [kg]: 2,09; tuotenumerolle: R236; Valmistusvuoteen: 08\/2015; RENAULT: CLIO III BR0\/1, CR0\/1,SC\u00c9NIC II JM0\/1_,MEGANE III Grandtour KZ0\/1,MODUS \/ GRAND MODUS F\/JP0_,LAGUNA II Grandtour KG0\/1_,MEGANE II Kombi KM0\/1_,MEGANE II Coup\u00e9-Cabriolet EM0\/1_,SC\u00c9NIC III JZ0\/1_,LAGUNA III Grandtour KT0\/1,MEGANE III Schr\u00e4gheck BZ0_,LAGUNA II BG0\/1_,MEGANE II BM0\/1_, CM0\/1_,GRAND SC\u00c9NIC III JZ0\/1_,MEGANE III Coupe DZ0\/1_,CLIO Grandtour KR0\/1_,GRAND SC\u00c9NIC II JM0\/1_,LAGUNA III BT0\/1,MEGANE II Stufenheck LM0\/1_,MEGANE CC EZ0\/1_,FLUENCE L30_<\/p>\n","protected":false},"excerpt":{"rendered":"<p>DOLZ Vesipumppu + Jakohihnasarja KD073  RENAULT,CLIO III BR0\/1, CR0\/1,SC\u00c9NIC II JM0\/1_,MEGANE III Grandtour KZ0\/1,MODUS \/ GRAND MODUS F\/JP0_<\/p>\n","protected":false},"featured_media":0,"template":"","meta":{"site-sidebar-layout":"default","site-content-layout":"default","ast-global-header-display":"","ast-main-header-display":"","ast-hfb-above-header-display":"","ast-hfb-below-header-display":"","ast-hfb-mobile-header-display":"","site-post-title":"","ast-breadcrumbs-content":"","ast-featured-img":"","footer-sml-layout":"","theme-transparent-header-meta":"","adv-header-id-meta":"","stick-header-meta":"","header-above-stick-meta":"","header-main-stick-meta":"","header-below-stick-meta":""},"pwb-brand":[265],"product_cat":[321],"product_tag":[],"class_list":{"0":"post-23892","1":"product","2":"type-product","3":"status-publish","5":"pwb-brand-dolz","6":"product_cat-vesipumppu-jakohihnasarja","7":"desktop-align-left","8":"tablet-align-left","9":"mobile-align-left","11":"first","12":"instock","13":"product-type-external"},"brands":[{"id":265,"name":"DOLZ","slug":"dolz"}],"_links":{"self":[{"href":"https:\/\/www.autonvaraosahaku.fi\/index.php?rest_route=\/wp\/v2\/product\/23892","targetHints":{"allow":["GET"]}}],"collection":[{"href":"https:\/\/www.autonvaraosahaku.fi\/index.php?rest_route=\/wp\/v2\/product"}],"about":[{"href":"https:\/\/www.autonvaraosahaku.fi\/index.php?rest_route=\/wp\/v2\/types\/product"}],"wp:attachment":[{"href":"https:\/\/www.autonvaraosahaku.fi\/index.php?rest_route=%2Fwp%2Fv2%2Fmedia&parent=23892"}],"wp:term":[{"taxonomy":"pwb-brand","embeddable":true,"href":"https:\/\/www.autonvaraosahaku.fi\/index.php?rest_route=%2Fwp%2Fv2%2Fpwb-brand&post=23892"},{"taxonomy":"product_cat","embeddable":true,"href":"https:\/\/www.autonvaraosahaku.fi\/index.php?rest_route=%2Fwp%2Fv2%2Fproduct_cat&post=23892"},{"taxonomy":"product_tag","embeddable":true,"href":"https:\/\/www.autonvaraosahaku.fi\/index.php?rest_route=%2Fwp%2Fv2%2Fproduct_tag&post=23892"}],"curies":[{"name":"wp","href":"https:\/\/api.w.org\/{rel}","templated":true}]}}