{"id":23919,"date":"2021-02-21T14:52:19","date_gmt":"2021-02-21T14:52:19","guid":{"rendered":"https:\/\/www.autonvaraosahaku.fi\/?product=monroe-l24879-tukivarren-hela"},"modified":"2021-02-21T14:52:19","modified_gmt":"2021-02-21T14:52:19","slug":"monroe-l24879-tukivarren-hela","status":"publish","type":"product","link":"https:\/\/www.autonvaraosahaku.fi\/?product=monroe-l24879-tukivarren-hela","title":{"rendered":"MONROE L24879 Tukivarren hela"},"content":{"rendered":"<p>Paino [kg]: 0,162; Tarvittava kappalem\u00e4\u00e4r\u00e4: 4; Ohjausmalli: Poikittaistukivarsi; Kiinnitysmalli: Kumilaakeri; Pakkauspituus [cm]: 14,5; Pakkausleveys [cm]: 9,5; Pakkauskorkeus [mm]: 5; Valmistusvuoteen: 01\/2000; DAEWOO: MATIZ KLYA,MATIZ Kasten KLA4; SUZUKI: WAGON R+ MM,IGNIS II,WAGON R+ EM,WAGON R; OPEL: AGILA A H00; VAUXHALL: AGILA Mk I A; 4705409, 9205432, 9209350, 9209466, 42451M76G00, 9209466<\/p>\n","protected":false},"excerpt":{"rendered":"<p>MONROE Tukivarren Hela L24879  DAEWOO,SUZUKI,OPEL,MATIZ KLYA,MATIZ Kasten KLA4,WAGON R+ MM,IGNIS II,WAGON R+ EM,WAGON R,AGILA A H00,AGILA Mk I A<\/p>\n","protected":false},"featured_media":0,"template":"","meta":{"site-sidebar-layout":"default","site-content-layout":"default","ast-global-header-display":"","ast-main-header-display":"","ast-hfb-above-header-display":"","ast-hfb-below-header-display":"","ast-hfb-mobile-header-display":"","site-post-title":"","ast-breadcrumbs-content":"","ast-featured-img":"","footer-sml-layout":"","theme-transparent-header-meta":"","adv-header-id-meta":"","stick-header-meta":"","header-above-stick-meta":"","header-main-stick-meta":"","header-below-stick-meta":""},"pwb-brand":[79],"product_cat":[115],"product_tag":[],"class_list":{"0":"post-23919","1":"product","2":"type-product","3":"status-publish","5":"pwb-brand-monroe","6":"product_cat-tukivarren-hela","7":"desktop-align-left","8":"tablet-align-left","9":"mobile-align-left","11":"first","12":"instock","13":"product-type-external"},"brands":[{"id":79,"name":"MONROE","slug":"monroe"}],"_links":{"self":[{"href":"https:\/\/www.autonvaraosahaku.fi\/index.php?rest_route=\/wp\/v2\/product\/23919","targetHints":{"allow":["GET"]}}],"collection":[{"href":"https:\/\/www.autonvaraosahaku.fi\/index.php?rest_route=\/wp\/v2\/product"}],"about":[{"href":"https:\/\/www.autonvaraosahaku.fi\/index.php?rest_route=\/wp\/v2\/types\/product"}],"wp:attachment":[{"href":"https:\/\/www.autonvaraosahaku.fi\/index.php?rest_route=%2Fwp%2Fv2%2Fmedia&parent=23919"}],"wp:term":[{"taxonomy":"pwb-brand","embeddable":true,"href":"https:\/\/www.autonvaraosahaku.fi\/index.php?rest_route=%2Fwp%2Fv2%2Fpwb-brand&post=23919"},{"taxonomy":"product_cat","embeddable":true,"href":"https:\/\/www.autonvaraosahaku.fi\/index.php?rest_route=%2Fwp%2Fv2%2Fproduct_cat&post=23919"},{"taxonomy":"product_tag","embeddable":true,"href":"https:\/\/www.autonvaraosahaku.fi\/index.php?rest_route=%2Fwp%2Fv2%2Fproduct_tag&post=23919"}],"curies":[{"name":"wp","href":"https:\/\/api.w.org\/{rel}","templated":true}]}}