{"id":23929,"date":"2021-02-21T14:52:19","date_gmt":"2021-02-21T14:52:19","guid":{"rendered":"https:\/\/www.autonvaraosahaku.fi\/?product=ridex-1914m0260-sivupeilin-lasi"},"modified":"2021-02-21T14:52:20","modified_gmt":"2021-02-21T14:52:20","slug":"ridex-1914m0260-sivupeilin-lasi","status":"publish","type":"product","link":"https:\/\/www.autonvaraosahaku.fi\/?product=ridex-1914m0260-sivupeilin-lasi","title":{"rendered":"RIDEX 1914M0260 Sivupeilin lasi"},"content":{"rendered":"<p>Asennuspuoli: Vasen; Ulko-\/sis\u00e4peili: Asf\u00e4\u00e4rinen, L\u00e4mmitetty; Valmistusvuosi alkaen: 10\/2005; SAAB: 9-3 YS3F,9-5 Kombi YS3E,9-3 Kombi YS3F,9-5 YS3E,9-3 Cabriolet YS3F,9-3X; 12795600, 32019078, 5512272; Peililasi, Ulkopeili<\/p>\n","protected":false},"excerpt":{"rendered":"<p>RIDEX Sivupeilin Lasi 1914M0260 Peililasi, Ulkopeili SAAB,9-3 YS3F,9-5 Kombi YS3E,9-3 Kombi YS3F,9-5 YS3E,9-3 Cabriolet YS3F,9-3X<\/p>\n","protected":false},"featured_media":0,"template":"","meta":{"site-sidebar-layout":"default","site-content-layout":"default","ast-global-header-display":"","ast-main-header-display":"","ast-hfb-above-header-display":"","ast-hfb-below-header-display":"","ast-hfb-mobile-header-display":"","site-post-title":"","ast-breadcrumbs-content":"","ast-featured-img":"","footer-sml-layout":"","theme-transparent-header-meta":"","adv-header-id-meta":"","stick-header-meta":"","header-above-stick-meta":"","header-main-stick-meta":"","header-below-stick-meta":""},"pwb-brand":[157],"product_cat":[196],"product_tag":[],"class_list":{"0":"post-23929","1":"product","2":"type-product","3":"status-publish","5":"pwb-brand-ridex","6":"product_cat-sivupeilin-lasi","7":"desktop-align-left","8":"tablet-align-left","9":"mobile-align-left","11":"first","12":"instock","13":"product-type-external"},"brands":[{"id":157,"name":"RIDEX","slug":"ridex"}],"_links":{"self":[{"href":"https:\/\/www.autonvaraosahaku.fi\/index.php?rest_route=\/wp\/v2\/product\/23929","targetHints":{"allow":["GET"]}}],"collection":[{"href":"https:\/\/www.autonvaraosahaku.fi\/index.php?rest_route=\/wp\/v2\/product"}],"about":[{"href":"https:\/\/www.autonvaraosahaku.fi\/index.php?rest_route=\/wp\/v2\/types\/product"}],"wp:attachment":[{"href":"https:\/\/www.autonvaraosahaku.fi\/index.php?rest_route=%2Fwp%2Fv2%2Fmedia&parent=23929"}],"wp:term":[{"taxonomy":"pwb-brand","embeddable":true,"href":"https:\/\/www.autonvaraosahaku.fi\/index.php?rest_route=%2Fwp%2Fv2%2Fpwb-brand&post=23929"},{"taxonomy":"product_cat","embeddable":true,"href":"https:\/\/www.autonvaraosahaku.fi\/index.php?rest_route=%2Fwp%2Fv2%2Fproduct_cat&post=23929"},{"taxonomy":"product_tag","embeddable":true,"href":"https:\/\/www.autonvaraosahaku.fi\/index.php?rest_route=%2Fwp%2Fv2%2Fproduct_tag&post=23929"}],"curies":[{"name":"wp","href":"https:\/\/api.w.org\/{rel}","templated":true}]}}