{"id":23930,"date":"2021-02-21T14:52:19","date_gmt":"2021-02-21T14:52:19","guid":{"rendered":"https:\/\/www.autonvaraosahaku.fi\/?product=et-engineteam-pm006850-manta"},"modified":"2021-02-21T14:52:20","modified_gmt":"2021-02-21T14:52:20","slug":"et-engineteam-pm006850-manta","status":"publish","type":"product","link":"https:\/\/www.autonvaraosahaku.fi\/?product=et-engineteam-pm006850-manta","title":{"rendered":"ET ENGINETEAM PM006850 M\u00e4nt\u00e4"},"content":{"rendered":"<p>Sylinterin halkaisija [mm]: 77,5; Pultinpituus [mm]: 47,8; Tappil\u00e4pimitta [mm]: 20; Puristuskorkeus [mm]: 28,45; Syvennysl\u00e4pimitta [mm]: 34,5; Pituus (mm): 50,15; Ylimitta [mm]: 0,50; Lis\u00e4tarvike\/lis\u00e4tieto: M\u00e4nn\u00e4nrenkailla; TECDOC-moottorinumero: 24936; MINI: MINI R56,MINI CLUBMAN R55,MINI Cabriolet R57,MINI Coupe R58; CITRO\u00cbN: C5 III Break TD_,C4 Picasso I UD_,C4 Grand Picasso I UA_,C4 I LC_,DS3,C5 III RD_,C4 Coupe LA_,C4 II B7,C4 Grand Picasso II,C4 Picasso II,DS4,DS5,DS3 Cabriolet; PEUGEOT: 207 WA_, WC_,207 CC WD_,207 SW WK_,308 SW,208,308 4A_, 4C_,5008,508 SW,3008,RCZ,308 CC,508,308 II,308 SW II; M\u00e4nn\u00e4t<\/p>\n","protected":false},"excerpt":{"rendered":"<p>ET ENGINETEAM M\u00e4nt\u00e4 PM006850 M\u00e4nn\u00e4t MINI,CITRO\u00cbN,PEUGEOT,MINI R56,MINI CLUBMAN R55,MINI Cabriolet R57,MINI Coupe R58,C5 III Break TD_,C4 Picasso I UD_<\/p>\n","protected":false},"featured_media":0,"template":"","meta":{"site-sidebar-layout":"default","site-content-layout":"default","ast-global-header-display":"","ast-main-header-display":"","ast-hfb-above-header-display":"","ast-hfb-below-header-display":"","ast-hfb-mobile-header-display":"","site-post-title":"","ast-breadcrumbs-content":"","ast-featured-img":"","footer-sml-layout":"","theme-transparent-header-meta":"","adv-header-id-meta":"","stick-header-meta":"","header-above-stick-meta":"","header-main-stick-meta":"","header-below-stick-meta":""},"pwb-brand":[407],"product_cat":[434],"product_tag":[],"class_list":{"0":"post-23930","1":"product","2":"type-product","3":"status-publish","5":"pwb-brand-et-engineteam","6":"product_cat-manta","7":"desktop-align-left","8":"tablet-align-left","9":"mobile-align-left","11":"first","12":"instock","13":"product-type-external"},"brands":[{"id":407,"name":"ET ENGINETEAM","slug":"et-engineteam"}],"_links":{"self":[{"href":"https:\/\/www.autonvaraosahaku.fi\/index.php?rest_route=\/wp\/v2\/product\/23930","targetHints":{"allow":["GET"]}}],"collection":[{"href":"https:\/\/www.autonvaraosahaku.fi\/index.php?rest_route=\/wp\/v2\/product"}],"about":[{"href":"https:\/\/www.autonvaraosahaku.fi\/index.php?rest_route=\/wp\/v2\/types\/product"}],"wp:attachment":[{"href":"https:\/\/www.autonvaraosahaku.fi\/index.php?rest_route=%2Fwp%2Fv2%2Fmedia&parent=23930"}],"wp:term":[{"taxonomy":"pwb-brand","embeddable":true,"href":"https:\/\/www.autonvaraosahaku.fi\/index.php?rest_route=%2Fwp%2Fv2%2Fpwb-brand&post=23930"},{"taxonomy":"product_cat","embeddable":true,"href":"https:\/\/www.autonvaraosahaku.fi\/index.php?rest_route=%2Fwp%2Fv2%2Fproduct_cat&post=23930"},{"taxonomy":"product_tag","embeddable":true,"href":"https:\/\/www.autonvaraosahaku.fi\/index.php?rest_route=%2Fwp%2Fv2%2Fproduct_tag&post=23930"}],"curies":[{"name":"wp","href":"https:\/\/api.w.org\/{rel}","templated":true}]}}