{"id":23937,"date":"2021-02-21T14:52:19","date_gmt":"2021-02-21T14:52:19","guid":{"rendered":"https:\/\/www.autonvaraosahaku.fi\/?product=vaico-v40-1564-polttoainesuodatin"},"modified":"2021-02-21T14:52:21","modified_gmt":"2021-02-21T14:52:21","slug":"vaico-v40-1564-polttoainesuodatin","status":"publish","type":"product","link":"https:\/\/www.autonvaraosahaku.fi\/?product=vaico-v40-1564-polttoainesuodatin","title":{"rendered":"VAICO V40-1564 Polttoainesuodatin"},"content":{"rendered":"<p>Ulkol\u00e4pimitta 1 [mm]: 88; Suodatintyyppi: Suodatinpanos; Sis\u00e4l\u00e4pimitta 1 [mm]: 11; Korkeus (mm): 106; Paino [kg]: 0,14; Pakkausleveys [cm]: 9; Pakkauskorkeus [mm]: 9; Pakkaussyvyys [cm]: 10,58; lis\u00e4tieto: CST99; OPEL: ASTRA K,ASTRA K Caravan; VAUXHALL: ASTRA Mk VII K Estate,ASTRA Mk VII K; 23304096, 23456595<\/p>\n","protected":false},"excerpt":{"rendered":"<p>VAICO Polttoainesuodatin V40-1564  OPEL,VAUXHALL,ASTRA K,ASTRA K Caravan,ASTRA Mk VII K Estate,ASTRA Mk VII K<\/p>\n","protected":false},"featured_media":0,"template":"","meta":{"site-sidebar-layout":"default","site-content-layout":"default","ast-global-header-display":"","ast-main-header-display":"","ast-hfb-above-header-display":"","ast-hfb-below-header-display":"","ast-hfb-mobile-header-display":"","site-post-title":"","ast-breadcrumbs-content":"","ast-featured-img":"","footer-sml-layout":"","theme-transparent-header-meta":"","adv-header-id-meta":"","stick-header-meta":"","header-above-stick-meta":"","header-main-stick-meta":"","header-below-stick-meta":""},"pwb-brand":[330],"product_cat":[29],"product_tag":[],"class_list":{"0":"post-23937","1":"product","2":"type-product","3":"status-publish","5":"pwb-brand-vaico","6":"product_cat-polttoainesuodatin","7":"desktop-align-left","8":"tablet-align-left","9":"mobile-align-left","11":"first","12":"instock","13":"product-type-external"},"brands":[{"id":330,"name":"VAICO","slug":"vaico"}],"_links":{"self":[{"href":"https:\/\/www.autonvaraosahaku.fi\/index.php?rest_route=\/wp\/v2\/product\/23937","targetHints":{"allow":["GET"]}}],"collection":[{"href":"https:\/\/www.autonvaraosahaku.fi\/index.php?rest_route=\/wp\/v2\/product"}],"about":[{"href":"https:\/\/www.autonvaraosahaku.fi\/index.php?rest_route=\/wp\/v2\/types\/product"}],"wp:attachment":[{"href":"https:\/\/www.autonvaraosahaku.fi\/index.php?rest_route=%2Fwp%2Fv2%2Fmedia&parent=23937"}],"wp:term":[{"taxonomy":"pwb-brand","embeddable":true,"href":"https:\/\/www.autonvaraosahaku.fi\/index.php?rest_route=%2Fwp%2Fv2%2Fpwb-brand&post=23937"},{"taxonomy":"product_cat","embeddable":true,"href":"https:\/\/www.autonvaraosahaku.fi\/index.php?rest_route=%2Fwp%2Fv2%2Fproduct_cat&post=23937"},{"taxonomy":"product_tag","embeddable":true,"href":"https:\/\/www.autonvaraosahaku.fi\/index.php?rest_route=%2Fwp%2Fv2%2Fproduct_tag&post=23937"}],"curies":[{"name":"wp","href":"https:\/\/api.w.org\/{rel}","templated":true}]}}